{"id":1378,"date":"2024-12-24T14:53:09","date_gmt":"2024-12-24T06:53:09","guid":{"rendered":"https:\/\/www.soonestpower.com\/?post_type=product&#038;p=1378"},"modified":"2025-09-20T16:15:19","modified_gmt":"2025-09-20T08:15:19","slug":"soonest-gs-series-hybrid-inverter-1kw-10-2kw-single-phase","status":"publish","type":"product","link":"https:\/\/www.soonestpower.com\/de\/product\/soonest-gs-series-hybrid-inverter-1kw-10-2kw-single-phase\/","title":{"rendered":"BEDEHMETSTE GS-Serie Hybrid Wechselrichter 1KW-10,2 kW Einphase"},"content":{"rendered":"<p><span style=\"font-family: 'arial black', sans-serif;\">Merkmale:<\/span><br \/>\n<span style=\"font-family: 'arial black', sans-serif;\">\u25cf reiner Sinuswellen -Solarinverter<\/span><br \/>\n<span style=\"font-family: 'arial black', sans-serif;\">\u25cf Ausgangsleistung Faktor 1.0<\/span><br \/>\n<span style=\"font-family: 'arial black', sans-serif;\">\u25cf WiFi &amp; GPRs f\u00fcr iOS und Android verf\u00fcgbar<\/span><br \/>\n<span style=\"font-family: 'arial black', sans-serif;\">\u25cf Wechselrichter ohne Akku laufen<\/span><br \/>\n<span style=\"font-family: 'arial black', sans-serif;\">\u25cf Integrierte 100A \/120A\/160A mppt Solar-Ladeger\u00e4t<\/span><br \/>\n<span style=\"font-family: 'arial black', sans-serif;\">\u25cf hoher PV -Eingangsspannungsbereich (90 ~ 450 VDC)<\/span><br \/>\n<span style=\"font-family: 'arial black', sans-serif;\">\u25cf Eingebautes Antidusk-Kit f\u00fcr eine harte Umgebung<\/span><br \/>\n<span style=\"font-family: 'arial black', sans-serif;\">\u25cf Smart -Batterie -Ladungsdesign zur Optimierung der Akkulaufzeit<\/span><\/p>\n<p><span style=\"font-family: 'arial black', sans-serif;\">Anwendungen:<\/span><br \/>\n<span style=\"font-family: 'arial black', sans-serif;\">1. **Wohndachsysteme**<\/span><br \/>\n<span style=\"font-family: 'arial black', sans-serif;\">Wandeln Sie Solar-Gleichstrom in Wechselstrom f\u00fcr H\u00e4user um, wodurch Einsparungen bei Netzverbindungen und Ger\u00e4teleistung m\u00f6glich sind.<\/span><br \/>\n<span style=\"font-family: 'arial black', sans-serif;\">2. **Gewerbliche Energiespeicherung**<\/span><br \/>\n<span style=\"font-family: 'arial black', sans-serif;\">Verwalten Sie Spitzenlasten und senken Sie Kosten in B\u00fcros\/Fabriken mit Grid-Tie-Wechselrichtern.<\/span><br \/>\n<span style=\"font-family: 'arial black', sans-serif;\">3. **Off-Grid l\u00e4ndliche Energie**<\/span><br \/>\n<span style=\"font-family: 'arial black', sans-serif;\">Lieferung von Strom in abgelegene Gebiete \u00fcber Hybrid-Wechselrichter Batteriespeicher.<\/span><br \/>\n<span style=\"font-family: 'arial black', sans-serif;\">4. **Solarwasserpumpen**<\/span><br \/>\n<span style=\"font-family: 'arial black', sans-serif;\">Antrieb landwirtschaftlicher Bew\u00e4sserungssysteme mit effizienten Solarpumpen.<\/span><br \/>\n<span style=\"font-family: 'arial black', sans-serif;\">5. **EV Ladestationen**<\/span><br \/>\n<span style=\"font-family: 'arial black', sans-serif;\">Aktivieren Sie das Solarladen von Elektrofahrzeugen mit bidirektionaler Wechselrichterkompatibilit\u00e4t.<\/span><br \/>\n<span style=\"font-family: 'arial black', sans-serif;\">6. **Telecom Tower Backup**<\/span><br \/>\n<span style=\"font-family: 'arial black', sans-serif;\">Sichern Sie den Telekommunikationsbetrieb rund um die Uhr mit Off-Grid-Wechselrichterl\u00f6sungen.<\/span><br \/>\n<span style=\"font-family: 'arial black', sans-serif;\">7. **Tragbare Solargeneratoren**<\/span><br \/>\n<span style=\"font-family: 'arial black', sans-serif;\">Stromversorgung f\u00fcr Notf\u00e4lle oder Outdoor-Aktivit\u00e4ten \u00fcber kompakte Wechselrichtersysteme.<\/span><br \/>\n<span style=\"font-family: 'arial black', sans-serif;\">8. **Marine &amp; RV Energie**<\/span><br \/>\n<span style=\"font-family: 'arial black', sans-serif;\">Erhalten Sie die Elektronik an Bord in Booten \/ RVs mit Marine-Umrichtern.<\/span><br \/>\n<span style=\"font-family: 'arial black', sans-serif;\">9. **Industrielle Mikronetze**<\/span><br \/>\n<span style=\"font-family: 'arial black', sans-serif;\">Stabilisieren Sie die Fabrikstrom mit netzbildenden Wechselrichtern durch Solareintegration.<\/span><br \/>\n<span style=\"font-family: 'arial black', sans-serif;\">10. **Schwimmende Solarparks**<\/span><br \/>\n<span style=\"font-family: 'arial black', sans-serif;\">Optimieren Sie die Landnutzung mit Wechselrichtern f\u00fcr wasserbasierte Solaranlagen.<\/span><\/p>","protected":false},"excerpt":{"rendered":"<p><span style=\"font-family: arial, helvetica, sans-serif;\">Einleitung:<\/span><br \/>\n<span style=\"font-family: arial, helvetica, sans-serif;\">Zuverl\u00e4ssiger 1kW-10,2kW String Inverter mit Dual MPPT Tracker. Erreicht 99,9% MPPT Genauigkeit und C5 Korrosionsschutz f\u00fcr K\u00fcstengebiete, IP21 wasserdichte Qualit\u00e4t, breiter PV-Eingangsbereich (200-800V) und schnelle Abschaltung Einhaltung. Optimiert f\u00fcr Solarparks auf dem Dach mit partieller Beschattungsbest\u00e4ndigkeit.<\/span><\/p>\n<p>&nbsp;<\/p>","protected":false},"featured_media":1379,"comment_status":"closed","ping_status":"closed","template":"","meta":{"_acf_changed":false},"product_brand":[],"product_cat":[15],"product_tag":[],"class_list":{"0":"post-1378","1":"product","2":"type-product","3":"status-publish","4":"has-post-thumbnail","6":"product_cat-solar-hybrid-inverter","8":"first","9":"instock","10":"shipping-taxable","11":"product-type-simple"},"acf":[],"_links":{"self":[{"href":"https:\/\/www.soonestpower.com\/de\/wp-json\/wp\/v2\/product\/1378","targetHints":{"allow":["GET"]}}],"collection":[{"href":"https:\/\/www.soonestpower.com\/de\/wp-json\/wp\/v2\/product"}],"about":[{"href":"https:\/\/www.soonestpower.com\/de\/wp-json\/wp\/v2\/types\/product"}],"replies":[{"embeddable":true,"href":"https:\/\/www.soonestpower.com\/de\/wp-json\/wp\/v2\/comments?post=1378"}],"wp:featuredmedia":[{"embeddable":true,"href":"https:\/\/www.soonestpower.com\/de\/wp-json\/wp\/v2\/media\/1379"}],"wp:attachment":[{"href":"https:\/\/www.soonestpower.com\/de\/wp-json\/wp\/v2\/media?parent=1378"}],"wp:term":[{"taxonomy":"product_brand","embeddable":true,"href":"https:\/\/www.soonestpower.com\/de\/wp-json\/wp\/v2\/product_brand?post=1378"},{"taxonomy":"product_cat","embeddable":true,"href":"https:\/\/www.soonestpower.com\/de\/wp-json\/wp\/v2\/product_cat?post=1378"},{"taxonomy":"product_tag","embeddable":true,"href":"https:\/\/www.soonestpower.com\/de\/wp-json\/wp\/v2\/product_tag?post=1378"}],"curies":[{"name":"WP","href":"https:\/\/api.w.org\/{rel}","templated":true}]}}