{"id":1384,"date":"2024-12-24T14:58:38","date_gmt":"2024-12-24T06:58:38","guid":{"rendered":"https:\/\/www.soonestpower.com\/?post_type=product&#038;p=1384"},"modified":"2025-09-20T16:18:03","modified_gmt":"2025-09-20T08:18:03","slug":"soonest-mc-series-hybrid-inverter-6-2kw-11kw-single-phase-parallel-operation","status":"publish","type":"product","link":"https:\/\/www.soonestpower.com\/de\/product\/soonest-mc-series-hybrid-inverter-6-2kw-11kw-single-phase-parallel-operation\/","title":{"rendered":"BODESTEST MC -Serie Hybrid Wechselrichter 6,2 kW 11 kW Einphase -Parallelbetrieb"},"content":{"rendered":"<p>Besonderheit:<br \/>\n\u25cf Hochfrequenz, geringes Gewicht.<br \/>\n\u25cf Ausgangsleistung Faktor: PF = 1.<br \/>\n\u25cf Unterst\u00fctzung der Lithiumbatterieaktivierung Weckstart-Funktion.<br \/>\n\u25cf Unterst\u00fctzung des parallelen Betriebs f\u00fcr die Kapazit\u00e4tserweiterung.<br \/>\n\u25cf Echtzeitanzeige der tats\u00e4chlichen Leistung.<br \/>\n\u25cf Reine Wellenausgabe, passen Sie sich mit unterschiedlicher Last an.<br \/>\n\u25cf Kurzschaltungsschutz ausgeben.<br \/>\n\u25cf Optionale Wi-Fi-Fern\u00fcberwachung.<br \/>\n\u25cf Spezifikationsanpassung.<br \/>\n\u25cf Unterst\u00fctzung parallel bis zu 9pcs von 6.2Kw oder 6pcs von 11Kw.<\/p>\n<p>&nbsp;<\/p>\n<p><img fetchpriority=\"high\" decoding=\"async\" class=\"alignnone size-medium wp-image-1386\" src=\"https:\/\/www.soonestpower.com\/wp-content\/uploads\/2024\/12\/3.1-300x199.jpg\" alt=\"\" width=\"300\" height=\"199\" srcset=\"\" sizes=\"(max-width: 300px) 100vw, 300px\" data-srcset=\"\" \/><\/p>\n<p>Anwendungen:<br \/>\n1. **Wohndachsysteme**<br \/>\nWandeln Sie Solar-Gleichstrom in Wechselstrom f\u00fcr H\u00e4user um, wodurch Einsparungen bei Netzverbindungen und Ger\u00e4teleistung m\u00f6glich sind.<br \/>\n2. **Gewerbliche Energiespeicherung**<br \/>\nVerwalten Sie Spitzenlasten und senken Sie Kosten in B\u00fcros\/Fabriken mit Grid-Tie-Wechselrichtern.<br \/>\n3. **Off-Grid l\u00e4ndliche Energie**<br \/>\nLieferung von Strom in abgelegene Gebiete \u00fcber Hybrid-Wechselrichter Batteriespeicher.<br \/>\n4. **Solarwasserpumpen**<br \/>\nAntrieb landwirtschaftlicher Bew\u00e4sserungssysteme mit effizienten Solarpumpen.<br \/>\n5. **EV Ladestationen**<br \/>\nAktivieren Sie das Solarladen von Elektrofahrzeugen mit bidirektionaler Wechselrichterkompatibilit\u00e4t.<br \/>\n6. **Telecom Tower Backup**<br \/>\nSichern Sie den Telekommunikationsbetrieb rund um die Uhr mit Off-Grid-Wechselrichterl\u00f6sungen.<br \/>\n7. **Tragbare Solargeneratoren**<br \/>\nStromversorgung f\u00fcr Notf\u00e4lle oder Outdoor-Aktivit\u00e4ten \u00fcber kompakte Wechselrichtersysteme.<br \/>\n8. **Marine &amp; RV Energie**<br \/>\nErhalten Sie die Elektronik an Bord in Booten \/ RVs mit Marine-Umrichtern.<br \/>\n9. **Industrielle Mikronetze**<br \/>\nStabilisieren Sie die Fabrikstrom mit netzbildenden Wechselrichtern durch Solareintegration.<br \/>\n10. **Schwimmende Solarparks**<br \/>\nOptimieren Sie die Landnutzung mit Wechselrichtern f\u00fcr wasserbasierte Solaranlagen.<\/p>","protected":false},"excerpt":{"rendered":"<p>9pcs von 6.2Kw oder 6pcs von 11Kw Parallelbetrieb, Industrie-Grad 55.8Kw oder 66Kw Wechselrichter f\u00fcr gro\u00dfe Solaranlagen entwickelt. Bietet 97,5% Effizienz, IP21-Schutz und dynamische Netzunterst\u00fctzung. Unterst\u00fctzt parallele Konfigurationen f\u00fcr Skalierbarkeit und enth\u00e4lt Anti-Pid-Technologie zur Verl\u00e4ngerung der Lebensdauer des Panels. Ideal f\u00fcr Fabriken oder kommerzielle D\u00e4cher.<\/p>","protected":false},"featured_media":1387,"comment_status":"closed","ping_status":"closed","template":"","meta":{"_acf_changed":false},"product_brand":[],"product_cat":[15],"product_tag":[],"class_list":{"0":"post-1384","1":"product","2":"type-product","3":"status-publish","4":"has-post-thumbnail","6":"product_cat-solar-hybrid-inverter","8":"first","9":"instock","10":"shipping-taxable","11":"product-type-simple"},"acf":[],"_links":{"self":[{"href":"https:\/\/www.soonestpower.com\/de\/wp-json\/wp\/v2\/product\/1384","targetHints":{"allow":["GET"]}}],"collection":[{"href":"https:\/\/www.soonestpower.com\/de\/wp-json\/wp\/v2\/product"}],"about":[{"href":"https:\/\/www.soonestpower.com\/de\/wp-json\/wp\/v2\/types\/product"}],"replies":[{"embeddable":true,"href":"https:\/\/www.soonestpower.com\/de\/wp-json\/wp\/v2\/comments?post=1384"}],"wp:featuredmedia":[{"embeddable":true,"href":"https:\/\/www.soonestpower.com\/de\/wp-json\/wp\/v2\/media\/1387"}],"wp:attachment":[{"href":"https:\/\/www.soonestpower.com\/de\/wp-json\/wp\/v2\/media?parent=1384"}],"wp:term":[{"taxonomy":"product_brand","embeddable":true,"href":"https:\/\/www.soonestpower.com\/de\/wp-json\/wp\/v2\/product_brand?post=1384"},{"taxonomy":"product_cat","embeddable":true,"href":"https:\/\/www.soonestpower.com\/de\/wp-json\/wp\/v2\/product_cat?post=1384"},{"taxonomy":"product_tag","embeddable":true,"href":"https:\/\/www.soonestpower.com\/de\/wp-json\/wp\/v2\/product_tag?post=1384"}],"curies":[{"name":"WP","href":"https:\/\/api.w.org\/{rel}","templated":true}]}}