{"id":1388,"date":"2024-12-24T15:02:11","date_gmt":"2024-12-24T07:02:11","guid":{"rendered":"https:\/\/www.soonestpower.com\/?post_type=product&#038;p=1388"},"modified":"2025-09-20T16:05:57","modified_gmt":"2025-09-20T08:05:57","slug":"soonest-fy-series-hybrid-inverter-1kw-10-2kw-single-phase","status":"publish","type":"product","link":"https:\/\/www.soonestpower.com\/de\/product\/soonest-fy-series-hybrid-inverter-1kw-10-2kw-single-phase\/","title":{"rendered":"BEDEHMERSTE FY-Serie Hybrid-Wechselrichter 1KW-10,2 kW Einphase"},"content":{"rendered":"<p><span style=\"font-family: 'arial black', sans-serif;\">Eigenschaften:<\/span><br \/>\n<span style=\"font-family: 'arial black', sans-serif;\">\u25cf Reiner Sinuswelle Solar-Wechselrichter (On\/Off Grid).<\/span><br \/>\n<span style=\"font-family: 'arial black', sans-serif;\">\u25cf Smart LCD-Einstellung (Arbeitsmodi, Ladestrom, Ladungsspannung usw.).<\/span><br \/>\n<span style=\"font-family: 'arial black', sans-serif;\">\u25cf Integrierter 100A\/120A\/160A MPPT Solarladungsregler.<\/span><br \/>\n<span style=\"font-family: 'arial black', sans-serif;\">\u25cf Breiter PV-Eingangsspannungsbereich bis zu 450V.<\/span><br \/>\n<span style=\"font-family: 'arial black', sans-serif;\">\u25cf Kombination von Solaranlage, Wechselstromversorgung und Batterie-Stromquelle zur kontinuierlichen Stromversorgung<\/span><br \/>\n<span style=\"font-family: 'arial black', sans-serif;\">\u25cf \u00dcberlastung, Kurzschluss und Tiefenentladungsschutz.<\/span><br \/>\n<span style=\"font-family: 'arial black', sans-serif;\">\u25cf Kaltstartfunktion.<\/span><br \/>\n<span style=\"font-family: 'arial black', sans-serif;\">\u25cf Unterst\u00fctzung RS485 \u00dcberwachungsfunktion.<\/span><br \/>\n<span style=\"font-family: 'arial black', sans-serif;\">\u25cf Intelligentes Batterieladungsdesign zur Optimierung der Batterielebensdauer.<\/span><br \/>\n<span style=\"font-family: 'arial black', sans-serif;\">\u25cf Wiederherstellung in die Werkseinstellungen mit einem Klick.<\/span><\/p>\n<p><span style=\"font-family: 'arial black', sans-serif;\">Anwendungen:<\/span><br \/>\n<span style=\"font-family: 'arial black', sans-serif;\">1. **Wohndachsysteme** <\/span><br \/>\n<span style=\"font-family: 'arial black', sans-serif;\">Wandeln Sie Solar-Gleichstrom in Wechselstrom f\u00fcr H\u00e4user um, wodurch Einsparungen bei Netzverbindungen und Ger\u00e4teleistung m\u00f6glich sind. <\/span><br \/>\n<span style=\"font-family: 'arial black', sans-serif;\">2. **Gewerbliche Energiespeicherung** <\/span><br \/>\n<span style=\"font-family: 'arial black', sans-serif;\">Verwalten Sie Spitzenlasten und senken Sie Kosten in B\u00fcros\/Fabriken mit Grid-Tie-Wechselrichtern. <\/span><br \/>\n<span style=\"font-family: 'arial black', sans-serif;\">3. **Off-Grid l\u00e4ndliche Energie** <\/span><br \/>\n<span style=\"font-family: 'arial black', sans-serif;\">Lieferung von Strom in abgelegene Gebiete \u00fcber Hybrid-Wechselrichter Batteriespeicher. <\/span><br \/>\n<span style=\"font-family: 'arial black', sans-serif;\">4. **Solarwasserpumpen** <\/span><br \/>\n<span style=\"font-family: 'arial black', sans-serif;\">Antrieb landwirtschaftlicher Bew\u00e4sserungssysteme mit effizienten Solarpumpen. <\/span><br \/>\n<span style=\"font-family: 'arial black', sans-serif;\">5. **EV Ladestationen** <\/span><br \/>\n<span style=\"font-family: 'arial black', sans-serif;\">Aktivieren Sie das Solarladen von Elektrofahrzeugen mit bidirektionaler Wechselrichterkompatibilit\u00e4t. <\/span><br \/>\n<span style=\"font-family: 'arial black', sans-serif;\">6. **Telecom Tower Backup** <\/span><br \/>\n<span style=\"font-family: 'arial black', sans-serif;\">Sichern Sie den Telekommunikationsbetrieb rund um die Uhr mit Off-Grid-Wechselrichterl\u00f6sungen. <\/span><br \/>\n<span style=\"font-family: 'arial black', sans-serif;\">7. **Tragbare Solargeneratoren** <\/span><br \/>\n<span style=\"font-family: 'arial black', sans-serif;\">Stromversorgung f\u00fcr Notf\u00e4lle oder Outdoor-Aktivit\u00e4ten \u00fcber kompakte Wechselrichtersysteme. <\/span><br \/>\n<span style=\"font-family: 'arial black', sans-serif;\">8. **Marine &amp; RV Energie** <\/span><br \/>\n<span style=\"font-family: 'arial black', sans-serif;\">Erhalten Sie die Elektronik an Bord in Booten \/ RVs mit Marine-Umrichtern. <\/span><br \/>\n<span style=\"font-family: 'arial black', sans-serif;\">9. **Industrielle Mikronetze** <\/span><br \/>\n<span style=\"font-family: 'arial black', sans-serif;\">Stabilisieren Sie die Fabrikstrom mit netzbildenden Wechselrichtern durch Solareintegration. <\/span><br \/>\n<span style=\"font-family: 'arial black', sans-serif;\">10. **Schwimmende Solarparks** <\/span><br \/>\n<span style=\"font-family: 'arial black', sans-serif;\">Optimieren Sie die Landnutzung mit Wechselrichtern f\u00fcr wasserbasierte Solaranlagen.<\/span><\/p>\n<p>&nbsp;<\/p>","protected":false},"excerpt":{"rendered":"<p><span style=\"font-family: arial, helvetica, sans-serif;\">R\u00fcckkopplung \u00fcbersch\u00fcssiger Solarenergie und Senkung der Stromkosten. 99,8% MPPT-Effizienz, 94% H\u00f6chstumwandlungsrate und erweiterter Schutz (Anti-Eis, \u00dcberspannung und Blitz\u00fcberflutung). Ideal f\u00fcr Wohn- und Gewerbeanlagen mit Netzanschl\u00fcssen. Es gew\u00e4hrleistet eine stabile Leistung bei extremen Temperaturen (-10 \u00b0C bis 50 \u00b0C) und kann \u00fcber WIFI\/GPRS fern\u00fcberwacht werden.<\/span><\/p>","protected":false},"featured_media":1392,"comment_status":"closed","ping_status":"closed","template":"","meta":{"_acf_changed":false},"product_brand":[],"product_cat":[15],"product_tag":[],"class_list":{"0":"post-1388","1":"product","2":"type-product","3":"status-publish","4":"has-post-thumbnail","6":"product_cat-solar-hybrid-inverter","8":"first","9":"instock","10":"shipping-taxable","11":"product-type-simple"},"acf":[],"_links":{"self":[{"href":"https:\/\/www.soonestpower.com\/de\/wp-json\/wp\/v2\/product\/1388","targetHints":{"allow":["GET"]}}],"collection":[{"href":"https:\/\/www.soonestpower.com\/de\/wp-json\/wp\/v2\/product"}],"about":[{"href":"https:\/\/www.soonestpower.com\/de\/wp-json\/wp\/v2\/types\/product"}],"replies":[{"embeddable":true,"href":"https:\/\/www.soonestpower.com\/de\/wp-json\/wp\/v2\/comments?post=1388"}],"wp:featuredmedia":[{"embeddable":true,"href":"https:\/\/www.soonestpower.com\/de\/wp-json\/wp\/v2\/media\/1392"}],"wp:attachment":[{"href":"https:\/\/www.soonestpower.com\/de\/wp-json\/wp\/v2\/media?parent=1388"}],"wp:term":[{"taxonomy":"product_brand","embeddable":true,"href":"https:\/\/www.soonestpower.com\/de\/wp-json\/wp\/v2\/product_brand?post=1388"},{"taxonomy":"product_cat","embeddable":true,"href":"https:\/\/www.soonestpower.com\/de\/wp-json\/wp\/v2\/product_cat?post=1388"},{"taxonomy":"product_tag","embeddable":true,"href":"https:\/\/www.soonestpower.com\/de\/wp-json\/wp\/v2\/product_tag?post=1388"}],"curies":[{"name":"WP","href":"https:\/\/api.w.org\/{rel}","templated":true}]}}