{"id":1393,"date":"2024-12-24T15:04:08","date_gmt":"2024-12-24T07:04:08","guid":{"rendered":"https:\/\/www.soonestpower.com\/?post_type=product&#038;p=1393"},"modified":"2025-09-20T16:11:09","modified_gmt":"2025-09-20T08:11:09","slug":"soonest-my-series-hybrid-inverter-1kw-10-2kw-single-phase","status":"publish","type":"product","link":"https:\/\/www.soonestpower.com\/de\/product\/soonest-my-series-hybrid-inverter-1kw-10-2kw-single-phase\/","title":{"rendered":"Baldste meine Serie Hybrid-Wechselrichter 1 kW-10,2 kW Einphase"},"content":{"rendered":"<p><span style=\"font-size: 12pt; font-family: 'arial black', sans-serif;\">Eigenschaften :<\/span><br \/>\n<span style=\"font-size: 12pt; font-family: 'arial black', sans-serif;\">\u25cf Reiner Sinuswellenwechselrichter.<\/span><br \/>\n<span style=\"font-size: 12pt; font-family: 'arial black', sans-serif;\">\u25cf  Konfigurierbarer Eingangsspannungsbereich f\u00fcr Hausger\u00e4te und PC \u00fcber LCD-Einstellung.<\/span><br \/>\n<span style=\"font-size: 12pt; font-family: 'arial black', sans-serif;\">\u25cf Konfigurierbarer Batterieladestrom basierend auf Anwendungen \u00fcber LCD-Einstellung.<\/span><br \/>\n<span style=\"font-size: 12pt; font-family: 'arial black', sans-serif;\">\u25cf Konfigurierbare AC\/Solar Charger Priorit\u00e4t \u00fcber LCD-Einstellung.<\/span><br \/>\n<span style=\"font-size: 12pt; font-family: 'arial black', sans-serif;\">\u25cf Kompatibel mit Netzspannung oder Generatorleistung.<\/span><br \/>\n<span style=\"font-size: 12pt; font-family: 'arial black', sans-serif;\">\u25cf Auto-Neustart w\u00e4hrend AC sich erholt, Kaltstartfunktion.<\/span><br \/>\n<span style=\"font-size: 12pt; font-family: 'arial black', sans-serif;\">\u25cf Batterieausgleichsfunktion zur Optimierung der Batterieleistung und zur Verl\u00e4ngerung des Lebenszyklus.<\/span><br \/>\n<span style=\"font-size: 12pt; font-family: 'arial black', sans-serif;\">\u25cf Intelligentes Batterieladeger\u00e4tedesign f\u00fcr optimierte Batterieleistung.<\/span><br \/>\n<span style=\"font-size: 12pt; font-family: 'arial black', sans-serif;\">\u25cf Verwenden Sie hochwertige Rohstoffe, um Korrosion zu verhindern und die Lebensdauer zu verl\u00e4ngern.<\/span><br \/>\n<span style=\"font-size: 12pt; font-family: 'arial black', sans-serif;\">\u25cf Jedes Produkt unterliegt einem Alterungstest f\u00fcr nicht weniger als 2 Stunden vor dem Versand.<\/span><\/p>\n<p><span style=\"font-size: 12pt; font-family: 'arial black', sans-serif;\">Anwendungen:<\/span><br \/>\n<span style=\"font-size: 12pt; font-family: 'arial black', sans-serif;\">1. **Wohndachsysteme**\u00a0<\/span><br \/>\n<span style=\"font-size: 12pt; font-family: 'arial black', sans-serif;\">Wandeln Sie Solar-Gleichstrom in Wechselstrom f\u00fcr H\u00e4user um, wodurch Einsparungen bei Netzverbindungen und Ger\u00e4teleistung m\u00f6glich sind. <\/span><br \/>\n<span style=\"font-size: 12pt; font-family: 'arial black', sans-serif;\">2. **Gewerbliche Energiespeicherung** <\/span><br \/>\n<span style=\"font-size: 12pt; font-family: 'arial black', sans-serif;\">Verwalten Sie Spitzenlasten und senken Sie Kosten in B\u00fcros\/Fabriken mit Grid-Tie-Wechselrichtern. <\/span><br \/>\n<span style=\"font-size: 12pt; font-family: 'arial black', sans-serif;\">3. **Off-Grid l\u00e4ndliche Energie** <\/span><br \/>\n<span style=\"font-size: 12pt; font-family: 'arial black', sans-serif;\">Lieferung von Strom in abgelegene Gebiete \u00fcber Hybrid-Wechselrichter Batteriespeicher. <\/span><br \/>\n<span style=\"font-size: 12pt; font-family: 'arial black', sans-serif;\">4. **Solarwasserpumpen** <\/span><br \/>\n<span style=\"font-size: 12pt; font-family: 'arial black', sans-serif;\">Antrieb landwirtschaftlicher Bew\u00e4sserungssysteme mit effizienten Solarpumpen. <\/span><br \/>\n<span style=\"font-size: 12pt; font-family: 'arial black', sans-serif;\">5. **EV Ladestationen** <\/span><br \/>\n<span style=\"font-size: 12pt; font-family: 'arial black', sans-serif;\">Aktivieren Sie das Solarladen von Elektrofahrzeugen mit bidirektionaler Wechselrichterkompatibilit\u00e4t. <\/span><br \/>\n<span style=\"font-size: 12pt; font-family: 'arial black', sans-serif;\">6. **Telecom Tower Backup** <\/span><br \/>\n<span style=\"font-size: 12pt; font-family: 'arial black', sans-serif;\">Sichern Sie den Telekommunikationsbetrieb rund um die Uhr mit Off-Grid-Wechselrichterl\u00f6sungen. <\/span><br \/>\n<span style=\"font-size: 12pt; font-family: 'arial black', sans-serif;\">7. **Tragbare Solargeneratoren** <\/span><br \/>\n<span style=\"font-size: 12pt; font-family: 'arial black', sans-serif;\">Stromversorgung f\u00fcr Notf\u00e4lle oder Outdoor-Aktivit\u00e4ten \u00fcber kompakte Wechselrichtersysteme. <\/span><br \/>\n<span style=\"font-size: 12pt; font-family: 'arial black', sans-serif;\">8. **Marine &amp; RV Energie** <\/span><br \/>\n<span style=\"font-size: 12pt; font-family: 'arial black', sans-serif;\">Erhalten Sie die Elektronik an Bord in Booten \/ RVs mit Marine-Umrichtern. <\/span><br \/>\n<span style=\"font-size: 12pt; font-family: 'arial black', sans-serif;\">9. **Industrielle Mikronetze** <\/span><br \/>\n<span style=\"font-size: 12pt; font-family: 'arial black', sans-serif;\">Stabilisieren Sie die Fabrikstrom mit netzbildenden Wechselrichtern durch Solareintegration. <\/span><br \/>\n<span style=\"font-size: 12pt; font-family: 'arial black', sans-serif;\">10. **Schwimmende Solarparks** <\/span><br \/>\n<span style=\"font-size: 12pt; font-family: 'arial black', sans-serif;\">Optimieren Sie die Landnutzung mit Wechselrichtern f\u00fcr wasserbasierte Solaranlagen.<\/span><\/p>\n<p>&nbsp;<\/p>","protected":false},"excerpt":{"rendered":"<p><span style=\"font-family: arial, helvetica, sans-serif;\">Dieser Wechselrichter ist f\u00fcr eigenst\u00e4ndige Systeme konzipiert und verwandelt Gleichstrom von Solarpanelen in reinen Sinuswellen-Wechselstrom. Mit MPPT-Solarladung (bis zu 80A), breitem PV-Eingangsbereich (30-400VDC) und intelligentem Batteriemanagement f\u00fcr optimale Effizienz in Remote- oder Backup-Stromanwendungen. Das staubfeste Design sorgt f\u00fcr Zuverl\u00e4ssigkeit in rauen Umgebungen.<\/span><\/p>","protected":false},"featured_media":1395,"comment_status":"closed","ping_status":"closed","template":"","meta":{"_acf_changed":false},"product_brand":[],"product_cat":[15],"product_tag":[],"class_list":{"0":"post-1393","1":"product","2":"type-product","3":"status-publish","4":"has-post-thumbnail","6":"product_cat-solar-hybrid-inverter","8":"first","9":"instock","10":"shipping-taxable","11":"product-type-simple"},"acf":[],"_links":{"self":[{"href":"https:\/\/www.soonestpower.com\/de\/wp-json\/wp\/v2\/product\/1393","targetHints":{"allow":["GET"]}}],"collection":[{"href":"https:\/\/www.soonestpower.com\/de\/wp-json\/wp\/v2\/product"}],"about":[{"href":"https:\/\/www.soonestpower.com\/de\/wp-json\/wp\/v2\/types\/product"}],"replies":[{"embeddable":true,"href":"https:\/\/www.soonestpower.com\/de\/wp-json\/wp\/v2\/comments?post=1393"}],"wp:featuredmedia":[{"embeddable":true,"href":"https:\/\/www.soonestpower.com\/de\/wp-json\/wp\/v2\/media\/1395"}],"wp:attachment":[{"href":"https:\/\/www.soonestpower.com\/de\/wp-json\/wp\/v2\/media?parent=1393"}],"wp:term":[{"taxonomy":"product_brand","embeddable":true,"href":"https:\/\/www.soonestpower.com\/de\/wp-json\/wp\/v2\/product_brand?post=1393"},{"taxonomy":"product_cat","embeddable":true,"href":"https:\/\/www.soonestpower.com\/de\/wp-json\/wp\/v2\/product_cat?post=1393"},{"taxonomy":"product_tag","embeddable":true,"href":"https:\/\/www.soonestpower.com\/de\/wp-json\/wp\/v2\/product_tag?post=1393"}],"curies":[{"name":"WP","href":"https:\/\/api.w.org\/{rel}","templated":true}]}}