{"id":1396,"date":"2024-12-24T15:10:28","date_gmt":"2024-12-24T07:10:28","guid":{"rendered":"https:\/\/www.soonestpower.com\/?post_type=product&#038;p=1396"},"modified":"2025-09-20T16:20:29","modified_gmt":"2025-09-20T08:20:29","slug":"gelbatterie","status":"publish","type":"product","link":"https:\/\/www.soonestpower.com\/de\/product\/gel-battery\/","title":{"rendered":"SOONEST Deep Cycle AMG \/ GEL Solarbatterie wiederaufladbar 12V 100ah 150ah 200ah 250ah Gel Batterie"},"content":{"rendered":"<p><span style=\"font-family: 'arial black', sans-serif;\">Eigenschaften: <\/span><br \/>\n<span style=\"font-family: 'arial black', sans-serif;\">\u25cf  Gelierter Elektrolyt hergestellt durch Mischen von Schwefels\u00e4ure mit Kiesels\u00e4uredampf. <\/span><br \/>\n<span style=\"font-family: 'arial black', sans-serif;\">\u25cf Der Elektrolyt ist gel\u00e4hnlich, unbeweglich und leckt nicht, was eine gleichm\u00e4\u00dfige Reaktion jedes Teils der Platte erm\u00f6glicht. <\/span><br \/>\n<span style=\"font-family: 'arial black', sans-serif;\">\u25cf Hohe Entladungsleistung durch enge Montagetechnologie.<\/span><br \/>\n<span style=\"font-family: 'arial black', sans-serif;\">\u25cf Starke W\u00e4rmeabfuhr und breiter Betriebstemperaturbereich. <\/span><br \/>\n<span style=\"font-family: 'arial black', sans-serif;\">\u25cf Vermeiden Sie, dass S\u00e4urenebel getrennt wird, Umweltfreundlichkeit.<\/span><br \/>\n<span style=\"font-family: 'arial black', sans-serif;\">\u25cf Effizientes Bel\u00fcftungssystem setzt \u00fcberm\u00e4\u00dfiges Gas automatisch frei. <\/span><\/p>\n<p><span style=\"font-family: 'arial black', sans-serif;\">Anwendungen:<\/span><br \/>\n<span style=\"font-family: 'arial black', sans-serif;\">\u25cf Solar- und Windenergiespeichersystem. <\/span><br \/>\n<span style=\"font-family: 'arial black', sans-serif;\">\u25cf EPS und UPS Batterie Backup. <\/span><br \/>\n<span style=\"font-family: 'arial black', sans-serif;\">\u25cf Signalsystem, Notbeleuchtungssystem, Sicherheitssystem. <\/span><br \/>\n<span style=\"font-family: 'arial black', sans-serif;\">\u25cf Telekommunikationsger\u00e4te. <\/span><br \/>\n<span style=\"font-family: 'arial black', sans-serif;\">\u25cf Kraftwerk und \u00dcbertragungssystem.<\/span><\/p>","protected":false},"excerpt":{"rendered":"<p><span style=\"font-family: arial, helvetica, sans-serif;\">Die SOONEST Solar Cell GEL Batterie 12V 100AH 150AH 200AH 250AH ist eine Premium-Deep-Cycle-Gel-Batterie, die f\u00fcr erneuerbare Energiesysteme, einschlie\u00dflich Solar-, Wind- und Off-Grid-Stromspeicher, entwickelt wurde. Die fortschrittliche Gelelektrolyttechnologie sorgt f\u00fcr eine au\u00dfergew\u00f6hnliche Leistung bei extremen Temperaturen und l\u00e4ngeren Entladungszyklen. Ideal f\u00fcr Wohn- und kommerzielle Energiespeicherl\u00f6sungen.<\/span><\/p>","protected":false},"featured_media":1404,"comment_status":"closed","ping_status":"closed","template":"","meta":{"_acf_changed":false},"product_brand":[],"product_cat":[78,79],"product_tag":[],"class_list":{"0":"post-1396","1":"product","2":"type-product","3":"status-publish","4":"has-post-thumbnail","6":"product_cat-battery","7":"product_cat-gel-battery","9":"first","10":"instock","11":"shipping-taxable","12":"product-type-simple"},"acf":[],"_links":{"self":[{"href":"https:\/\/www.soonestpower.com\/de\/wp-json\/wp\/v2\/product\/1396","targetHints":{"allow":["GET"]}}],"collection":[{"href":"https:\/\/www.soonestpower.com\/de\/wp-json\/wp\/v2\/product"}],"about":[{"href":"https:\/\/www.soonestpower.com\/de\/wp-json\/wp\/v2\/types\/product"}],"replies":[{"embeddable":true,"href":"https:\/\/www.soonestpower.com\/de\/wp-json\/wp\/v2\/comments?post=1396"}],"wp:featuredmedia":[{"embeddable":true,"href":"https:\/\/www.soonestpower.com\/de\/wp-json\/wp\/v2\/media\/1404"}],"wp:attachment":[{"href":"https:\/\/www.soonestpower.com\/de\/wp-json\/wp\/v2\/media?parent=1396"}],"wp:term":[{"taxonomy":"product_brand","embeddable":true,"href":"https:\/\/www.soonestpower.com\/de\/wp-json\/wp\/v2\/product_brand?post=1396"},{"taxonomy":"product_cat","embeddable":true,"href":"https:\/\/www.soonestpower.com\/de\/wp-json\/wp\/v2\/product_cat?post=1396"},{"taxonomy":"product_tag","embeddable":true,"href":"https:\/\/www.soonestpower.com\/de\/wp-json\/wp\/v2\/product_tag?post=1396"}],"curies":[{"name":"WP","href":"https:\/\/api.w.org\/{rel}","templated":true}]}}