{"id":1405,"date":"2024-12-24T15:14:32","date_gmt":"2024-12-24T07:14:32","guid":{"rendered":"https:\/\/www.soonestpower.com\/?post_type=product&#038;p=1405"},"modified":"2025-09-20T16:53:01","modified_gmt":"2025-09-20T08:53:01","slug":"lithiumbatterie","status":"publish","type":"product","link":"https:\/\/www.soonestpower.com\/de\/product\/lithium-battery\/","title":{"rendered":"SOONEST Deep Cycle Solar LiFePO4 Batterie 12.8V \/ 25.6V 100ah 150ah 200ah Lithium-Ionen-Batterie wiederaufladbar 12V \/ 24V g\u00fcnstiger Preis Lithiumbatterie mit bester Qualit\u00e4t"},"content":{"rendered":"<p><span style=\"font-family: 'arial black', sans-serif;\">Merkmale:<\/span><br \/>\n<span style=\"font-family: 'arial black', sans-serif;\">\u25cf Lithiumbatterie Eisenphosphatbatterie<\/span><br \/>\n<span style=\"font-family: 'arial black', sans-serif;\">\u25cf Hohe Lebensdauer: Verwenden Sie 100% brandneue A-Batteriezellen, Lebensdauer bis zu 6000 <\/span><br \/>\n<span style=\"font-family: 'arial black', sans-serif;\">\u25cf H\u00f6here Energiedichte, kleineres Volumen f\u00fcr den Haushalt.<\/span><br \/>\n<span style=\"font-family: 'arial black', sans-serif;\">\u25cf50%  kleinere Gr\u00f6\u00dfe f\u00fcr einfachere Installation und Platzeinsparung in Wind- oder Solaranlagen. <\/span><br \/>\n<span style=\"font-family: 'arial black', sans-serif;\">\u25cf Lange Lebensdauer: 6.000 Zyklen bei 80% Entladungstiefe (DoD).<\/span><br \/>\n<span style=\"font-family: 'arial black', sans-serif;\">\u25cf &#8220; &#8221; Speichereffekt,&#8221; &#8221; Teillade ohne Leistungsverlust erm\u00f6glichen. <\/span><br \/>\n<span style=\"font-family: 'arial black', sans-serif;\">\u25cf Stabile Spannungsausgabe auch bei niedrigen Ladungsniveaus. <\/span><br \/>\n<span style=\"font-family: 'arial black', sans-serif;\">\u25cf5- Jahresgarantie: Unterst\u00fctzt durch ein Jahrzehnt Leistungssicherung.<\/span><\/p>\n<p><span style=\"font-family: 'arial black', sans-serif;\">Anwendungen:<\/span><br \/>\n<span style=\"font-family: 'arial black', sans-serif;\">\u25cf Solar-Windkraftanlage<\/span><br \/>\n<span style=\"font-family: 'arial black', sans-serif;\">\u25cf Elektrowerkzeuge: Elektrobohrer, Spielzeug Energiespeicher<\/span><br \/>\n<span style=\"font-family: 'arial black', sans-serif;\">\u25cf City Grid (On\/Off) Backup Solarsystem und UPS<\/span><br \/>\n<span style=\"font-family: 'arial black', sans-serif;\">\u25cf Sicherheit und Elektronik, Mobile POS, Bergbau Lihgt \/ Fackel \/ LED-Licht \/ Notlicht<\/span><br \/>\n<span style=\"font-family: 'arial black', sans-serif;\">\u25cf Telcom Base, CATV-System, Computer Server Center, Medizinisches Instrument Andere Anwendungen<\/span><\/p>","protected":false},"excerpt":{"rendered":"<p><span style=\"font-family: arial, helvetica, sans-serif;\">Entworfen f\u00fcr Solarenergiesysteme ersetzt die SOONEST 12V\/24V 100AH 150AH 200AH 250AH Lithiumbatterie volumige Blei-S\u00e4ure-Batterien durch eine kompakte, hocheffiziente LiFePO4-L\u00f6sung. Perfekt f\u00fcr Off-Grid-H\u00e4user, Kabinen und Hybrid-Solar-Wechselrichter und Caravan-Nutzung. Mit seinem ultraleichten Design und hoher Startleistung liefert es effektiv Strom f\u00fcr Solarwechselrichter-Ger\u00e4te und sorgt f\u00fcr Haushaltsenergie.<\/span><\/p>","protected":false},"featured_media":1410,"comment_status":"closed","ping_status":"closed","template":"","meta":{"_acf_changed":false},"product_brand":[],"product_cat":[78,80],"product_tag":[],"class_list":{"0":"post-1405","1":"product","2":"type-product","3":"status-publish","4":"has-post-thumbnail","6":"product_cat-battery","7":"product_cat-lithium-battery","9":"first","10":"instock","11":"shipping-taxable","12":"product-type-simple"},"acf":[],"_links":{"self":[{"href":"https:\/\/www.soonestpower.com\/de\/wp-json\/wp\/v2\/product\/1405","targetHints":{"allow":["GET"]}}],"collection":[{"href":"https:\/\/www.soonestpower.com\/de\/wp-json\/wp\/v2\/product"}],"about":[{"href":"https:\/\/www.soonestpower.com\/de\/wp-json\/wp\/v2\/types\/product"}],"replies":[{"embeddable":true,"href":"https:\/\/www.soonestpower.com\/de\/wp-json\/wp\/v2\/comments?post=1405"}],"wp:featuredmedia":[{"embeddable":true,"href":"https:\/\/www.soonestpower.com\/de\/wp-json\/wp\/v2\/media\/1410"}],"wp:attachment":[{"href":"https:\/\/www.soonestpower.com\/de\/wp-json\/wp\/v2\/media?parent=1405"}],"wp:term":[{"taxonomy":"product_brand","embeddable":true,"href":"https:\/\/www.soonestpower.com\/de\/wp-json\/wp\/v2\/product_brand?post=1405"},{"taxonomy":"product_cat","embeddable":true,"href":"https:\/\/www.soonestpower.com\/de\/wp-json\/wp\/v2\/product_cat?post=1405"},{"taxonomy":"product_tag","embeddable":true,"href":"https:\/\/www.soonestpower.com\/de\/wp-json\/wp\/v2\/product_tag?post=1405"}],"curies":[{"name":"WP","href":"https:\/\/api.w.org\/{rel}","templated":true}]}}