{"id":1417,"date":"2024-12-24T15:27:59","date_gmt":"2024-12-24T07:27:59","guid":{"rendered":"https:\/\/www.soonestpower.com\/?post_type=product&#038;p=1417"},"modified":"2025-09-23T15:56:11","modified_gmt":"2025-09-23T07:56:11","slug":"andere-lithiumbatterien","status":"publish","type":"product","link":"https:\/\/www.soonestpower.com\/de\/product\/other-lithium-batteries\/","title":{"rendered":"SOONEST Lithium-Ionen-Batteriepack 48V \/ 51.2V 100AH 200AH 500AH Lifepo4 5Kwh 15Kwh 20Kwh 30Kwh 17.5Kwh Zuhause Solarenergiespiegerbatterie"},"content":{"rendered":"<p><span style=\"font-family: 'arial black', sans-serif;\">Merkmale:<\/span><br \/>\n<span style=\"font-family: 'arial black', sans-serif;\">\u25cf Lithiumbatterie Eisenphosphatbatterie<\/span><br \/>\n<span style=\"font-family: 'arial black', sans-serif;\">\u25cf Unterst\u00fctzung im Parallelmodus zur Erweiterung angeschlossen<\/span><br \/>\n<span style=\"font-family: 'arial black', sans-serif;\">\u25cf H\u00f6here Energiedichte, kleineres Volumen f\u00fcr den Haushalt.<\/span><br \/>\n<span style=\"font-family: 'arial black', sans-serif;\">\u25cf  Photovoltaik-System: Dieses Batteriepack ist f\u00fcr Haushalts-Photovoltaik-Systeme konzipiert<\/span><br \/>\n<span style=\"font-family: 'arial black', sans-serif;\">\u25cf Batterie Management System (BMS): Das eingebaute BMS \u00fcberwacht den Betrieb und verhindert, dass die Batterie au\u00dferhalb der Konstruktionsbeschr\u00e4nkungen funktioniert.<\/span><br \/>\n<span style=\"font-family: 'arial black', sans-serif;\">\u25cf Erweiterbarkeit: Dieses Batteriepack kann leicht erweitert werden, indem Erweiterungsbatteriepacks in paralleler Verbindung hinzugef\u00fcgt werden.<\/span><br \/>\n<span style=\"font-family: 'arial black', sans-serif;\">\u25cf Lange Lebensdauer: 6.000 Zyklen bei 80% Entladungstiefe (DoD).<\/span><br \/>\n<span style=\"font-family: 'arial black', sans-serif;\">\u25cf5- Jahresgarantie: Unterst\u00fctzt durch ein Jahrzehnt Leistungssicherung.<\/span><\/p>\n<p><span style=\"font-family: 'arial black', sans-serif;\">Anwendungen:<\/span><br \/>\n<span style=\"font-family: 'arial black', sans-serif;\">\u25cf Solarenergiespieger \u2013 Speicherung von Solarenergie f\u00fcr H\u00e4user und Netze mit hoher Effizienz.<\/span><br \/>\n<span style=\"font-family: 'arial black', sans-serif;\">\u25cf Medizinische Ger\u00e4te \u2013 Zuverl\u00e4ssige Energie f\u00fcr Ventilatoren, Monitore und tragbare Ger\u00e4te.<\/span><br \/>\n<span style=\"font-family: 'arial black', sans-serif;\">\u25cf Drohnen &amp; UAVs \u2013 hohe Energiedichte f\u00fcr l\u00e4ngere Luftmissionen.<\/span><br \/>\n<span style=\"font-family: 'arial black', sans-serif;\">\u25cf Marine Systems \u2013 Korrosionsbest\u00e4ndige Kraft f\u00fcr Boote und Unterwasserausr\u00fcstung.<\/span><br \/>\n<span style=\"font-family: 'arial black', sans-serif;\">\u25cf Industrieroboter \u2013 Schnellladel\u00f6sungen f\u00fcr automatisierte Maschinen.<\/span><br \/>\n<span style=\"font-family: 'arial black', sans-serif;\">\u25cf UPS Backup-Systeme \u2013 Sofortige Stromversorgung f\u00fcr Rechenzentren und kritische Infrastruktur.<\/span><\/p>","protected":false},"excerpt":{"rendered":"<p><span style=\"font-family: arial, helvetica, sans-serif;\">Die SOONEST Lithium ist eine leistungsstarke 51,2 Lithium-Eisen-Phosphat-Batterie, die f\u00fcr Solar oder Home entwickelt wurde und erweiterte Sicherheitsfunktionen, Bluetooth-Konnektivit\u00e4t und eine branchenf\u00fchrende 5-j\u00e4hrige Garantie bietet. Seine wartungsfreie Konstruktion und robuste Energiespeicherung (5kWh, 10kwh, 15kwh, 17,5kwh, 20kwh, 25kwh und mehr als 50kwh) gew\u00e4hrleisten Langstreckenbetrieb und Zuverl\u00e4ssigkeit bei extremen Temperaturen, was es ideal f\u00fcr kommerzielle und h\u00e4usliche Solarsystemanwendungen macht.<\/span><\/p>","protected":false},"featured_media":1427,"comment_status":"closed","ping_status":"closed","template":"","meta":{"_acf_changed":false},"product_brand":[],"product_cat":[78,80],"product_tag":[],"class_list":{"0":"post-1417","1":"product","2":"type-product","3":"status-publish","4":"has-post-thumbnail","6":"product_cat-battery","7":"product_cat-lithium-battery","9":"first","10":"instock","11":"shipping-taxable","12":"product-type-simple"},"acf":[],"_links":{"self":[{"href":"https:\/\/www.soonestpower.com\/de\/wp-json\/wp\/v2\/product\/1417","targetHints":{"allow":["GET"]}}],"collection":[{"href":"https:\/\/www.soonestpower.com\/de\/wp-json\/wp\/v2\/product"}],"about":[{"href":"https:\/\/www.soonestpower.com\/de\/wp-json\/wp\/v2\/types\/product"}],"replies":[{"embeddable":true,"href":"https:\/\/www.soonestpower.com\/de\/wp-json\/wp\/v2\/comments?post=1417"}],"wp:featuredmedia":[{"embeddable":true,"href":"https:\/\/www.soonestpower.com\/de\/wp-json\/wp\/v2\/media\/1427"}],"wp:attachment":[{"href":"https:\/\/www.soonestpower.com\/de\/wp-json\/wp\/v2\/media?parent=1417"}],"wp:term":[{"taxonomy":"product_brand","embeddable":true,"href":"https:\/\/www.soonestpower.com\/de\/wp-json\/wp\/v2\/product_brand?post=1417"},{"taxonomy":"product_cat","embeddable":true,"href":"https:\/\/www.soonestpower.com\/de\/wp-json\/wp\/v2\/product_cat?post=1417"},{"taxonomy":"product_tag","embeddable":true,"href":"https:\/\/www.soonestpower.com\/de\/wp-json\/wp\/v2\/product_tag?post=1417"}],"curies":[{"name":"WP","href":"https:\/\/api.w.org\/{rel}","templated":true}]}}