{"id":1437,"date":"2024-12-24T15:37:45","date_gmt":"2024-12-24T07:37:45","guid":{"rendered":"https:\/\/www.soonestpower.com\/?post_type=product&#038;p=1437"},"modified":"2025-09-23T16:14:30","modified_gmt":"2025-09-23T08:14:30","slug":"soonest-mono-a-350w-450w-550w-575w-585w-photovoltaic-solar-power-panel","status":"publish","type":"product","link":"https:\/\/www.soonestpower.com\/de\/product\/soonest-mono-a-350w-450w-550w-575w-585w-photovoltaic-solar-power-panel\/","title":{"rendered":"Soonest Mono A 350W 450W 550W 575W 585W Photovoltaic Solar Power Panel"},"content":{"rendered":"<p><span style=\"font-family: 'arial black', sans-serif;\">Eigenschaften:<\/span><br \/>\n<span style=\"font-family: 'arial black', sans-serif;\">1. Hocheffiziente monokristalline Zellen; <\/span><br \/>\n<span style=\"font-family: 'arial black', sans-serif;\">2. Leicht, tragbares Design; <\/span><br \/>\n<span style=\"font-family: 'arial black', sans-serif;\">3. Witterungsbest\u00e4ndig (IP68 wasserdicht); <\/span><br \/>\n<span style=\"font-family: 'arial black', sans-serif;\">4. Flexible, biegbare Platten; <\/span><br \/>\n<span style=\"font-family: 'arial black', sans-serif;\">5. Anti-reflektierende Beschichtung; <\/span><br \/>\n<span style=\"font-family: 'arial black', sans-serif;\">6. Einfache Plug-and-Play-Installation; <\/span><br \/>\n<span style=\"font-family: 'arial black', sans-serif;\">7. Eingebaute Ladungsregelung; <\/span><br \/>\n<span style=\"font-family: 'arial black', sans-serif;\">8. Langlebige geh\u00e4rtete Glasoberfl\u00e4che; <\/span><br \/>\n<span style=\"font-family: 'arial black', sans-serif;\">9. hohe Energieumwandlungsrate (&gt; 22%); <\/span><br \/>\n<span style=\"font-family: 'arial black', sans-serif;\">10. Low-Light-Leistungsoptimierung.<\/span><\/p>\n<p><span style=\"font-family: 'arial black', sans-serif;\">Anwendungen:<\/span><br \/>\n<span style=\"font-family: 'arial black', sans-serif;\">1. Wohndachstromerzeugung; <\/span><br \/>\n<span style=\"font-family: 'arial black', sans-serif;\">2. Off-Grid Camping\/Backup Energie; <\/span><br \/>\n<span style=\"font-family: 'arial black', sans-serif;\">3. Solarbetriebene Stra\u00dfenbeleuchtung; <\/span><br \/>\n<span style=\"font-family: 'arial black', sans-serif;\">4. Landwirtschaftliche Bew\u00e4sserungssysteme; <\/span><br \/>\n<span style=\"font-family: 'arial black', sans-serif;\">5. Laden EVs \/ tragbare Ger\u00e4te; <\/span><br \/>\n<span style=\"font-family: 'arial black', sans-serif;\">6. Marine\/RV Energiel\u00f6sungen; <\/span><br \/>\n<span style=\"font-family: 'arial black', sans-serif;\">7. Industrielle Solarparks; <\/span><br \/>\n<span style=\"font-family: 'arial black', sans-serif;\">8. Katastrophenhilfe Stromversorgung; <\/span><br \/>\n<span style=\"font-family: 'arial black', sans-serif;\">9. Treibhausenergiemanagement; <\/span><br \/>\n<span style=\"font-family: 'arial black', sans-serif;\">10. Unterst\u00fctzung von IoT-Sensornetzwerken.<\/span><\/p>","protected":false},"excerpt":{"rendered":"<p><span style=\"font-family: arial, helvetica, sans-serif;\">SOONEST Solar Panel ist ein Ger\u00e4t, das Solarenergie in elektrische Energie umwandelt, in der Regel aus Halbleitermaterialien wie Silizium, das durch den Photovoltaik-Effekt Strom erzeugen kann. Solarpanele werden im modernen Leben weit verbreitet, als Teil unabh\u00e4ngiger Stromsysteme oder mit dem Netz verbunden, um saubere Energie f\u00fcr Haushalte und Industrie bereitzustellen. Steigern Sie Ihre gr\u00fcnen Energieprojekte mit den baldesten N-Typ monokristallinen Mono-Facial-Solarpanelen! Diese leistungsstarken, einglasigen PV-Module sind so konzipiert, dass Sie Ihre Erneuerbare Energie maximieren und eine beeindruckende Effizienz von 22,85% erzielen. Mit Optionen einschlie\u00dflich 350W 450W 550W 575W 585W, passen Sie Ihre Solarl\u00f6sung an, um den einzigartigen Bed\u00fcrfnissen von Wohn- und Gewerbeanlagen zu entsprechen. Ideal f\u00fcr Dach-Setups, diese Panels excellieren in Bereichen mit minimaler bis keine Bodenlichtreflektion, die Haltbarkeit und umfangreiche Garantieabdeckung gew\u00e4hrleisten - 25 Jahre f\u00fcr Materialien und eine unvergleichliche 30 Jahre f\u00fcr Leistungsleistung. W\u00e4hlen Sie bald f\u00fcr Ihr n\u00e4chstes Solarveranstaltung und sichern Sie erhebliche Einsparungen bei Strom mit unserer modernsten Solartechnologie.<\/span><\/p>","protected":false},"featured_media":1443,"comment_status":"closed","ping_status":"closed","template":"","meta":{"_acf_changed":false},"product_brand":[],"product_cat":[86],"product_tag":[],"class_list":{"0":"post-1437","1":"product","2":"type-product","3":"status-publish","4":"has-post-thumbnail","6":"product_cat-solar-panel","8":"first","9":"instock","10":"shipping-taxable","11":"product-type-simple"},"acf":[],"_links":{"self":[{"href":"https:\/\/www.soonestpower.com\/de\/wp-json\/wp\/v2\/product\/1437","targetHints":{"allow":["GET"]}}],"collection":[{"href":"https:\/\/www.soonestpower.com\/de\/wp-json\/wp\/v2\/product"}],"about":[{"href":"https:\/\/www.soonestpower.com\/de\/wp-json\/wp\/v2\/types\/product"}],"replies":[{"embeddable":true,"href":"https:\/\/www.soonestpower.com\/de\/wp-json\/wp\/v2\/comments?post=1437"}],"wp:featuredmedia":[{"embeddable":true,"href":"https:\/\/www.soonestpower.com\/de\/wp-json\/wp\/v2\/media\/1443"}],"wp:attachment":[{"href":"https:\/\/www.soonestpower.com\/de\/wp-json\/wp\/v2\/media?parent=1437"}],"wp:term":[{"taxonomy":"product_brand","embeddable":true,"href":"https:\/\/www.soonestpower.com\/de\/wp-json\/wp\/v2\/product_brand?post=1437"},{"taxonomy":"product_cat","embeddable":true,"href":"https:\/\/www.soonestpower.com\/de\/wp-json\/wp\/v2\/product_cat?post=1437"},{"taxonomy":"product_tag","embeddable":true,"href":"https:\/\/www.soonestpower.com\/de\/wp-json\/wp\/v2\/product_tag?post=1437"}],"curies":[{"name":"WP","href":"https:\/\/api.w.org\/{rel}","templated":true}]}}