{"id":1451,"date":"2024-12-24T15:46:33","date_gmt":"2024-12-24T07:46:33","guid":{"rendered":"https:\/\/www.soonestpower.com\/?post_type=product&#038;p=1451"},"modified":"2025-09-23T17:28:36","modified_gmt":"2025-09-23T09:28:36","slug":"sonnenpumpe","status":"publish","type":"product","link":"https:\/\/www.soonestpower.com\/de\/product\/solar-pump\/","title":{"rendered":"AC \/ DC Solarpumpe &#8211; Hochkopf leistungsstarke Bew\u00e4sserung Solar-Wasserpumpe"},"content":{"rendered":"<p><span style=\"font-family: 'arial black', sans-serif;\">Merkmale:<\/span><br \/>\n<span style=\"font-family: 'arial black', sans-serif;\">1. **DC b\u00fcrstenloser Permanentmagnetmotor** f\u00fcr hohe Effizienz (bis zu 25% Energieeinsparungen). <\/span><br \/>\n<span style=\"font-family: 'arial black', sans-serif;\">2. **Batteriefreier Betrieb** mit direkter Solarenergie, wodurch Wartung und Kosten reduziert werden. <\/span><br \/>\n<span style=\"font-family: 'arial black', sans-serif;\">3. **Automatische MPPT (Maximum Power Point Tracking)** f\u00fcr optimale Energieumwandlung. <\/span><br \/>\n<span style=\"font-family: 'arial black', sans-serif;\">4. **Trockenlauf und \u00dcberlastschutz**, um die Langlebigkeit des Systems zu gew\u00e4hrleisten. <\/span><br \/>\n<span style=\"font-family: 'arial black', sans-serif;\">5. **Umweltversiegelte Komponenten** (z.B. Stator\/Rotor aus Harzguss) f\u00fcr Haltbarkeit unter rauen Bedingungen. <\/span><br \/>\n<span style=\"font-family: 'arial black', sans-serif;\">6. **Leichte und tragbare Designs** mit klappbaren Solarpanelen f\u00fcr mobile Anwendungen. <\/span><br \/>\n<span style=\"font-family: 'arial black', sans-serif;\">7. **Niedrige Wartung** mit wassergeschmierten Lagern und \u00f6lfreiem Betrieb. <\/span><br \/>\n<span style=\"font-family: 'arial black', sans-serif;\">8. **High-Kopf- und High-Flow-F\u00e4higkeiten** (bis zu 320m Kopf, 700m\u00b3 \/ h Durchfluss). <\/span><br \/>\n<span style=\"font-family: 'arial black', sans-serif;\">9. **Kompatibilit\u00e4t mit hybriden AC\/DC-Systemen** zur Netzsicherung. <\/span><br \/>\n<span style=\"font-family: 'arial black', sans-serif;\">10. **IP68 wasserdicht** f\u00fcr Meeres- oder \u00dcberschwemmungsanf\u00e4llige Umgebungen. <\/span><\/p>\n<p><span style=\"font-family: 'arial black', sans-serif;\">Anwendungen: <\/span><br \/>\n<span style=\"font-family: 'arial black', sans-serif;\">1. **Landwirtschaftliche Bew\u00e4sserung** f\u00fcr Pflanzen in abgelegenen oder au\u00dferhalb des Netzes befindlichen Gebieten. <\/span><br \/>\n<span style=\"font-family: 'arial black', sans-serif;\">2. **Bew\u00e4sserung der Tiere** auf Weiden oder landwirtschaftlichen Betrieben. <\/span><br \/>\n<span style=\"font-family: 'arial black', sans-serif;\">3. **Wohnwasserversorgung** f\u00fcr Haushalte ohne Netzzugang. <\/span><br \/>\n<span style=\"font-family: 'arial black', sans-serif;\">4. **W\u00fcstenk\u00e4mpfung** durch nachhaltige Wasserversorgung f\u00fcr die Aufforstung. <\/span><br \/>\n<span style=\"font-family: 'arial black', sans-serif;\">5. **Notwasserversorgung** in Katastrophenszenarien. <\/span><br \/>\n<span style=\"font-family: 'arial black', sans-serif;\">6. ** Wasseranlagen** f\u00fcr Boote oder Mobilheime. <\/span><br \/>\n<span style=\"font-family: 'arial black', sans-serif;\">7. **Stadtgestaltung** (z.B. Brunnen, Parks) mit Solarpumpen. <\/span><br \/>\n<span style=\"font-family: 'arial black', sans-serif;\">8. **Swimmingpoolzirkulation** mit energieeffizienten Solarl\u00f6sungen. <\/span><br \/>\n<span style=\"font-family: 'arial black', sans-serif;\">9. **Entsalzung von Meerwasser** in K\u00fcstenregionen. <\/span><br \/>\n<span style=\"font-family: 'arial black', sans-serif;\">10. **Industrielle Wasserverwaltung** f\u00fcr Fabriken oder Bergbaustellen. <\/span><\/p>","protected":false},"excerpt":{"rendered":"<p><span style=\"font-family: arial, helvetica, sans-serif;\">Solarpumpen verlassen sich auf Strom, der von Photovoltaik-Panels (PV) oder strahlender W\u00e4rme erzeugt wird, die aus gesammeltem Sonnenlicht erhalten wird, um zu arbeiten, anstatt Netzstrom oder Diesel-angetriebene Wasserpumpen. Solarpumpen bestehen aus Solar-Panel-Arrays, Solar-Laderegler, DC-Wasserpumpen, Sicherungsboxen \/ Breakers, Dr\u00e4hten und Wasserspeicherbeh\u00e4ltern, was sie vor allem aufgrund ihrer niedrigeren Betriebs- und Wartungskosten wirtschaftlicher macht.<\/span><\/p>","protected":false},"featured_media":1452,"comment_status":"closed","ping_status":"closed","template":"","meta":{"_acf_changed":false},"product_brand":[],"product_cat":[82,85],"product_tag":[],"class_list":{"0":"post-1451","1":"product","2":"type-product","3":"status-publish","4":"has-post-thumbnail","6":"product_cat-home-applications","7":"product_cat-solar-pump","9":"first","10":"instock","11":"shipping-taxable","12":"product-type-simple"},"acf":[],"_links":{"self":[{"href":"https:\/\/www.soonestpower.com\/de\/wp-json\/wp\/v2\/product\/1451","targetHints":{"allow":["GET"]}}],"collection":[{"href":"https:\/\/www.soonestpower.com\/de\/wp-json\/wp\/v2\/product"}],"about":[{"href":"https:\/\/www.soonestpower.com\/de\/wp-json\/wp\/v2\/types\/product"}],"replies":[{"embeddable":true,"href":"https:\/\/www.soonestpower.com\/de\/wp-json\/wp\/v2\/comments?post=1451"}],"wp:featuredmedia":[{"embeddable":true,"href":"https:\/\/www.soonestpower.com\/de\/wp-json\/wp\/v2\/media\/1452"}],"wp:attachment":[{"href":"https:\/\/www.soonestpower.com\/de\/wp-json\/wp\/v2\/media?parent=1451"}],"wp:term":[{"taxonomy":"product_brand","embeddable":true,"href":"https:\/\/www.soonestpower.com\/de\/wp-json\/wp\/v2\/product_brand?post=1451"},{"taxonomy":"product_cat","embeddable":true,"href":"https:\/\/www.soonestpower.com\/de\/wp-json\/wp\/v2\/product_cat?post=1451"},{"taxonomy":"product_tag","embeddable":true,"href":"https:\/\/www.soonestpower.com\/de\/wp-json\/wp\/v2\/product_tag?post=1451"}],"curies":[{"name":"WP","href":"https:\/\/api.w.org\/{rel}","templated":true}]}}