{"id":1381,"date":"2024-12-24T14:55:16","date_gmt":"2024-12-24T06:55:16","guid":{"rendered":"https:\/\/www.soonestpower.com\/?post_type=product&#038;p=1381"},"modified":"2025-09-20T16:13:08","modified_gmt":"2025-09-20T08:13:08","slug":"soonest-sf-series-hybrid-inverter-1kw-10-2kw-single-phase","status":"publish","type":"product","link":"https:\/\/www.soonestpower.com\/es\/product\/soonest-sf-series-hybrid-inverter-1kw-10-2kw-single-phase\/","title":{"rendered":"Inverter h\u00edbrido de la Serie SF Soon SF 1KW-10.2KW Single Fase"},"content":{"rendered":"<p><span style=\"font-family: 'arial black', sans-serif;\">Caracter\u00edsticas:<\/span><br \/>\n<span style=\"font-family: 'arial black', sans-serif;\">\u25cf SolarInver de onda sinusoidal pura<\/span><br \/>\n<span style=\"font-family: 'arial black', sans-serif;\">\u25cf Factor de potencia de salida 1.0<\/span><br \/>\n<span style=\"font-family: 'arial black', sans-serif;\">\u25cf WiFi y GPRS disponibles para iOS y Android<\/span><br \/>\n<span style=\"font-family: 'arial black', sans-serif;\">\u25cf inversor que funciona sin bater\u00eda<\/span><br \/>\n<span style=\"font-family: 'arial black', sans-serif;\">\u25cf 100a incorporado \/120A\/160A MPPT Solar Charger<\/span><br \/>\n<span style=\"font-family: 'arial black', sans-serif;\">\u25cf Rango de voltaje de entrada fotovoltaico alto (90 ~ 450vdc)<\/span><br \/>\n<span style=\"font-family: 'arial black', sans-serif;\">\u25cf Kit anti-dusk incorporado para un entorno duro<\/span><br \/>\n<span style=\"font-family: 'arial black', sans-serif;\">\u25cf Dise\u00f1o inteligente de carga de bater\u00eda para optimizar la duraci\u00f3n de la bater\u00eda<\/span><br \/>\n<span style=\"font-family: 'arial black', sans-serif;\">\u25cf Prioridad opcional de entrada de CA\/entrada de CC\/entrada solar<\/span><\/p>\n<p><span style=\"font-family: 'arial black', sans-serif;\">Aplicaciones:<\/span><br \/>\n<span style=\"font-family: 'arial black', sans-serif;\">1. **Sistemas de techo residencial** <\/span><br \/>\n<span style=\"font-family: 'arial black', sans-serif;\">Convertir CC solar en CA para hogares, permitiendo ahorros en la red y energ\u00eda de electrodom\u00e9sticos. <\/span><br \/>\n<span style=\"font-family: 'arial black', sans-serif;\">2. **Almacenamiento comercial de energ\u00eda** <\/span><br \/>\n<span style=\"font-family: 'arial black', sans-serif;\">Gestionar cargas m\u00e1ximas y reducir costos en oficinas\/f\u00e1bricas con inversores de red. <\/span><br \/>\n<span style=\"font-family: 'arial black', sans-serif;\">3. **Energ\u00eda rural fuera de la red** <\/span><br \/>\n<span style=\"font-family: 'arial black', sans-serif;\">Entregue electricidad a \u00e1reas remotas a trav\u00e9s de almacenamiento de bater\u00eda de inversores h\u00edbridos. <\/span><br \/>\n<span style=\"font-family: 'arial black', sans-serif;\">4. **Bombas de agua solares** <\/span><br \/>\n<span style=\"font-family: 'arial black', sans-serif;\">Impulse sistemas de riego agr\u00edcola con bombas eficientes alimentadas por energ\u00eda solar. <\/span><br \/>\n<span style=\"font-family: 'arial black', sans-serif;\">5. **Estaciones de carga EV** <\/span><br \/>\n<span style=\"font-family: 'arial black', sans-serif;\">Habilite la carga de veh\u00edculos el\u00e9ctricos alimentados por energ\u00eda solar con compatibilidad con inversores bidireccionales. <\/span><br \/>\n<span style=\"font-family: 'arial black', sans-serif;\">6. **Copia de seguridad de la torre de telecomunicaciones** <\/span><br \/>\n<span style=\"font-family: 'arial black', sans-serif;\">Asegure las operaciones de telecomunicaciones 24\/7 con soluciones de inversores fuera de la red. <\/span><br \/>\n<span style=\"font-family: 'arial black', sans-serif;\">7. **Generadores solares port\u00e1tiles** <\/span><br \/>\n<span style=\"font-family: 'arial black', sans-serif;\">Alimentar emergencias o actividades al aire libre a trav\u00e9s de sistemas inversores compactos. <\/span><br \/>\n<span style=\"font-family: 'arial black', sans-serif;\">8. **Marino y RV Energ\u00eda** <\/span><br \/>\n<span style=\"font-family: 'arial black', sans-serif;\">Mantener la electr\u00f3nica a bordo en barcos \/ RVs con inversores de grado marino. <\/span><br \/>\n<span style=\"font-family: 'arial black', sans-serif;\">9. **Microredes industriales** <\/span><br \/>\n<span style=\"font-family: 'arial black', sans-serif;\">Estabilice la energ\u00eda de la f\u00e1brica mediante la integraci\u00f3n solar de inversores formadores de red. <\/span><br \/>\n<span style=\"font-family: 'arial black', sans-serif;\">10. **Granjas solares flotantes** <\/span><br \/>\n<span style=\"font-family: 'arial black', sans-serif;\">Optimice el uso de la tierra con inversores dise\u00f1ados para paneles solares a base de agua. <\/span><\/p>","protected":false},"excerpt":{"rendered":"<p><span style=\"font-family: arial, helvetica, sans-serif;\">Este inversor solar integra la conversi\u00f3n de energ\u00eda solar, la carga de la bater\u00eda y la interacci\u00f3n de la red en una unidad. Los controles inteligentes integrados optimizan el autoconsumo y la energ\u00eda de respaldo durante los apagones. Compatible con bater\u00edas de litio y personalizable a trav\u00e9s de WiFi \/ GPRS para monitoreo remoto.<\/span><\/p>","protected":false},"featured_media":1383,"comment_status":"closed","ping_status":"closed","template":"","meta":{"_acf_changed":false},"product_brand":[],"product_cat":[15],"product_tag":[],"class_list":{"0":"post-1381","1":"product","2":"type-product","3":"status-publish","4":"has-post-thumbnail","6":"product_cat-solar-hybrid-inverter","8":"first","9":"instock","10":"shipping-taxable","11":"product-type-simple"},"acf":[],"_links":{"self":[{"href":"https:\/\/www.soonestpower.com\/es\/wp-json\/wp\/v2\/product\/1381","targetHints":{"allow":["GET"]}}],"collection":[{"href":"https:\/\/www.soonestpower.com\/es\/wp-json\/wp\/v2\/product"}],"about":[{"href":"https:\/\/www.soonestpower.com\/es\/wp-json\/wp\/v2\/types\/product"}],"replies":[{"embeddable":true,"href":"https:\/\/www.soonestpower.com\/es\/wp-json\/wp\/v2\/comments?post=1381"}],"wp:featuredmedia":[{"embeddable":true,"href":"https:\/\/www.soonestpower.com\/es\/wp-json\/wp\/v2\/media\/1383"}],"wp:attachment":[{"href":"https:\/\/www.soonestpower.com\/es\/wp-json\/wp\/v2\/media?parent=1381"}],"wp:term":[{"taxonomy":"product_brand","embeddable":true,"href":"https:\/\/www.soonestpower.com\/es\/wp-json\/wp\/v2\/product_brand?post=1381"},{"taxonomy":"product_cat","embeddable":true,"href":"https:\/\/www.soonestpower.com\/es\/wp-json\/wp\/v2\/product_cat?post=1381"},{"taxonomy":"product_tag","embeddable":true,"href":"https:\/\/www.soonestpower.com\/es\/wp-json\/wp\/v2\/product_tag?post=1381"}],"curies":[{"name":"WP","href":"https:\/\/api.w.org\/{rel}","templated":true}]}}