{"id":1384,"date":"2024-12-24T14:58:38","date_gmt":"2024-12-24T06:58:38","guid":{"rendered":"https:\/\/www.soonestpower.com\/?post_type=product&#038;p=1384"},"modified":"2025-09-20T16:18:03","modified_gmt":"2025-09-20T08:18:03","slug":"soonest-mc-series-hybrid-inverter-6-2kw-11kw-single-phase-parallel-operation","status":"publish","type":"product","link":"https:\/\/www.soonestpower.com\/es\/product\/soonest-mc-series-hybrid-inverter-6-2kw-11kw-single-phase-parallel-operation\/","title":{"rendered":"Soonest MC Series Inverter Hybrid Inverter 6.2kW 11kW Operaci\u00f3n paralela de una sola fase"},"content":{"rendered":"<p>Caracter\u00edstica:<br \/>\n\u25cf Alta frecuencia, peso ligero.<br \/>\n\u25cf Factor de potencia de salida: PF = 1.<br \/>\n\u25cf Admite la funci\u00f3n de activaci\u00f3n de la bater\u00eda de litio.<br \/>\n\u25cf Apoye la operaci\u00f3n paralela para la expansi\u00f3n de la capacidad.<br \/>\n\u25cf Visualizaci\u00f3n en tiempo real de carga real de carga.<br \/>\n\u25cf Salida de onda pura, adaptarse con una carga diferente.<br \/>\n\u25cf Protecci\u00f3n de cortocircuito de salida.<br \/>\n\u25cf Monitoreo remoto Wi-Fi opcional.<br \/>\n\u25cf Ajuste de especificaciones.<br \/>\n\u25cf Apoyo paralelo hasta 9pcs de 6.2Kw o 6pcs de 11Kw.<\/p>\n<p>&nbsp;<\/p>\n<p><img fetchpriority=\"high\" decoding=\"async\" class=\"alignnone size-medium wp-image-1386\" src=\"https:\/\/www.soonestpower.com\/wp-content\/uploads\/2024\/12\/3.1-300x199.jpg\" alt=\"\" width=\"300\" height=\"199\" srcset=\"\" sizes=\"(max-width: 300px) 100vw, 300px\" data-srcset=\"\" \/><\/p>\n<p>Aplicaciones:<br \/>\n1. **Sistemas de techo residencial**<br \/>\nConvertir CC solar en CA para hogares, permitiendo ahorros en la red y energ\u00eda de electrodom\u00e9sticos.<br \/>\n2. **Almacenamiento comercial de energ\u00eda**<br \/>\nGestionar cargas m\u00e1ximas y reducir costos en oficinas\/f\u00e1bricas con inversores de red.<br \/>\n3. **Energ\u00eda rural fuera de la red**<br \/>\nEntregue electricidad a \u00e1reas remotas a trav\u00e9s de almacenamiento de bater\u00eda de inversores h\u00edbridos.<br \/>\n4. **Bombas de agua solares**<br \/>\nImpulse sistemas de riego agr\u00edcola con bombas eficientes alimentadas por energ\u00eda solar.<br \/>\n5. **Estaciones de carga EV**<br \/>\nHabilite la carga de veh\u00edculos el\u00e9ctricos alimentados por energ\u00eda solar con compatibilidad con inversores bidireccionales.<br \/>\n6. **Copia de seguridad de la torre de telecomunicaciones**<br \/>\nAsegure las operaciones de telecomunicaciones 24\/7 con soluciones de inversores fuera de la red.<br \/>\n7. **Generadores solares port\u00e1tiles**<br \/>\nAlimentar emergencias o actividades al aire libre a trav\u00e9s de sistemas inversores compactos.<br \/>\n8. **Marino y RV Energ\u00eda**<br \/>\nMantener la electr\u00f3nica a bordo en barcos \/ RVs con inversores de grado marino.<br \/>\n9. **Microredes industriales**<br \/>\nEstabilice la energ\u00eda de la f\u00e1brica mediante la integraci\u00f3n solar de inversores formadores de red.<br \/>\n10. **Granjas solares flotantes**<br \/>\nOptimice el uso de la tierra con inversores dise\u00f1ados para paneles solares a base de agua.<\/p>","protected":false},"excerpt":{"rendered":"<p>9pcs de 6.2Kw o 6pcs de 11Kw operaci\u00f3n paralela, industrial-grado 55.8Kw o 66Kw inversor dise\u00f1ado para grandes conjuntos solares. Ofrece eficiencia del 97,5%, protecci\u00f3n Ip21 y soporte de red din\u00e1mica. Soporta configuraciones paralelas para escalabilidad e incluye tecnolog\u00eda anti-Pid para extender la vida \u00fatil del panel. Ideal para f\u00e1bricas o techos comerciales.<\/p>","protected":false},"featured_media":1387,"comment_status":"closed","ping_status":"closed","template":"","meta":{"_acf_changed":false},"product_brand":[],"product_cat":[15],"product_tag":[],"class_list":{"0":"post-1384","1":"product","2":"type-product","3":"status-publish","4":"has-post-thumbnail","6":"product_cat-solar-hybrid-inverter","8":"first","9":"instock","10":"shipping-taxable","11":"product-type-simple"},"acf":[],"_links":{"self":[{"href":"https:\/\/www.soonestpower.com\/es\/wp-json\/wp\/v2\/product\/1384","targetHints":{"allow":["GET"]}}],"collection":[{"href":"https:\/\/www.soonestpower.com\/es\/wp-json\/wp\/v2\/product"}],"about":[{"href":"https:\/\/www.soonestpower.com\/es\/wp-json\/wp\/v2\/types\/product"}],"replies":[{"embeddable":true,"href":"https:\/\/www.soonestpower.com\/es\/wp-json\/wp\/v2\/comments?post=1384"}],"wp:featuredmedia":[{"embeddable":true,"href":"https:\/\/www.soonestpower.com\/es\/wp-json\/wp\/v2\/media\/1387"}],"wp:attachment":[{"href":"https:\/\/www.soonestpower.com\/es\/wp-json\/wp\/v2\/media?parent=1384"}],"wp:term":[{"taxonomy":"product_brand","embeddable":true,"href":"https:\/\/www.soonestpower.com\/es\/wp-json\/wp\/v2\/product_brand?post=1384"},{"taxonomy":"product_cat","embeddable":true,"href":"https:\/\/www.soonestpower.com\/es\/wp-json\/wp\/v2\/product_cat?post=1384"},{"taxonomy":"product_tag","embeddable":true,"href":"https:\/\/www.soonestpower.com\/es\/wp-json\/wp\/v2\/product_tag?post=1384"}],"curies":[{"name":"WP","href":"https:\/\/api.w.org\/{rel}","templated":true}]}}