{"id":1396,"date":"2024-12-24T15:10:28","date_gmt":"2024-12-24T07:10:28","guid":{"rendered":"https:\/\/www.soonestpower.com\/?post_type=product&#038;p=1396"},"modified":"2025-09-20T16:20:29","modified_gmt":"2025-09-20T08:20:29","slug":"bateria-de-gel","status":"publish","type":"product","link":"https:\/\/www.soonestpower.com\/es\/product\/gel-battery\/","title":{"rendered":"SOONEST Ciclo profundo AMG \/ GEL Bater\u00eda solar recargable 12V 100ah 150ah 200ah 250ah Bater\u00eda de gel"},"content":{"rendered":"<p><span style=\"font-family: 'arial black', sans-serif;\">Caracter\u00edsticas: <\/span><br \/>\n<span style=\"font-family: 'arial black', sans-serif;\">\u25cf  Electrolito gelificado obtenido mezclando \u00e1cido sulf\u00farico con humo de s\u00edlice. <\/span><br \/>\n<span style=\"font-family: 'arial black', sans-serif;\">\u25cf El electrolito es similar a gel, inm\u00f3vil y no se filtra, lo que permite una reacci\u00f3n uniforme de cada parte de la placa. <\/span><br \/>\n<span style=\"font-family: 'arial black', sans-serif;\">\u25cf Rendimiento de descarga de alta velocidad debido a la tecnolog\u00eda de montaje apretado.<\/span><br \/>\n<span style=\"font-family: 'arial black', sans-serif;\">\u25cf Fuerte disipaci\u00f3n de calor y amplio rango de temperatura de funcionamiento. <\/span><br \/>\n<span style=\"font-family: 'arial black', sans-serif;\">\u25cf Evite que la niebla \u00e1cida se separe, respetuosa con el medio ambiente.<\/span><br \/>\n<span style=\"font-family: 'arial black', sans-serif;\">\u25cf El sistema de ventilaci\u00f3n eficiente libera el gas excesivo autom\u00e1ticamente. <\/span><\/p>\n<p><span style=\"font-family: 'arial black', sans-serif;\">Aplicaciones:<\/span><br \/>\n<span style=\"font-family: 'arial black', sans-serif;\">\u25cf Sistema de almacenamiento de energ\u00eda solar y e\u00f3lica. <\/span><br \/>\n<span style=\"font-family: 'arial black', sans-serif;\">\u25cf Bater\u00eda de respaldo EPS y UPS. <\/span><br \/>\n<span style=\"font-family: 'arial black', sans-serif;\">\u25cf Sistema de se\u00f1al, sistema de iluminaci\u00f3n de emergencia, sistema de seguridad. <\/span><br \/>\n<span style=\"font-family: 'arial black', sans-serif;\">\u25cf Equipo de telecomunicaciones. <\/span><br \/>\n<span style=\"font-family: 'arial black', sans-serif;\">\u25cf Central el\u00e9ctrica y sistema de transmisi\u00f3n.<\/span><\/p>","protected":false},"excerpt":{"rendered":"<p><span style=\"font-family: arial, helvetica, sans-serif;\">La bater\u00eda de gel de c\u00e9lulas solares SOONEST 12V 100AH 150AH 200AH 250AH es una bater\u00eda de gel de ciclo profundo premium dise\u00f1ada para sistemas de energ\u00eda renovable, incluyendo almacenamiento de energ\u00eda solar, e\u00f3lica y fuera de la red. Su avanzada tecnolog\u00eda de electrolitos en gel garantiza un rendimiento excepcional en temperaturas extremas y ciclos de descarga prolongados. Ideal para soluciones de almacenamiento de energ\u00eda residenciales y comerciales.<\/span><\/p>","protected":false},"featured_media":1404,"comment_status":"closed","ping_status":"closed","template":"","meta":{"_acf_changed":false},"product_brand":[],"product_cat":[78,79],"product_tag":[],"class_list":{"0":"post-1396","1":"product","2":"type-product","3":"status-publish","4":"has-post-thumbnail","6":"product_cat-battery","7":"product_cat-gel-battery","9":"first","10":"instock","11":"shipping-taxable","12":"product-type-simple"},"acf":[],"_links":{"self":[{"href":"https:\/\/www.soonestpower.com\/es\/wp-json\/wp\/v2\/product\/1396","targetHints":{"allow":["GET"]}}],"collection":[{"href":"https:\/\/www.soonestpower.com\/es\/wp-json\/wp\/v2\/product"}],"about":[{"href":"https:\/\/www.soonestpower.com\/es\/wp-json\/wp\/v2\/types\/product"}],"replies":[{"embeddable":true,"href":"https:\/\/www.soonestpower.com\/es\/wp-json\/wp\/v2\/comments?post=1396"}],"wp:featuredmedia":[{"embeddable":true,"href":"https:\/\/www.soonestpower.com\/es\/wp-json\/wp\/v2\/media\/1404"}],"wp:attachment":[{"href":"https:\/\/www.soonestpower.com\/es\/wp-json\/wp\/v2\/media?parent=1396"}],"wp:term":[{"taxonomy":"product_brand","embeddable":true,"href":"https:\/\/www.soonestpower.com\/es\/wp-json\/wp\/v2\/product_brand?post=1396"},{"taxonomy":"product_cat","embeddable":true,"href":"https:\/\/www.soonestpower.com\/es\/wp-json\/wp\/v2\/product_cat?post=1396"},{"taxonomy":"product_tag","embeddable":true,"href":"https:\/\/www.soonestpower.com\/es\/wp-json\/wp\/v2\/product_tag?post=1396"}],"curies":[{"name":"WP","href":"https:\/\/api.w.org\/{rel}","templated":true}]}}