{"id":1411,"date":"2024-12-24T15:18:10","date_gmt":"2024-12-24T07:18:10","guid":{"rendered":"https:\/\/www.soonestpower.com\/?post_type=product&#038;p=1411"},"modified":"2025-09-20T16:24:05","modified_gmt":"2025-09-20T08:24:05","slug":"bateria-de-litio-2","status":"publish","type":"product","link":"https:\/\/www.soonestpower.com\/es\/product\/lithium-battery-2\/","title":{"rendered":"SOONEST Ciclo Profundo Solar LiFePO4 Bater\u00eda 12.8V \/ 25.6V 50ah 100ah 150ah 200ah 250ah Plomo \u00e1cido a Bater\u00eda de iones de litio recargable 12V \/ 24V Bater\u00eda de litio de precio barato con la mejor calidad"},"content":{"rendered":"<p><span style=\"font-family: 'arial black', sans-serif;\">Caracter\u00edsticas:<\/span><br \/>\n<span style=\"font-family: 'arial black', sans-serif;\">\u25cf Bater\u00eda de litio Bater\u00eda de fosfato de hierro<\/span><br \/>\n<span style=\"font-family: 'arial black', sans-serif;\">\u25cf Vida \u00fatil del ciclo alto: Use 100% nuevas c\u00e9lulas de bater\u00eda de grado A, vida \u00fatil del ciclo hasta 6000 <\/span><br \/>\n<span style=\"font-family: 'arial black', sans-serif;\">\u25cf Mayor densidad energ\u00e9tica, menor volumen para el hogar.<\/span><br \/>\n<span style=\"font-family: 'arial black', sans-serif;\">\u25cf50%  tama\u00f1o m\u00e1s peque\u00f1o para una instalaci\u00f3n m\u00e1s f\u00e1cil y ahorro de espacio en sistemas e\u00f3licos o solares. <\/span><br \/>\n<span style=\"font-family: 'arial black', sans-serif;\">\u25cf Largo ciclo de vida: 6.000 ciclos a 80% de profundidad de descarga (DoD).<\/span><br \/>\n<span style=\"font-family: 'arial black', sans-serif;\">\u25cf &#8220; &#8221; efecto de memoria,&#8221; &#8221; permitiendo la carga parcial sin p\u00e9rdida de rendimiento. <\/span><br \/>\n<span style=\"font-family: 'arial black', sans-serif;\">\u25cf Salida de voltaje estable incluso a bajos niveles de carga. <\/span><br \/>\n<span style=\"font-family: 'arial black', sans-serif;\">\u25cf5- Garant\u00eda de a\u00f1o: respaldado por una d\u00e9cada de garant\u00eda de rendimiento.<\/span><\/p>\n<p><span style=\"font-family: 'arial black', sans-serif;\">Aplicaciones:<\/span><br \/>\n<span style=\"font-family: 'arial black', sans-serif;\">\u25cf Sistema de energ\u00eda solar e\u00f3lica<\/span><br \/>\n<span style=\"font-family: 'arial black', sans-serif;\">\u25cf Herramientas el\u00e9ctricas: taladros el\u00e9ctricos, juguetes Almacenamiento de energ\u00eda<\/span><br \/>\n<span style=\"font-family: 'arial black', sans-serif;\">\u25cf City Grid (On\/Off) Sistema solar de respaldo y UPS<\/span><br \/>\n<span style=\"font-family: 'arial black', sans-serif;\">\u25cf Seguridad y electr\u00f3nica, POS m\u00f3vil, Mining Lihgt \/ antorcha \/ luz led \/ luz de emergencia<\/span><br \/>\n<span style=\"font-family: 'arial black', sans-serif;\">\u25cf Base de telecomunicaciones, sistema CATV, centro de servidor inform\u00e1tico, instrumento m\u00e9dico Otras aplicaciones<\/span><\/p>","protected":false},"excerpt":{"rendered":"<p><span style=\"font-family: arial, helvetica, sans-serif;\">Dise\u00f1ada para sistemas de energ\u00eda solar, la bater\u00eda de litio SOONEST 12V \/ 24V 100AH 150AH 200AH 250AH reemplaza las bater\u00edas de plomo-\u00e1cido voluminosas con una soluci\u00f3n compacta y de alta eficiencia LiFePO4. Perfecto para casas fuera de la red, cabinas e inversores solares h\u00edbridos y uso de caravanas. Con su dise\u00f1o ultra ligero y alta potencia de arranque, suministra efectivamente energ\u00eda al equipo de inversor solar, asegurando la energ\u00eda del hogar.<\/span><\/p>","protected":false},"featured_media":1416,"comment_status":"closed","ping_status":"closed","template":"","meta":{"_acf_changed":false},"product_brand":[],"product_cat":[78,80],"product_tag":[],"class_list":{"0":"post-1411","1":"product","2":"type-product","3":"status-publish","4":"has-post-thumbnail","6":"product_cat-battery","7":"product_cat-lithium-battery","9":"first","10":"instock","11":"shipping-taxable","12":"product-type-simple"},"acf":[],"_links":{"self":[{"href":"https:\/\/www.soonestpower.com\/es\/wp-json\/wp\/v2\/product\/1411","targetHints":{"allow":["GET"]}}],"collection":[{"href":"https:\/\/www.soonestpower.com\/es\/wp-json\/wp\/v2\/product"}],"about":[{"href":"https:\/\/www.soonestpower.com\/es\/wp-json\/wp\/v2\/types\/product"}],"replies":[{"embeddable":true,"href":"https:\/\/www.soonestpower.com\/es\/wp-json\/wp\/v2\/comments?post=1411"}],"wp:featuredmedia":[{"embeddable":true,"href":"https:\/\/www.soonestpower.com\/es\/wp-json\/wp\/v2\/media\/1416"}],"wp:attachment":[{"href":"https:\/\/www.soonestpower.com\/es\/wp-json\/wp\/v2\/media?parent=1411"}],"wp:term":[{"taxonomy":"product_brand","embeddable":true,"href":"https:\/\/www.soonestpower.com\/es\/wp-json\/wp\/v2\/product_brand?post=1411"},{"taxonomy":"product_cat","embeddable":true,"href":"https:\/\/www.soonestpower.com\/es\/wp-json\/wp\/v2\/product_cat?post=1411"},{"taxonomy":"product_tag","embeddable":true,"href":"https:\/\/www.soonestpower.com\/es\/wp-json\/wp\/v2\/product_tag?post=1411"}],"curies":[{"name":"WP","href":"https:\/\/api.w.org\/{rel}","templated":true}]}}