{"id":1417,"date":"2024-12-24T15:27:59","date_gmt":"2024-12-24T07:27:59","guid":{"rendered":"https:\/\/www.soonestpower.com\/?post_type=product&#038;p=1417"},"modified":"2025-09-23T15:56:11","modified_gmt":"2025-09-23T07:56:11","slug":"otras-baterias-de-litio","status":"publish","type":"product","link":"https:\/\/www.soonestpower.com\/es\/product\/other-lithium-batteries\/","title":{"rendered":"SOONEST Bater\u00eda de iones de litio 48V \/ 51.2V 100AH 200AH 500AH Lifepo4 5Kwh 15Kwh 20Kwh 30Kwh 17.5Kwh Bater\u00eda de almacenamiento de energ\u00eda alimentada por energ\u00eda solar en el hogar"},"content":{"rendered":"<p><span style=\"font-family: 'arial black', sans-serif;\">Caracter\u00edsticas:<\/span><br \/>\n<span style=\"font-family: 'arial black', sans-serif;\">\u25cf Bater\u00eda de litio Bater\u00eda de fosfato de hierro<\/span><br \/>\n<span style=\"font-family: 'arial black', sans-serif;\">\u25cf Soporte conectado en modo paralelo para la expansi\u00f3n<\/span><br \/>\n<span style=\"font-family: 'arial black', sans-serif;\">\u25cf Mayor densidad energ\u00e9tica, menor volumen para el hogar.<\/span><br \/>\n<span style=\"font-family: 'arial black', sans-serif;\">\u25cf  Sistema fotovoltaico: Este paquete de bater\u00edas est\u00e1 dise\u00f1ado para sistemas fotovoltaicos dom\u00e9sticos<\/span><br \/>\n<span style=\"font-family: 'arial black', sans-serif;\">\u25cf Sistema de gesti\u00f3n de bater\u00eda (BMS): Los paquetes de bater\u00eda integrados monitorean su funcionamiento y impiden que la bater\u00eda funcione fuera de las limitaciones del dise\u00f1o.<\/span><br \/>\n<span style=\"font-family: 'arial black', sans-serif;\">\u25cf Expandabilidad: Este paquete de bater\u00eda se puede expandir f\u00e1cilmente a\u00f1adiendo paquetes de bater\u00eda de expansi\u00f3n en conexi\u00f3n paralela.<\/span><br \/>\n<span style=\"font-family: 'arial black', sans-serif;\">\u25cf Largo ciclo de vida: 6.000 ciclos a 80% de profundidad de descarga (DoD).<\/span><br \/>\n<span style=\"font-family: 'arial black', sans-serif;\">\u25cf5- Garant\u00eda de a\u00f1o: respaldado por una d\u00e9cada de garant\u00eda de rendimiento.<\/span><\/p>\n<p><span style=\"font-family: 'arial black', sans-serif;\">Aplicaciones:<\/span><br \/>\n<span style=\"font-family: 'arial black', sans-serif;\">\u25cf Almacenamiento de energ\u00eda solar \u2013 Almacenamiento de energ\u00eda solar para hogares y redes con alta eficiencia.<\/span><br \/>\n<span style=\"font-family: 'arial black', sans-serif;\">\u25cf Dispositivos m\u00e9dicos: energ\u00eda confiable para ventiladores, monitores y equipos port\u00e1tiles.<\/span><br \/>\n<span style=\"font-family: 'arial black', sans-serif;\">\u25cf Drones y UAV \u2013 Alta densidad de energ\u00eda para misiones a\u00e9reas extendidas.<\/span><br \/>\n<span style=\"font-family: 'arial black', sans-serif;\">\u25cf Sistemas Marinos \u2013 Energ\u00eda resistente a la corrosi\u00f3n para barcos y equipos submarinos.<\/span><br \/>\n<span style=\"font-family: 'arial black', sans-serif;\">\u25cf Robots industriales: soluciones de carga r\u00e1pida para maquinaria automatizada.<\/span><br \/>\n<span style=\"font-family: 'arial black', sans-serif;\">\u25cf UPS Backup Systems \u2013 Energ\u00eda instant\u00e1nea para centros de datos e infraestructura cr\u00edtica.<\/span><\/p>","protected":false},"excerpt":{"rendered":"<p><span style=\"font-family: arial, helvetica, sans-serif;\">La bater\u00eda SOONEST Lithium es una bater\u00eda de fosfato de hierro de litio 51.2 de alto rendimiento dise\u00f1ada para aplicaciones solares o dom\u00e9sticas, que ofrece caracter\u00edsticas de seguridad avanzadas, conectividad Bluetooth y una garant\u00eda l\u00edder en la industria de 5 a\u00f1os. Su dise\u00f1o libre de mantenimiento y su robusto almacenamiento de energ\u00eda (5kWh, 10kwh, 15kwh, 17.5kwh, 20kwh, 25kwh y m\u00e1s de 50kwh) aseguran el funcionamiento a largo alcance y la fiabilidad en temperaturas extremas, lo que lo hace ideal para aplicaciones comerciales y del sistema solar dom\u00e9stico, asegura un respaldo de energ\u00eda fiable para electrodom\u00e9sticos, iluminaci\u00f3n, etc.<\/span><\/p>","protected":false},"featured_media":1427,"comment_status":"closed","ping_status":"closed","template":"","meta":{"_acf_changed":false},"product_brand":[],"product_cat":[78,80],"product_tag":[],"class_list":{"0":"post-1417","1":"product","2":"type-product","3":"status-publish","4":"has-post-thumbnail","6":"product_cat-battery","7":"product_cat-lithium-battery","9":"first","10":"instock","11":"shipping-taxable","12":"product-type-simple"},"acf":[],"_links":{"self":[{"href":"https:\/\/www.soonestpower.com\/es\/wp-json\/wp\/v2\/product\/1417","targetHints":{"allow":["GET"]}}],"collection":[{"href":"https:\/\/www.soonestpower.com\/es\/wp-json\/wp\/v2\/product"}],"about":[{"href":"https:\/\/www.soonestpower.com\/es\/wp-json\/wp\/v2\/types\/product"}],"replies":[{"embeddable":true,"href":"https:\/\/www.soonestpower.com\/es\/wp-json\/wp\/v2\/comments?post=1417"}],"wp:featuredmedia":[{"embeddable":true,"href":"https:\/\/www.soonestpower.com\/es\/wp-json\/wp\/v2\/media\/1427"}],"wp:attachment":[{"href":"https:\/\/www.soonestpower.com\/es\/wp-json\/wp\/v2\/media?parent=1417"}],"wp:term":[{"taxonomy":"product_brand","embeddable":true,"href":"https:\/\/www.soonestpower.com\/es\/wp-json\/wp\/v2\/product_brand?post=1417"},{"taxonomy":"product_cat","embeddable":true,"href":"https:\/\/www.soonestpower.com\/es\/wp-json\/wp\/v2\/product_cat?post=1417"},{"taxonomy":"product_tag","embeddable":true,"href":"https:\/\/www.soonestpower.com\/es\/wp-json\/wp\/v2\/product_tag?post=1417"}],"curies":[{"name":"WP","href":"https:\/\/api.w.org\/{rel}","templated":true}]}}