{"id":1437,"date":"2024-12-24T15:37:45","date_gmt":"2024-12-24T07:37:45","guid":{"rendered":"https:\/\/www.soonestpower.com\/?post_type=product&#038;p=1437"},"modified":"2025-09-23T16:14:30","modified_gmt":"2025-09-23T08:14:30","slug":"soonest-mono-a-350w-450w-550w-575w-585w-panel-de-energia-solar-fotovoltaica","status":"publish","type":"product","link":"https:\/\/www.soonestpower.com\/es\/product\/soonest-mono-a-350w-450w-550w-575w-585w-photovoltaic-solar-power-panel\/","title":{"rendered":"Soonest Mono A 350W 450W 550W 575W 585W Panel de energ\u00eda solar fotovoltaica"},"content":{"rendered":"<p><span style=\"font-family: 'arial black', sans-serif;\">Caracter\u00edsticas:<\/span><br \/>\n<span style=\"font-family: 'arial black', sans-serif;\">1. c\u00e9lulas monocristalinas de alta eficiencia; <\/span><br \/>\n<span style=\"font-family: 'arial black', sans-serif;\">2. dise\u00f1o ligero y port\u00e1til; <\/span><br \/>\n<span style=\"font-family: 'arial black', sans-serif;\">3. resistente al clima (IP68 impermeable); <\/span><br \/>\n<span style=\"font-family: 'arial black', sans-serif;\">4. paneles flexibles y doblables; <\/span><br \/>\n<span style=\"font-family: 'arial black', sans-serif;\">5. recubrimiento antirreflectante; <\/span><br \/>\n<span style=\"font-family: 'arial black', sans-serif;\">6. F\u00e1cil instalaci\u00f3n plug-and-play; <\/span><br \/>\n<span style=\"font-family: 'arial black', sans-serif;\">7. controlador de carga incorporado; <\/span><br \/>\n<span style=\"font-family: 'arial black', sans-serif;\">8. superficie de vidrio templado duradera; <\/span><br \/>\n<span style=\"font-family: 'arial black', sans-serif;\">9. Alta tasa de conversi\u00f3n de energ\u00eda (&gt; 22%); <\/span><br \/>\n<span style=\"font-family: 'arial black', sans-serif;\">10. Optimizaci\u00f3n del rendimiento de baja luz.<\/span><\/p>\n<p><span style=\"font-family: 'arial black', sans-serif;\">Aplicaciones:<\/span><br \/>\n<span style=\"font-family: 'arial black', sans-serif;\">1. Generaci\u00f3n de energ\u00eda en el techo residencial; <\/span><br \/>\n<span style=\"font-family: 'arial black', sans-serif;\">2. Energ\u00eda de campamento\/respaldo fuera de la red; <\/span><br \/>\n<span style=\"font-family: 'arial black', sans-serif;\">3. Iluminaci\u00f3n callejera alimentada por energ\u00eda solar; <\/span><br \/>\n<span style=\"font-family: 'arial black', sans-serif;\">4. Sistemas de riego agr\u00edcola; <\/span><br \/>\n<span style=\"font-family: 'arial black', sans-serif;\">5. Carga EVs \/ dispositivos port\u00e1tiles; <\/span><br \/>\n<span style=\"font-family: 'arial black', sans-serif;\">6. Soluciones energ\u00e9ticas marinas\/RV; <\/span><br \/>\n<span style=\"font-family: 'arial black', sans-serif;\">7. Granjas solares industriales; <\/span><br \/>\n<span style=\"font-family: 'arial black', sans-serif;\">8. fuente de alimentaci\u00f3n de socorro en casos de desastre; <\/span><br \/>\n<span style=\"font-family: 'arial black', sans-serif;\">9. Gesti\u00f3n de la energ\u00eda de efecto invernadero; <\/span><br \/>\n<span style=\"font-family: 'arial black', sans-serif;\">10. Soporte de red de sensores IoT.<\/span><\/p>","protected":false},"excerpt":{"rendered":"<p><span style=\"font-family: arial, helvetica, sans-serif;\">El panel solar SOONEST es un dispositivo que convierte la energ\u00eda solar en energ\u00eda el\u00e9ctrica, generalmente hecha de materiales semiconductores como el silicio, que puede generar electricidad a trav\u00e9s del efecto fotovoltaico. Los paneles solares son ampliamente utilizados en la vida moderna, como parte de sistemas de energ\u00eda independientes o conectados a la red, proporcionando energ\u00eda limpia para los hogares y las industrias. Eleva tus proyectos de energ\u00eda verde con los paneles solares monofaciales monocristalinos de tipo N m\u00e1s pronto! Estos m\u00f3dulos PV de un solo vidrio de alto rendimiento est\u00e1n dise\u00f1ados para maximizar su producci\u00f3n de energ\u00eda renovable, con una impresionante eficiencia del 22,85%. Con opciones que incluyen 350W 450W 550W 575W 585W, personaliza su soluci\u00f3n solar para adaptarse a las necesidades \u00fanicas de las instalaciones residenciales y comerciales. Ideales para instalaciones de techo, estos paneles excelen en \u00e1reas con m\u00ednimo o ning\u00fan reflejo de luz del suelo, garantizando durabilidad y una extensa cobertura de garant\u00eda: 25 a\u00f1os para los materiales y 30 a\u00f1os sin igual para la potencia. Elija lo antes posible para su pr\u00f3xima empresa solar y asegure ahorros considerables en electricidad con nuestra tecnolog\u00eda solar de vanguardia.<\/span><\/p>","protected":false},"featured_media":1443,"comment_status":"closed","ping_status":"closed","template":"","meta":{"_acf_changed":false},"product_brand":[],"product_cat":[86],"product_tag":[],"class_list":{"0":"post-1437","1":"product","2":"type-product","3":"status-publish","4":"has-post-thumbnail","6":"product_cat-solar-panel","8":"first","9":"instock","10":"shipping-taxable","11":"product-type-simple"},"acf":[],"_links":{"self":[{"href":"https:\/\/www.soonestpower.com\/es\/wp-json\/wp\/v2\/product\/1437","targetHints":{"allow":["GET"]}}],"collection":[{"href":"https:\/\/www.soonestpower.com\/es\/wp-json\/wp\/v2\/product"}],"about":[{"href":"https:\/\/www.soonestpower.com\/es\/wp-json\/wp\/v2\/types\/product"}],"replies":[{"embeddable":true,"href":"https:\/\/www.soonestpower.com\/es\/wp-json\/wp\/v2\/comments?post=1437"}],"wp:featuredmedia":[{"embeddable":true,"href":"https:\/\/www.soonestpower.com\/es\/wp-json\/wp\/v2\/media\/1443"}],"wp:attachment":[{"href":"https:\/\/www.soonestpower.com\/es\/wp-json\/wp\/v2\/media?parent=1437"}],"wp:term":[{"taxonomy":"product_brand","embeddable":true,"href":"https:\/\/www.soonestpower.com\/es\/wp-json\/wp\/v2\/product_brand?post=1437"},{"taxonomy":"product_cat","embeddable":true,"href":"https:\/\/www.soonestpower.com\/es\/wp-json\/wp\/v2\/product_cat?post=1437"},{"taxonomy":"product_tag","embeddable":true,"href":"https:\/\/www.soonestpower.com\/es\/wp-json\/wp\/v2\/product_tag?post=1437"}],"curies":[{"name":"WP","href":"https:\/\/api.w.org\/{rel}","templated":true}]}}