{"id":1451,"date":"2024-12-24T15:46:33","date_gmt":"2024-12-24T07:46:33","guid":{"rendered":"https:\/\/www.soonestpower.com\/?post_type=product&#038;p=1451"},"modified":"2025-09-23T17:28:36","modified_gmt":"2025-09-23T09:28:36","slug":"bomba-solar","status":"publish","type":"product","link":"https:\/\/www.soonestpower.com\/es\/product\/solar-pump\/","title":{"rendered":"Bomba solar AC \/ DC &#8211; Bomba de agua solar de riego potente de cabeza alta"},"content":{"rendered":"<p><span style=\"font-family: 'arial black', sans-serif;\">Caracter\u00edsticas:<\/span><br \/>\n<span style=\"font-family: 'arial black', sans-serif;\">1. **DC motor de im\u00e1n permanente sin cepillo** para una alta eficiencia (hasta un ahorro de energ\u00eda del 25%). <\/span><br \/>\n<span style=\"font-family: 'arial black', sans-serif;\">2. **Operaci\u00f3n sin bater\u00eda** con energ\u00eda solar directa, reduciendo el mantenimiento y los costos. <\/span><br \/>\n<span style=\"font-family: 'arial black', sans-serif;\">3. ** MPPT autom\u00e1tico (seguimiento m\u00e1ximo del punto de potencia) ** para una conversi\u00f3n \u00f3ptima de energ\u00eda. <\/span><br \/>\n<span style=\"font-family: 'arial black', sans-serif;\">4. **Protecci\u00f3n contra sobrecarga y ejecuci\u00f3n en seco** para garantizar la longevidad del sistema. <\/span><br \/>\n<span style=\"font-family: 'arial black', sans-serif;\">5. **Componentes sellados ambientalmente** (por ejemplo, estator\/rotor fundido con resina) para durabilidad en condiciones duraderas. <\/span><br \/>\n<span style=\"font-family: 'arial black', sans-serif;\">6. **Dise\u00f1os ligeros y port\u00e1tiles** con paneles solares plegables para aplicaciones m\u00f3viles. <\/span><br \/>\n<span style=\"font-family: 'arial black', sans-serif;\">7. **Bajo mantenimiento** con rodamientos lubricados por agua y operaci\u00f3n sin aceite. <\/span><br \/>\n<span style=\"font-family: 'arial black', sans-serif;\">8. **Capacidades de alta cabeza y alto flujo** (hasta 320m cabeza, 700m\u00b3 \/ h flujo). <\/span><br \/>\n<span style=\"font-family: 'arial black', sans-serif;\">9. **Compatibilidad con sistemas h\u00edbridos AC\/DC** para respaldo de la red. <\/span><br \/>\n<span style=\"font-family: 'arial black', sans-serif;\">10. **Clasificaci\u00f3n impermeable IP68** para entornos marinos o propensos a inundaciones. <\/span><\/p>\n<p><span style=\"font-family: 'arial black', sans-serif;\">Aplicaciones: <\/span><br \/>\n<span style=\"font-family: 'arial black', sans-serif;\">1. **Irrigaci\u00f3n agr\u00edcola** para cultivos en zonas remotas o fuera de la red. <\/span><br \/>\n<span style=\"font-family: 'arial black', sans-serif;\">2. **Riego del ganado** en pastos o explotaciones rurales. <\/span><br \/>\n<span style=\"font-family: 'arial black', sans-serif;\">3. **Suministro de agua residencial** para hogares sin acceso a la red. <\/span><br \/>\n<span style=\"font-family: 'arial black', sans-serif;\">4. **Control de los desiertos** mediante el suministro sostenible de agua para la forestaci\u00f3n. <\/span><br \/>\n<span style=\"font-family: 'arial black', sans-serif;\">5. **Suministro de agua de emergencia** en situaciones de socorro en casos de desastre. <\/span><br \/>\n<span style=\"font-family: 'arial black', sans-serif;\">6. ** Sistemas de agua** para barcos o casas m\u00f3viles. <\/span><br \/>\n<span style=\"font-family: 'arial black', sans-serif;\">7. **Paisajismo urbano** (por ejemplo, fuentes, parques) utilizando bombas a energ\u00eda solar. <\/span><br \/>\n<span style=\"font-family: 'arial black', sans-serif;\">8. **Circulaci\u00f3n de piscina** con soluciones solares eficientes en la energ\u00eda. <\/span><br \/>\n<span style=\"font-family: 'arial black', sans-serif;\">9. **Desalinizaci\u00f3n del agua de mar** en las regiones costeras. <\/span><br \/>\n<span style=\"font-family: 'arial black', sans-serif;\">10. **Gesti\u00f3n industrial del agua** para f\u00e1bricas o sitios mineros. <\/span><\/p>","protected":false},"excerpt":{"rendered":"<p><span style=\"font-family: arial, helvetica, sans-serif;\">Las bombas solares dependen de la electricidad generada por los paneles fotovoltaicos (PV) o el calor radiante obtenido de la luz solar recogida para funcionar, en lugar de la energ\u00eda de la red o las bombas de agua impulsadas por di\u00e9sel. Las bombas solares consisten en conjuntos de paneles solares, controladores de carga solar, bombas de agua CC, cajas de fusibles \/ disyuntores, alambres y tanques de almacenamiento de agua, lo que los hace m\u00e1s econ\u00f3micos principalmente debido a sus menores costos de operaci\u00f3n y mantenimiento.<\/span><\/p>","protected":false},"featured_media":1452,"comment_status":"closed","ping_status":"closed","template":"","meta":{"_acf_changed":false},"product_brand":[],"product_cat":[82,85],"product_tag":[],"class_list":{"0":"post-1451","1":"product","2":"type-product","3":"status-publish","4":"has-post-thumbnail","6":"product_cat-home-applications","7":"product_cat-solar-pump","9":"first","10":"instock","11":"shipping-taxable","12":"product-type-simple"},"acf":[],"_links":{"self":[{"href":"https:\/\/www.soonestpower.com\/es\/wp-json\/wp\/v2\/product\/1451","targetHints":{"allow":["GET"]}}],"collection":[{"href":"https:\/\/www.soonestpower.com\/es\/wp-json\/wp\/v2\/product"}],"about":[{"href":"https:\/\/www.soonestpower.com\/es\/wp-json\/wp\/v2\/types\/product"}],"replies":[{"embeddable":true,"href":"https:\/\/www.soonestpower.com\/es\/wp-json\/wp\/v2\/comments?post=1451"}],"wp:featuredmedia":[{"embeddable":true,"href":"https:\/\/www.soonestpower.com\/es\/wp-json\/wp\/v2\/media\/1452"}],"wp:attachment":[{"href":"https:\/\/www.soonestpower.com\/es\/wp-json\/wp\/v2\/media?parent=1451"}],"wp:term":[{"taxonomy":"product_brand","embeddable":true,"href":"https:\/\/www.soonestpower.com\/es\/wp-json\/wp\/v2\/product_brand?post=1451"},{"taxonomy":"product_cat","embeddable":true,"href":"https:\/\/www.soonestpower.com\/es\/wp-json\/wp\/v2\/product_cat?post=1451"},{"taxonomy":"product_tag","embeddable":true,"href":"https:\/\/www.soonestpower.com\/es\/wp-json\/wp\/v2\/product_tag?post=1451"}],"curies":[{"name":"WP","href":"https:\/\/api.w.org\/{rel}","templated":true}]}}