{"id":1381,"date":"2024-12-24T14:55:16","date_gmt":"2024-12-24T06:55:16","guid":{"rendered":"https:\/\/www.soonestpower.com\/?post_type=product&#038;p=1381"},"modified":"2025-09-20T16:13:08","modified_gmt":"2025-09-20T08:13:08","slug":"soonest-sf-series-hybrid-inverter-1kw-10-2kw-single-phase","status":"publish","type":"product","link":"https:\/\/www.soonestpower.com\/fr\/product\/soonest-sf-series-hybrid-inverter-1kw-10-2kw-single-phase\/","title":{"rendered":"Barest SF Series Hybrid Onverter 1KW-10.2KW Sic phase"},"content":{"rendered":"<p><span style=\"font-family: 'arial black', sans-serif;\">Caract\u00e9ristiques:<\/span><br \/>\n<span style=\"font-family: 'arial black', sans-serif;\">\u25cf Solarinverter \u00e0 onde sinuso\u00efdale pure<\/span><br \/>\n<span style=\"font-family: 'arial black', sans-serif;\">\u25cf Facteur de puissance de sortie 1.0<\/span><br \/>\n<span style=\"font-family: 'arial black', sans-serif;\">\u25cf WiFi et GPRS disponibles pour iOS et Android<\/span><br \/>\n<span style=\"font-family: 'arial black', sans-serif;\">\u25cf Onduleur en marche sans batterie<\/span><br \/>\n<span style=\"font-family: 'arial black', sans-serif;\">\u25cf int\u00e9gr\u00e9 100a \/120A\/160A chargeur solaire MPPT<\/span><br \/>\n<span style=\"font-family: 'arial black', sans-serif;\">\u25cf Plage de tension d'entr\u00e9e PV \u00e9lev\u00e9e (90 ~ 450VDC)<\/span><br \/>\n<span style=\"font-family: 'arial black', sans-serif;\">\u25cf Kit anti-dusk int\u00e9gr\u00e9 pour un environnement s\u00e9v\u00e8re<\/span><br \/>\n<span style=\"font-family: 'arial black', sans-serif;\">\u25cf Conception de charge de batterie intelligente pour optimiser la dur\u00e9e de vie de la batterie<\/span><br \/>\n<span style=\"font-family: 'arial black', sans-serif;\">\u25cf Priorit\u00e9 facultative d'entr\u00e9e AC\/DC\/entr\u00e9e solaire<\/span><\/p>\n<p><span style=\"font-family: 'arial black', sans-serif;\">Applications :<\/span><br \/>\n<span style=\"font-family: 'arial black', sans-serif;\">1. **Syst\u00e8mes de toit r\u00e9sidentiels** <\/span><br \/>\n<span style=\"font-family: 'arial black', sans-serif;\">Convertir le courant continu solaire en courant alternatif pour les maisons, permettant des \u00e9conomies sur le r\u00e9seau et l'\u00e9lectricit\u00e9 des appareils. <\/span><br \/>\n<span style=\"font-family: 'arial black', sans-serif;\">2. **Stockage commercial de l &apos; \u00e9nergie** <\/span><br \/>\n<span style=\"font-family: 'arial black', sans-serif;\">G\u00e9rez les charges de pointe et r\u00e9duisez les co\u00fbts dans les bureaux\/usines avec des onduleurs \u00e0 grille. <\/span><br \/>\n<span style=\"font-family: 'arial black', sans-serif;\">3. **\u00c9nergie rurale hors r\u00e9seau** <\/span><br \/>\n<span style=\"font-family: 'arial black', sans-serif;\">Fournir de l'\u00e9lectricit\u00e9 aux zones \u00e9loign\u00e9es par l'interm\u00e9diaire d'onduleurs hybrides stockage de batterie. <\/span><br \/>\n<span style=\"font-family: 'arial black', sans-serif;\">4. **Pompes \u00e0 eau solaires** <\/span><br \/>\n<span style=\"font-family: 'arial black', sans-serif;\">Utilisez des pompes solaires efficaces pour alimenter les syst\u00e8mes d'irrigation agricoles. <\/span><br \/>\n<span style=\"font-family: 'arial black', sans-serif;\">5. **Stations de recharge EV** <\/span><br \/>\n<span style=\"font-family: 'arial black', sans-serif;\">Activez la charge des v\u00e9hicules \u00e9lectriques aliment\u00e9s par \u00e9nergie solaire avec la compatibilit\u00e9 des onduleurs bidirectionnels. <\/span><br \/>\n<span style=\"font-family: 'arial black', sans-serif;\">6. **Sauvegarde de la tour de t\u00e9l\u00e9communications** <\/span><br \/>\n<span style=\"font-family: 'arial black', sans-serif;\">Assurer des op\u00e9rations de t\u00e9l\u00e9communications 24 heures sur 24, 7 jours sur 7 avec des solutions d'onduleurs hors r\u00e9seau. <\/span><br \/>\n<span style=\"font-family: 'arial black', sans-serif;\">7. **G\u00e9n\u00e9rateurs solaires portables** <\/span><br \/>\n<span style=\"font-family: 'arial black', sans-serif;\">\u00c9nergie d'urgence ou d'activit\u00e9s ext\u00e9rieures via des syst\u00e8mes d'onduleurs compacts. <\/span><br \/>\n<span style=\"font-family: 'arial black', sans-serif;\">8. **Marine et RV \u00c9nergie** <\/span><br \/>\n<span style=\"font-family: 'arial black', sans-serif;\">Maintenir l'\u00e9lectronique \u00e0 bord dans les bateaux \/ RV avec des onduleurs de qualit\u00e9 marine. <\/span><br \/>\n<span style=\"font-family: 'arial black', sans-serif;\">9. **Micror\u00e9seaux industriels** <\/span><br \/>\n<span style=\"font-family: 'arial black', sans-serif;\">Stabilisez l'\u00e9nergie de l'usine en utilisant l'int\u00e9gration solaire d'onduleurs formant le r\u00e9seau. <\/span><br \/>\n<span style=\"font-family: 'arial black', sans-serif;\">10. **Fermes solaires flottantes** <\/span><br \/>\n<span style=\"font-family: 'arial black', sans-serif;\">Optimisez l'utilisation des terres avec des onduleurs con\u00e7us pour les panneaux solaires \u00e0 base d'eau. <\/span><\/p>","protected":false},"excerpt":{"rendered":"<p><span style=\"font-family: arial, helvetica, sans-serif;\">Cet inverseur solaire int\u00e8gre la conversion d'\u00e9nergie solaire, la charge de la batterie et l'interaction avec le r\u00e9seau dans une seule unit\u00e9. Les commandes intelligentes int\u00e9gr\u00e9es optimisent l'autoconsommation et l'alimentation de secours lors des pannes. Compatible avec les batteries au lithium et personnalisable via WiFi\/GPRS pour la surveillance \u00e0 distance.<\/span><\/p>","protected":false},"featured_media":1383,"comment_status":"closed","ping_status":"closed","template":"","meta":{"_acf_changed":false},"product_brand":[],"product_cat":[15],"product_tag":[],"class_list":{"0":"post-1381","1":"product","2":"type-product","3":"status-publish","4":"has-post-thumbnail","6":"product_cat-solar-hybrid-inverter","8":"first","9":"instock","10":"shipping-taxable","11":"product-type-simple"},"acf":[],"_links":{"self":[{"href":"https:\/\/www.soonestpower.com\/fr\/wp-json\/wp\/v2\/product\/1381","targetHints":{"allow":["GET"]}}],"collection":[{"href":"https:\/\/www.soonestpower.com\/fr\/wp-json\/wp\/v2\/product"}],"about":[{"href":"https:\/\/www.soonestpower.com\/fr\/wp-json\/wp\/v2\/types\/product"}],"replies":[{"embeddable":true,"href":"https:\/\/www.soonestpower.com\/fr\/wp-json\/wp\/v2\/comments?post=1381"}],"wp:featuredmedia":[{"embeddable":true,"href":"https:\/\/www.soonestpower.com\/fr\/wp-json\/wp\/v2\/media\/1383"}],"wp:attachment":[{"href":"https:\/\/www.soonestpower.com\/fr\/wp-json\/wp\/v2\/media?parent=1381"}],"wp:term":[{"taxonomy":"product_brand","embeddable":true,"href":"https:\/\/www.soonestpower.com\/fr\/wp-json\/wp\/v2\/product_brand?post=1381"},{"taxonomy":"product_cat","embeddable":true,"href":"https:\/\/www.soonestpower.com\/fr\/wp-json\/wp\/v2\/product_cat?post=1381"},{"taxonomy":"product_tag","embeddable":true,"href":"https:\/\/www.soonestpower.com\/fr\/wp-json\/wp\/v2\/product_tag?post=1381"}],"curies":[{"name":"WP","href":"https:\/\/api.w.org\/{rel}","templated":true}]}}