{"id":1384,"date":"2024-12-24T14:58:38","date_gmt":"2024-12-24T06:58:38","guid":{"rendered":"https:\/\/www.soonestpower.com\/?post_type=product&#038;p=1384"},"modified":"2025-09-20T16:18:03","modified_gmt":"2025-09-20T08:18:03","slug":"soonest-mc-series-hybrid-inverter-6-2kw-11kw-single-phase-parallel-operation","status":"publish","type":"product","link":"https:\/\/www.soonestpower.com\/fr\/product\/soonest-mc-series-hybrid-inverter-6-2kw-11kw-single-phase-parallel-operation\/","title":{"rendered":"Le plus t\u00f4t le MC Series Hybrid Invertisseur 6.2KW 11KW Fonctionnement parall\u00e8le monophas\u00e9"},"content":{"rendered":"<p>Fonctionnalit\u00e9:<br \/>\n\u25cf Fr\u00e9quence \u00e9lev\u00e9e, l\u00e9g\u00e8re.<br \/>\n\u25cf Facteur de puissance de sortie: pf = 1.<br \/>\n\u25cf Soutenez la fonction d'activation de la batterie au lithium.<br \/>\n\u25cf Soutenir le fonctionnement parall\u00e8le pour l'expansion de la capacit\u00e9.<br \/>\n\u25cf Affichage en temps r\u00e9el de la charge r\u00e9elle de chargement.<br \/>\n\u25cf Sortie d'onde pure, adaptez avec une charge diff\u00e9rente.<br \/>\n\u25cf Protection de court-circuit de sortie.<br \/>\n\u25cf Surveillance \u00e0 distance Wi-Fi en option.<br \/>\n\u25cf R\u00e9glage des sp\u00e9cifications.<br \/>\n\u25cf Soutien parall\u00e8le jusqu'\u00e0 9pcs de 6.2Kw ou 6pcs de 11Kw.<\/p>\n<p>&nbsp;<\/p>\n<p><img fetchpriority=\"high\" decoding=\"async\" class=\"alignnone size-medium wp-image-1386\" src=\"https:\/\/www.soonestpower.com\/wp-content\/uploads\/2024\/12\/3.1-300x199.jpg\" alt=\"\" width=\"300\" height=\"199\" srcset=\"\" sizes=\"(max-width: 300px) 100vw, 300px\" data-srcset=\"\" \/><\/p>\n<p>Applications :<br \/>\n1. **Syst\u00e8mes de toit r\u00e9sidentiels**<br \/>\nConvertir le courant continu solaire en courant alternatif pour les maisons, permettant des \u00e9conomies sur le r\u00e9seau et l'\u00e9lectricit\u00e9 des appareils.<br \/>\n2. **Stockage commercial de l &apos; \u00e9nergie**<br \/>\nG\u00e9rez les charges de pointe et r\u00e9duisez les co\u00fbts dans les bureaux\/usines avec des onduleurs \u00e0 grille.<br \/>\n3. **\u00c9nergie rurale hors r\u00e9seau**<br \/>\nFournir de l'\u00e9lectricit\u00e9 aux zones \u00e9loign\u00e9es par l'interm\u00e9diaire d'onduleurs hybrides stockage de batterie.<br \/>\n4. **Pompes \u00e0 eau solaires**<br \/>\nUtilisez des pompes solaires efficaces pour alimenter les syst\u00e8mes d'irrigation agricoles.<br \/>\n5. **Stations de recharge EV**<br \/>\nActivez la charge des v\u00e9hicules \u00e9lectriques aliment\u00e9s par \u00e9nergie solaire avec la compatibilit\u00e9 des onduleurs bidirectionnels.<br \/>\n6. **Sauvegarde de la tour de t\u00e9l\u00e9communications**<br \/>\nAssurer des op\u00e9rations de t\u00e9l\u00e9communications 24 heures sur 24, 7 jours sur 7 avec des solutions d'onduleurs hors r\u00e9seau.<br \/>\n7. **G\u00e9n\u00e9rateurs solaires portables**<br \/>\n\u00c9nergie d'urgence ou d'activit\u00e9s ext\u00e9rieures via des syst\u00e8mes d'onduleurs compacts.<br \/>\n8. **Marine et RV \u00c9nergie**<br \/>\nMaintenir l'\u00e9lectronique \u00e0 bord dans les bateaux \/ RV avec des onduleurs de qualit\u00e9 marine.<br \/>\n9. **Micror\u00e9seaux industriels**<br \/>\nStabilisez l'\u00e9nergie de l'usine en utilisant l'int\u00e9gration solaire d'onduleurs formant le r\u00e9seau.<br \/>\n10. **Fermes solaires flottantes**<br \/>\nOptimisez l'utilisation des terres avec des onduleurs con\u00e7us pour les panneaux solaires \u00e0 base d'eau.<\/p>","protected":false},"excerpt":{"rendered":"<p>9pcs de 6.2Kw ou 6pcs de 11Kw fonctionnement parall\u00e8le, industriel-grade 55.8Kw ou 66Kw onduleur con\u00e7u pour les grands r\u00e9seaux solaires. Offre une efficacit\u00e9 de 97,5%, une protection Ip21 et un support de r\u00e9seau dynamique. Prend en charge les configurations parall\u00e8les pour l'\u00e9volutivit\u00e9 et comprend la technologie anti-Pid pour prolonger la dur\u00e9e de vie du panneau. Id\u00e9al pour les usines ou les toits commerciaux.<\/p>","protected":false},"featured_media":1387,"comment_status":"closed","ping_status":"closed","template":"","meta":{"_acf_changed":false},"product_brand":[],"product_cat":[15],"product_tag":[],"class_list":{"0":"post-1384","1":"product","2":"type-product","3":"status-publish","4":"has-post-thumbnail","6":"product_cat-solar-hybrid-inverter","8":"first","9":"instock","10":"shipping-taxable","11":"product-type-simple"},"acf":[],"_links":{"self":[{"href":"https:\/\/www.soonestpower.com\/fr\/wp-json\/wp\/v2\/product\/1384","targetHints":{"allow":["GET"]}}],"collection":[{"href":"https:\/\/www.soonestpower.com\/fr\/wp-json\/wp\/v2\/product"}],"about":[{"href":"https:\/\/www.soonestpower.com\/fr\/wp-json\/wp\/v2\/types\/product"}],"replies":[{"embeddable":true,"href":"https:\/\/www.soonestpower.com\/fr\/wp-json\/wp\/v2\/comments?post=1384"}],"wp:featuredmedia":[{"embeddable":true,"href":"https:\/\/www.soonestpower.com\/fr\/wp-json\/wp\/v2\/media\/1387"}],"wp:attachment":[{"href":"https:\/\/www.soonestpower.com\/fr\/wp-json\/wp\/v2\/media?parent=1384"}],"wp:term":[{"taxonomy":"product_brand","embeddable":true,"href":"https:\/\/www.soonestpower.com\/fr\/wp-json\/wp\/v2\/product_brand?post=1384"},{"taxonomy":"product_cat","embeddable":true,"href":"https:\/\/www.soonestpower.com\/fr\/wp-json\/wp\/v2\/product_cat?post=1384"},{"taxonomy":"product_tag","embeddable":true,"href":"https:\/\/www.soonestpower.com\/fr\/wp-json\/wp\/v2\/product_tag?post=1384"}],"curies":[{"name":"WP","href":"https:\/\/api.w.org\/{rel}","templated":true}]}}