{"id":1388,"date":"2024-12-24T15:02:11","date_gmt":"2024-12-24T07:02:11","guid":{"rendered":"https:\/\/www.soonestpower.com\/?post_type=product&#038;p=1388"},"modified":"2025-09-20T16:05:57","modified_gmt":"2025-09-20T08:05:57","slug":"soonest-fy-series-hybrid-inverter-1kw-10-2kw-single-phase","status":"publish","type":"product","link":"https:\/\/www.soonestpower.com\/fr\/product\/soonest-fy-series-hybrid-inverter-1kw-10-2kw-single-phase\/","title":{"rendered":"Barest Fy Series Hybrid Inverter 1KW-10.2KW SIGNIPE"},"content":{"rendered":"<p><span style=\"font-family: 'arial black', sans-serif;\">Caract\u00e9ristiques :<\/span><br \/>\n<span style=\"font-family: 'arial black', sans-serif;\">\u25cf Inverteur solaire \u00e0 ondes sinusoidales pures (grille allum\u00e9e\/\u00e9teinte).<\/span><br \/>\n<span style=\"font-family: 'arial black', sans-serif;\">\u25cf R\u00e9glage LCD intelligent (modes de travail, courant de charge, tension de charge, etc.).<\/span><br \/>\n<span style=\"font-family: 'arial black', sans-serif;\">\u25cf Contr\u00f4leur de charge solaire MPPT int\u00e9gr\u00e9 100A\/120A\/160A.<\/span><br \/>\n<span style=\"font-family: 'arial black', sans-serif;\">\u25cf Large gamme de tension d'entr\u00e9e PV jusqu'\u00e0 450V.<\/span><br \/>\n<span style=\"font-family: 'arial black', sans-serif;\">\u25cf Combiner le syst\u00e8me solaire, l'utilit\u00e9 AC et la source d'alimentation de la batterie pour fournir une alimentation continue<\/span><br \/>\n<span style=\"font-family: 'arial black', sans-serif;\">\u25cf Protection contre la surcharge, le court-circuit et la d\u00e9charge profonde.<\/span><br \/>\n<span style=\"font-family: 'arial black', sans-serif;\">\u25cf Fonction de d\u00e9marrage \u00e0 froid.<\/span><br \/>\n<span style=\"font-family: 'arial black', sans-serif;\">\u25cf Prise en charge de la fonction de surveillance RS485.<\/span><br \/>\n<span style=\"font-family: 'arial black', sans-serif;\">\u25cf Conception intelligente de charge de batterie pour optimiser la dur\u00e9e de vie de la batterie.<\/span><br \/>\n<span style=\"font-family: 'arial black', sans-serif;\">\u25cf Restauration en un clic vers les param\u00e8tres d'usine.<\/span><\/p>\n<p><span style=\"font-family: 'arial black', sans-serif;\">Applications :<\/span><br \/>\n<span style=\"font-family: 'arial black', sans-serif;\">1. **Syst\u00e8mes de toit r\u00e9sidentiels** <\/span><br \/>\n<span style=\"font-family: 'arial black', sans-serif;\">Convertir le courant continu solaire en courant alternatif pour les maisons, permettant des \u00e9conomies sur le r\u00e9seau et l'\u00e9lectricit\u00e9 des appareils. <\/span><br \/>\n<span style=\"font-family: 'arial black', sans-serif;\">2. **Stockage commercial de l &apos; \u00e9nergie** <\/span><br \/>\n<span style=\"font-family: 'arial black', sans-serif;\">G\u00e9rez les charges de pointe et r\u00e9duisez les co\u00fbts dans les bureaux\/usines avec des onduleurs \u00e0 grille. <\/span><br \/>\n<span style=\"font-family: 'arial black', sans-serif;\">3. **\u00c9nergie rurale hors r\u00e9seau** <\/span><br \/>\n<span style=\"font-family: 'arial black', sans-serif;\">Fournir de l'\u00e9lectricit\u00e9 aux zones \u00e9loign\u00e9es par l'interm\u00e9diaire d'onduleurs hybrides stockage de batterie. <\/span><br \/>\n<span style=\"font-family: 'arial black', sans-serif;\">4. **Pompes \u00e0 eau solaires** <\/span><br \/>\n<span style=\"font-family: 'arial black', sans-serif;\">Utilisez des pompes solaires efficaces pour alimenter les syst\u00e8mes d'irrigation agricoles. <\/span><br \/>\n<span style=\"font-family: 'arial black', sans-serif;\">5. **Stations de recharge EV** <\/span><br \/>\n<span style=\"font-family: 'arial black', sans-serif;\">Activez la charge des v\u00e9hicules \u00e9lectriques aliment\u00e9s par \u00e9nergie solaire avec la compatibilit\u00e9 des onduleurs bidirectionnels. <\/span><br \/>\n<span style=\"font-family: 'arial black', sans-serif;\">6. **Sauvegarde de la tour de t\u00e9l\u00e9communications** <\/span><br \/>\n<span style=\"font-family: 'arial black', sans-serif;\">Assurer des op\u00e9rations de t\u00e9l\u00e9communications 24 heures sur 24, 7 jours sur 7 avec des solutions d'onduleurs hors r\u00e9seau. <\/span><br \/>\n<span style=\"font-family: 'arial black', sans-serif;\">7. **G\u00e9n\u00e9rateurs solaires portables** <\/span><br \/>\n<span style=\"font-family: 'arial black', sans-serif;\">\u00c9nergie d'urgence ou d'activit\u00e9s ext\u00e9rieures via des syst\u00e8mes d'onduleurs compacts. <\/span><br \/>\n<span style=\"font-family: 'arial black', sans-serif;\">8. **Marine et RV \u00c9nergie** <\/span><br \/>\n<span style=\"font-family: 'arial black', sans-serif;\">Maintenir l'\u00e9lectronique \u00e0 bord dans les bateaux \/ RV avec des onduleurs de qualit\u00e9 marine. <\/span><br \/>\n<span style=\"font-family: 'arial black', sans-serif;\">9. **Micror\u00e9seaux industriels** <\/span><br \/>\n<span style=\"font-family: 'arial black', sans-serif;\">Stabilisez l'\u00e9nergie de l'usine en utilisant l'int\u00e9gration solaire d'onduleurs formant le r\u00e9seau. <\/span><br \/>\n<span style=\"font-family: 'arial black', sans-serif;\">10. **Fermes solaires flottantes** <\/span><br \/>\n<span style=\"font-family: 'arial black', sans-serif;\">Optimisez l'utilisation des terres avec des onduleurs con\u00e7us pour les panneaux solaires \u00e0 base d'eau.<\/span><\/p>\n<p>&nbsp;<\/p>","protected":false},"excerpt":{"rendered":"<p><span style=\"font-family: arial, helvetica, sans-serif;\">R\u00e9cup\u00e9rer l'\u00e9nergie solaire en exc\u00e8s et r\u00e9duire les co\u00fbts d'\u00e9lectricit\u00e9. Efficacit\u00e9 MPPT de 99,8%, taux de conversion de pointe de 94% et protection avanc\u00e9e (anti-gla\u00e7age, surtension et surge \u00e9clair). Id\u00e9al pour les installations r\u00e9sidentielles et commerciales avec connexions au r\u00e9seau. Il assure une performance stable \u00e0 des temp\u00e9ratures extr\u00eames (-10 \u00b0 C \u00e0 50 \u00b0 C) et peut \u00eatre surveill\u00e9 \u00e0 distance via WIFI \/ GPRS.<\/span><\/p>","protected":false},"featured_media":1392,"comment_status":"closed","ping_status":"closed","template":"","meta":{"_acf_changed":false},"product_brand":[],"product_cat":[15],"product_tag":[],"class_list":{"0":"post-1388","1":"product","2":"type-product","3":"status-publish","4":"has-post-thumbnail","6":"product_cat-solar-hybrid-inverter","8":"first","9":"instock","10":"shipping-taxable","11":"product-type-simple"},"acf":[],"_links":{"self":[{"href":"https:\/\/www.soonestpower.com\/fr\/wp-json\/wp\/v2\/product\/1388","targetHints":{"allow":["GET"]}}],"collection":[{"href":"https:\/\/www.soonestpower.com\/fr\/wp-json\/wp\/v2\/product"}],"about":[{"href":"https:\/\/www.soonestpower.com\/fr\/wp-json\/wp\/v2\/types\/product"}],"replies":[{"embeddable":true,"href":"https:\/\/www.soonestpower.com\/fr\/wp-json\/wp\/v2\/comments?post=1388"}],"wp:featuredmedia":[{"embeddable":true,"href":"https:\/\/www.soonestpower.com\/fr\/wp-json\/wp\/v2\/media\/1392"}],"wp:attachment":[{"href":"https:\/\/www.soonestpower.com\/fr\/wp-json\/wp\/v2\/media?parent=1388"}],"wp:term":[{"taxonomy":"product_brand","embeddable":true,"href":"https:\/\/www.soonestpower.com\/fr\/wp-json\/wp\/v2\/product_brand?post=1388"},{"taxonomy":"product_cat","embeddable":true,"href":"https:\/\/www.soonestpower.com\/fr\/wp-json\/wp\/v2\/product_cat?post=1388"},{"taxonomy":"product_tag","embeddable":true,"href":"https:\/\/www.soonestpower.com\/fr\/wp-json\/wp\/v2\/product_tag?post=1388"}],"curies":[{"name":"WP","href":"https:\/\/api.w.org\/{rel}","templated":true}]}}