{"id":1393,"date":"2024-12-24T15:04:08","date_gmt":"2024-12-24T07:04:08","guid":{"rendered":"https:\/\/www.soonestpower.com\/?post_type=product&#038;p=1393"},"modified":"2025-09-20T16:11:09","modified_gmt":"2025-09-20T08:11:09","slug":"soonest-my-series-hybrid-inverter-1kw-10-2kw-single-phase","status":"publish","type":"product","link":"https:\/\/www.soonestpower.com\/fr\/product\/soonest-my-series-hybrid-inverter-1kw-10-2kw-single-phase\/","title":{"rendered":"Plus t\u00f4t mon onduleur hybride de s\u00e9rie 1KW-10.2 KW"},"content":{"rendered":"<p><span style=\"font-size: 12pt; font-family: 'arial black', sans-serif;\">Caract\u00e9ristiques :<\/span><br \/>\n<span style=\"font-size: 12pt; font-family: 'arial black', sans-serif;\">\u25cf Inverteur d'onde sinusoidale pure.<\/span><br \/>\n<span style=\"font-size: 12pt; font-family: 'arial black', sans-serif;\">\u25cf  Gamme de tension d'entr\u00e9e configurable pour appareils \u00e9lectrom\u00e9nagers et ordinateurs personnels via r\u00e9glage LCD.<\/span><br \/>\n<span style=\"font-size: 12pt; font-family: 'arial black', sans-serif;\">\u25cf Courant de charge de la batterie configurable en fonction des applications via le r\u00e9glage LCD.<\/span><br \/>\n<span style=\"font-size: 12pt; font-family: 'arial black', sans-serif;\">\u25cf Priorit\u00e9 AC\/Solar Charger configurable via r\u00e9glage LCD.<\/span><br \/>\n<span style=\"font-size: 12pt; font-family: 'arial black', sans-serif;\">\u25cf Compatible avec la tension r\u00e9seau ou la puissance du g\u00e9n\u00e9rateur.<\/span><br \/>\n<span style=\"font-size: 12pt; font-family: 'arial black', sans-serif;\">\u25cf Red\u00e9marrage automatique pendant que le CA se r\u00e9cup\u00e8re, fonction de d\u00e9marrage \u00e0 froid.<\/span><br \/>\n<span style=\"font-size: 12pt; font-family: 'arial black', sans-serif;\">\u25cf Fonction d'\u00e9galisation de la batterie pour optimiser les performances de la batterie et prolonger le cycle de vie.<\/span><br \/>\n<span style=\"font-size: 12pt; font-family: 'arial black', sans-serif;\">\u25cf Conception intelligente du chargeur de batterie pour optimiser les performances de la batterie.<\/span><br \/>\n<span style=\"font-size: 12pt; font-family: 'arial black', sans-serif;\">\u25cf Utilisez des mati\u00e8res premi\u00e8res de haute qualit\u00e9 pour pr\u00e9venir la corrosion et prolonger la dur\u00e9e de vie.<\/span><br \/>\n<span style=\"font-size: 12pt; font-family: 'arial black', sans-serif;\">\u25cf Chaque produit est soumis \u00e0 un test de vieillissement pendant au moins 2 heures avant l'exp\u00e9dition.<\/span><\/p>\n<p><span style=\"font-size: 12pt; font-family: 'arial black', sans-serif;\">Applications :<\/span><br \/>\n<span style=\"font-size: 12pt; font-family: 'arial black', sans-serif;\">1. **Syst\u00e8mes de toit r\u00e9sidentiels**\u00a0<\/span><br \/>\n<span style=\"font-size: 12pt; font-family: 'arial black', sans-serif;\">Convertir le courant continu solaire en courant alternatif pour les maisons, permettant des \u00e9conomies sur le r\u00e9seau et l'\u00e9lectricit\u00e9 des appareils. <\/span><br \/>\n<span style=\"font-size: 12pt; font-family: 'arial black', sans-serif;\">2. **Stockage commercial de l &apos; \u00e9nergie** <\/span><br \/>\n<span style=\"font-size: 12pt; font-family: 'arial black', sans-serif;\">G\u00e9rez les charges de pointe et r\u00e9duisez les co\u00fbts dans les bureaux\/usines avec des onduleurs \u00e0 grille. <\/span><br \/>\n<span style=\"font-size: 12pt; font-family: 'arial black', sans-serif;\">3. **\u00c9nergie rurale hors r\u00e9seau** <\/span><br \/>\n<span style=\"font-size: 12pt; font-family: 'arial black', sans-serif;\">Fournir de l'\u00e9lectricit\u00e9 aux zones \u00e9loign\u00e9es par l'interm\u00e9diaire d'onduleurs hybrides stockage de batterie. <\/span><br \/>\n<span style=\"font-size: 12pt; font-family: 'arial black', sans-serif;\">4. **Pompes \u00e0 eau solaires** <\/span><br \/>\n<span style=\"font-size: 12pt; font-family: 'arial black', sans-serif;\">Utilisez des pompes solaires efficaces pour alimenter les syst\u00e8mes d'irrigation agricoles. <\/span><br \/>\n<span style=\"font-size: 12pt; font-family: 'arial black', sans-serif;\">5. **Stations de recharge EV** <\/span><br \/>\n<span style=\"font-size: 12pt; font-family: 'arial black', sans-serif;\">Activez la charge des v\u00e9hicules \u00e9lectriques aliment\u00e9s par \u00e9nergie solaire avec la compatibilit\u00e9 des onduleurs bidirectionnels. <\/span><br \/>\n<span style=\"font-size: 12pt; font-family: 'arial black', sans-serif;\">6. **Sauvegarde de la tour de t\u00e9l\u00e9communications** <\/span><br \/>\n<span style=\"font-size: 12pt; font-family: 'arial black', sans-serif;\">Assurer des op\u00e9rations de t\u00e9l\u00e9communications 24 heures sur 24, 7 jours sur 7 avec des solutions d'onduleurs hors r\u00e9seau. <\/span><br \/>\n<span style=\"font-size: 12pt; font-family: 'arial black', sans-serif;\">7. **G\u00e9n\u00e9rateurs solaires portables** <\/span><br \/>\n<span style=\"font-size: 12pt; font-family: 'arial black', sans-serif;\">\u00c9nergie d'urgence ou d'activit\u00e9s ext\u00e9rieures via des syst\u00e8mes d'onduleurs compacts. <\/span><br \/>\n<span style=\"font-size: 12pt; font-family: 'arial black', sans-serif;\">8. **Marine et RV \u00c9nergie** <\/span><br \/>\n<span style=\"font-size: 12pt; font-family: 'arial black', sans-serif;\">Maintenir l'\u00e9lectronique \u00e0 bord dans les bateaux \/ RV avec des onduleurs de qualit\u00e9 marine. <\/span><br \/>\n<span style=\"font-size: 12pt; font-family: 'arial black', sans-serif;\">9. **Micror\u00e9seaux industriels** <\/span><br \/>\n<span style=\"font-size: 12pt; font-family: 'arial black', sans-serif;\">Stabilisez l'\u00e9nergie de l'usine en utilisant l'int\u00e9gration solaire d'onduleurs formant le r\u00e9seau. <\/span><br \/>\n<span style=\"font-size: 12pt; font-family: 'arial black', sans-serif;\">10. **Fermes solaires flottantes** <\/span><br \/>\n<span style=\"font-size: 12pt; font-family: 'arial black', sans-serif;\">Optimisez l'utilisation des terres avec des onduleurs con\u00e7us pour les panneaux solaires \u00e0 base d'eau.<\/span><\/p>\n<p>&nbsp;<\/p>","protected":false},"excerpt":{"rendered":"<p><span style=\"font-family: arial, helvetica, sans-serif;\">Con\u00e7u pour des syst\u00e8mes autonomes, cet inverseur convertit l'\u00e9nergie courante provenant de panneaux solaires en \u00e9lectricit\u00e9 pure \u00e0 ondes sinusoidales. Dot\u00e9 d'une charge solaire MPPT (jusqu'\u00e0 80A), d'une large gamme d'entr\u00e9e photovolta\u00efque (30-400VDC) et d'une gestion intelligente de la batterie pour une efficacit\u00e9 optimale dans les applications d'alimentation \u00e0 distance ou de sauvegarde. La conception \u00e9tanche \u00e0 la poussi\u00e8re assure une fiabilit\u00e9 dans des environnements difficiles.<\/span><\/p>","protected":false},"featured_media":1395,"comment_status":"closed","ping_status":"closed","template":"","meta":{"_acf_changed":false},"product_brand":[],"product_cat":[15],"product_tag":[],"class_list":{"0":"post-1393","1":"product","2":"type-product","3":"status-publish","4":"has-post-thumbnail","6":"product_cat-solar-hybrid-inverter","8":"first","9":"instock","10":"shipping-taxable","11":"product-type-simple"},"acf":[],"_links":{"self":[{"href":"https:\/\/www.soonestpower.com\/fr\/wp-json\/wp\/v2\/product\/1393","targetHints":{"allow":["GET"]}}],"collection":[{"href":"https:\/\/www.soonestpower.com\/fr\/wp-json\/wp\/v2\/product"}],"about":[{"href":"https:\/\/www.soonestpower.com\/fr\/wp-json\/wp\/v2\/types\/product"}],"replies":[{"embeddable":true,"href":"https:\/\/www.soonestpower.com\/fr\/wp-json\/wp\/v2\/comments?post=1393"}],"wp:featuredmedia":[{"embeddable":true,"href":"https:\/\/www.soonestpower.com\/fr\/wp-json\/wp\/v2\/media\/1395"}],"wp:attachment":[{"href":"https:\/\/www.soonestpower.com\/fr\/wp-json\/wp\/v2\/media?parent=1393"}],"wp:term":[{"taxonomy":"product_brand","embeddable":true,"href":"https:\/\/www.soonestpower.com\/fr\/wp-json\/wp\/v2\/product_brand?post=1393"},{"taxonomy":"product_cat","embeddable":true,"href":"https:\/\/www.soonestpower.com\/fr\/wp-json\/wp\/v2\/product_cat?post=1393"},{"taxonomy":"product_tag","embeddable":true,"href":"https:\/\/www.soonestpower.com\/fr\/wp-json\/wp\/v2\/product_tag?post=1393"}],"curies":[{"name":"WP","href":"https:\/\/api.w.org\/{rel}","templated":true}]}}