{"id":1396,"date":"2024-12-24T15:10:28","date_gmt":"2024-12-24T07:10:28","guid":{"rendered":"https:\/\/www.soonestpower.com\/?post_type=product&#038;p=1396"},"modified":"2025-09-20T16:20:29","modified_gmt":"2025-09-20T08:20:29","slug":"batterie-en-gel","status":"publish","type":"product","link":"https:\/\/www.soonestpower.com\/fr\/product\/gel-battery\/","title":{"rendered":"SOONEST Cycle profond AMG \/ GEL Batterie solaire rechargeable 12V 100ah 150ah 200ah 250ah Batterie de gel"},"content":{"rendered":"<p><span style=\"font-family: 'arial black', sans-serif;\">Caract\u00e9ristiques : <\/span><br \/>\n<span style=\"font-family: 'arial black', sans-serif;\">\u25cf  \u00c9lectrolyte gel\u00e9 obtenu en m\u00e9langeant l'acide sulfurique avec la fum\u00e9e de silice. <\/span><br \/>\n<span style=\"font-family: 'arial black', sans-serif;\">\u25cf L'\u00e9lectrolyte est gel, immobile et ne fuit pas, permettant une r\u00e9action uniforme de chaque partie de la plaque. <\/span><br \/>\n<span style=\"font-family: 'arial black', sans-serif;\">\u25cf Performance de d\u00e9charge \u00e0 taux \u00e9lev\u00e9 en raison de la technologie d'assemblage serr\u00e9.<\/span><br \/>\n<span style=\"font-family: 'arial black', sans-serif;\">\u25cf Forte dissipation de chaleur et large plage de temp\u00e9rature de fonctionnement. <\/span><br \/>\n<span style=\"font-family: 'arial black', sans-serif;\">\u25cf \u00c9vitez la brume acide \u00e9tant s\u00e9par\u00e9e, respectueuse de l'environnement.<\/span><br \/>\n<span style=\"font-family: 'arial black', sans-serif;\">\u25cf Un syst\u00e8me de ventilation efficace lib\u00e8re automatiquement le gaz excessif. <\/span><\/p>\n<p><span style=\"font-family: 'arial black', sans-serif;\">Applications :<\/span><br \/>\n<span style=\"font-family: 'arial black', sans-serif;\">\u25cf Syst\u00e8me de stockage d'\u00e9nergie solaire et \u00e9olienne. <\/span><br \/>\n<span style=\"font-family: 'arial black', sans-serif;\">\u25cf EPS et UPS batterie de sauvegarde. <\/span><br \/>\n<span style=\"font-family: 'arial black', sans-serif;\">\u25cf Syst\u00e8me de signal, syst\u00e8me d'\u00e9clairage d'urgence, syst\u00e8me de s\u00e9curit\u00e9. <\/span><br \/>\n<span style=\"font-family: 'arial black', sans-serif;\">\u25cf \u00c9quipement de t\u00e9l\u00e9communications. <\/span><br \/>\n<span style=\"font-family: 'arial black', sans-serif;\">\u25cf Centrale \u00e9lectrique et syst\u00e8me de transmission.<\/span><\/p>","protected":false},"excerpt":{"rendered":"<p><span style=\"font-family: arial, helvetica, sans-serif;\">La batterie SOONEST Solar Cell GEL 12V 100AH 150AH 200AH 250AH est une batterie de gel \u00e0 cycle profond premium con\u00e7ue pour les syst\u00e8mes d'\u00e9nergie renouvelable, y compris le stockage d'\u00e9nergie solaire, \u00e9olienne et hors r\u00e9seau. Sa technologie de gel \u00e9lectrolyte avanc\u00e9e assure des performances exceptionnelles \u00e0 des temp\u00e9ratures extr\u00eames et des cycles de d\u00e9charge prolong\u00e9s. Id\u00e9al pour les solutions de stockage d'\u00e9nergie r\u00e9sidentielles et commerciales.<\/span><\/p>","protected":false},"featured_media":1404,"comment_status":"closed","ping_status":"closed","template":"","meta":{"_acf_changed":false},"product_brand":[],"product_cat":[78,79],"product_tag":[],"class_list":{"0":"post-1396","1":"product","2":"type-product","3":"status-publish","4":"has-post-thumbnail","6":"product_cat-battery","7":"product_cat-gel-battery","9":"first","10":"instock","11":"shipping-taxable","12":"product-type-simple"},"acf":[],"_links":{"self":[{"href":"https:\/\/www.soonestpower.com\/fr\/wp-json\/wp\/v2\/product\/1396","targetHints":{"allow":["GET"]}}],"collection":[{"href":"https:\/\/www.soonestpower.com\/fr\/wp-json\/wp\/v2\/product"}],"about":[{"href":"https:\/\/www.soonestpower.com\/fr\/wp-json\/wp\/v2\/types\/product"}],"replies":[{"embeddable":true,"href":"https:\/\/www.soonestpower.com\/fr\/wp-json\/wp\/v2\/comments?post=1396"}],"wp:featuredmedia":[{"embeddable":true,"href":"https:\/\/www.soonestpower.com\/fr\/wp-json\/wp\/v2\/media\/1404"}],"wp:attachment":[{"href":"https:\/\/www.soonestpower.com\/fr\/wp-json\/wp\/v2\/media?parent=1396"}],"wp:term":[{"taxonomy":"product_brand","embeddable":true,"href":"https:\/\/www.soonestpower.com\/fr\/wp-json\/wp\/v2\/product_brand?post=1396"},{"taxonomy":"product_cat","embeddable":true,"href":"https:\/\/www.soonestpower.com\/fr\/wp-json\/wp\/v2\/product_cat?post=1396"},{"taxonomy":"product_tag","embeddable":true,"href":"https:\/\/www.soonestpower.com\/fr\/wp-json\/wp\/v2\/product_tag?post=1396"}],"curies":[{"name":"WP","href":"https:\/\/api.w.org\/{rel}","templated":true}]}}