{"id":1411,"date":"2024-12-24T15:18:10","date_gmt":"2024-12-24T07:18:10","guid":{"rendered":"https:\/\/www.soonestpower.com\/?post_type=product&#038;p=1411"},"modified":"2025-09-20T16:24:05","modified_gmt":"2025-09-20T08:24:05","slug":"batterie-au-lithium-2","status":"publish","type":"product","link":"https:\/\/www.soonestpower.com\/fr\/product\/lithium-battery-2\/","title":{"rendered":"SOONEST Batterie solaire de cycle profond LiFePO4 12.8V \/ 25.6V 50ah 100ah 150ah 200ah 250ah Acide de plomb \u00e0 batterie de lithium-ion rechargeable 12V \/ 24V Batterie de lithium de prix bon march\u00e9 avec la meilleure qualit\u00e9"},"content":{"rendered":"<p><span style=\"font-family: 'arial black', sans-serif;\">Caract\u00e9ristiques:<\/span><br \/>\n<span style=\"font-family: 'arial black', sans-serif;\">\u25cf Batterie au lithium Batterie au phosphate de fer<\/span><br \/>\n<span style=\"font-family: 'arial black', sans-serif;\">\u25cf Dur\u00e9e de vie \u00e9lev\u00e9e: Utilisez 100% de nouvelles piles de batterie de qualit\u00e9 A, dur\u00e9e de vie du cycle jusqu'\u00e0 6000 <\/span><br \/>\n<span style=\"font-family: 'arial black', sans-serif;\">\u25cf Densit\u00e9 \u00e9nerg\u00e9tique plus \u00e9lev\u00e9e, volume plus petit pour le m\u00e9nage.<\/span><br \/>\n<span style=\"font-family: 'arial black', sans-serif;\">\u25cf50%  taille plus petite pour une installation plus facile et des \u00e9conomies d'espace dans les syst\u00e8mes \u00e9oliens ou solaires. <\/span><br \/>\n<span style=\"font-family: 'arial black', sans-serif;\">\u25cf Longue dur\u00e9e de vie : 6 000 cycles \u00e0 80 % de profondeur de d\u00e9charge (DoD).<\/span><br \/>\n<span style=\"font-family: 'arial black', sans-serif;\">\u25cf &#8220; &#8221; effet m\u00e9moire, &#8221; &#8221; permet une charge partielle sans perte de performance. <\/span><br \/>\n<span style=\"font-family: 'arial black', sans-serif;\">\u25cf Sortie de tension stable m\u00eame \u00e0 faibles niveaux de charge. <\/span><br \/>\n<span style=\"font-family: 'arial black', sans-serif;\">\u25cf5- Garantie annuelle: soutenue par une d\u00e9cennie d'assurance de performance.<\/span><\/p>\n<p><span style=\"font-family: 'arial black', sans-serif;\">Applications :<\/span><br \/>\n<span style=\"font-family: 'arial black', sans-serif;\">\u25cf Syst\u00e8me solaire-\u00e9olien<\/span><br \/>\n<span style=\"font-family: 'arial black', sans-serif;\">\u25cf Outils \u00e9lectriques: perceuses \u00e9lectriques, jouets Stockage d'\u00e9nergie<\/span><br \/>\n<span style=\"font-family: 'arial black', sans-serif;\">\u25cf City Grid (On\/Off) Syst\u00e8me solaire de sauvegarde et UPS<\/span><br \/>\n<span style=\"font-family: 'arial black', sans-serif;\">\u25cf S\u00e9curit\u00e9 et \u00e9lectronique, POS mobile, Mining Lihgt \/ Torch \/ Lumi\u00e8re LED \/ Lumi\u00e8re d'urgence<\/span><br \/>\n<span style=\"font-family: 'arial black', sans-serif;\">\u25cf Base de t\u00e9l\u00e9communications, syst\u00e8me CATV, centre de serveur informatique, instrument m\u00e9dical Autres applications<\/span><\/p>","protected":false},"excerpt":{"rendered":"<p><span style=\"font-family: arial, helvetica, sans-serif;\">Con\u00e7ue pour les syst\u00e8mes d'\u00e9nergie solaire, la batterie au lithium SOONEST 12V\/24V 100AH 150AH 200AH 250AH remplace les batteries au plomb-acide volumineuses par une solution compacte et \u00e0 haut rendement LiFePO4. Parfait pour les maisons hors r\u00e9seau, les cabines et les onduleurs solaires hybrides et l'utilisation de caravanes. Avec sa conception ultra l\u00e9g\u00e8re et sa puissance de d\u00e9marrage \u00e9lev\u00e9e, il fournit efficacement de l'\u00e9nergie \u00e0 l'\u00e9quipement d'onduleur solaire, assurant l'\u00e9nergie du m\u00e9nage.<\/span><\/p>","protected":false},"featured_media":1416,"comment_status":"closed","ping_status":"closed","template":"","meta":{"_acf_changed":false},"product_brand":[],"product_cat":[78,80],"product_tag":[],"class_list":{"0":"post-1411","1":"product","2":"type-product","3":"status-publish","4":"has-post-thumbnail","6":"product_cat-battery","7":"product_cat-lithium-battery","9":"first","10":"instock","11":"shipping-taxable","12":"product-type-simple"},"acf":[],"_links":{"self":[{"href":"https:\/\/www.soonestpower.com\/fr\/wp-json\/wp\/v2\/product\/1411","targetHints":{"allow":["GET"]}}],"collection":[{"href":"https:\/\/www.soonestpower.com\/fr\/wp-json\/wp\/v2\/product"}],"about":[{"href":"https:\/\/www.soonestpower.com\/fr\/wp-json\/wp\/v2\/types\/product"}],"replies":[{"embeddable":true,"href":"https:\/\/www.soonestpower.com\/fr\/wp-json\/wp\/v2\/comments?post=1411"}],"wp:featuredmedia":[{"embeddable":true,"href":"https:\/\/www.soonestpower.com\/fr\/wp-json\/wp\/v2\/media\/1416"}],"wp:attachment":[{"href":"https:\/\/www.soonestpower.com\/fr\/wp-json\/wp\/v2\/media?parent=1411"}],"wp:term":[{"taxonomy":"product_brand","embeddable":true,"href":"https:\/\/www.soonestpower.com\/fr\/wp-json\/wp\/v2\/product_brand?post=1411"},{"taxonomy":"product_cat","embeddable":true,"href":"https:\/\/www.soonestpower.com\/fr\/wp-json\/wp\/v2\/product_cat?post=1411"},{"taxonomy":"product_tag","embeddable":true,"href":"https:\/\/www.soonestpower.com\/fr\/wp-json\/wp\/v2\/product_tag?post=1411"}],"curies":[{"name":"WP","href":"https:\/\/api.w.org\/{rel}","templated":true}]}}