{"id":1417,"date":"2024-12-24T15:27:59","date_gmt":"2024-12-24T07:27:59","guid":{"rendered":"https:\/\/www.soonestpower.com\/?post_type=product&#038;p=1417"},"modified":"2025-09-23T15:56:11","modified_gmt":"2025-09-23T07:56:11","slug":"autres-batteries-au-lithium","status":"publish","type":"product","link":"https:\/\/www.soonestpower.com\/fr\/product\/other-lithium-batteries\/","title":{"rendered":"Pack de batterie de lithium-ion SOONEST 48V \/ 51.2V 100AH 200AH 500AH Lifepo4 5Kwh 15Kwh 20Kwh 30Kwh 17.5Kwh Batterie de stockage d'\u00e9nergie alimentation solaire \u00e0 domicile"},"content":{"rendered":"<p><span style=\"font-family: 'arial black', sans-serif;\">Caract\u00e9ristiques:<\/span><br \/>\n<span style=\"font-family: 'arial black', sans-serif;\">\u25cf Batterie au lithium Batterie au phosphate de fer<\/span><br \/>\n<span style=\"font-family: 'arial black', sans-serif;\">\u25cf Support connect\u00e9 en mode parall\u00e8le pour l'expansion<\/span><br \/>\n<span style=\"font-family: 'arial black', sans-serif;\">\u25cf Densit\u00e9 \u00e9nerg\u00e9tique plus \u00e9lev\u00e9e, volume plus petit pour le m\u00e9nage.<\/span><br \/>\n<span style=\"font-family: 'arial black', sans-serif;\">\u25cf  Syst\u00e8me photovolta\u00efque: Cette batterie est con\u00e7ue pour les syst\u00e8mes photovolta\u00efques m\u00e9nagers<\/span><br \/>\n<span style=\"font-family: 'arial black', sans-serif;\">\u25cf Syst\u00e8me de gestion de la batterie (BMS) : le BMS int\u00e9gr\u00e9 surveille son fonctionnement et emp\u00eache la batterie de fonctionner en dehors des limites de conception.<\/span><br \/>\n<span style=\"font-family: 'arial black', sans-serif;\">\u25cf Expandabilit\u00e9 : Cette batterie peut \u00eatre facilement \u00e9tendue en ajoutant des batteries d'expansion en connexion parall\u00e8le.<\/span><br \/>\n<span style=\"font-family: 'arial black', sans-serif;\">\u25cf Longue dur\u00e9e de vie : 6 000 cycles \u00e0 80 % de profondeur de d\u00e9charge (DoD).<\/span><br \/>\n<span style=\"font-family: 'arial black', sans-serif;\">\u25cf5- Garantie annuelle: soutenue par une d\u00e9cennie d'assurance de performance.<\/span><\/p>\n<p><span style=\"font-family: 'arial black', sans-serif;\">Applications :<\/span><br \/>\n<span style=\"font-family: 'arial black', sans-serif;\">\u25cf Stockage d'\u00e9nergie solaire - Stockage de l'\u00e9nergie solaire pour les maisons et les r\u00e9seaux avec une efficacit\u00e9 \u00e9lev\u00e9e.<\/span><br \/>\n<span style=\"font-family: 'arial black', sans-serif;\">\u25cf Appareils m\u00e9dicaux \u2013 \u00c9nergie fiable pour ventilateurs, moniteurs et \u00e9quipements portables.<\/span><br \/>\n<span style=\"font-family: 'arial black', sans-serif;\">\u25cf Drones et UAV \u2013 haute densit\u00e9 \u00e9nerg\u00e9tique pour les missions a\u00e9riennes prolong\u00e9es.<\/span><br \/>\n<span style=\"font-family: 'arial black', sans-serif;\">\u25cf Syst\u00e8mes marins \u2013 puissance r\u00e9sistante \u00e0 la corrosion pour les bateaux et les \u00e9quipements sous-marins.<\/span><br \/>\n<span style=\"font-family: 'arial black', sans-serif;\">\u25cf Robots industriels \u2013 solutions de charge rapide pour les machines automatis\u00e9es.<\/span><br \/>\n<span style=\"font-family: 'arial black', sans-serif;\">\u25cf Syst\u00e8mes de sauvegarde UPS \u2013 \u00c9nergie instantan\u00e9e pour les centres de donn\u00e9es et les infrastructures critiques.<\/span><\/p>","protected":false},"excerpt":{"rendered":"<p><span style=\"font-family: arial, helvetica, sans-serif;\">La batterie SOONEST Lithium est une batterie \u00e0 phosphate de fer au lithium 51,2 haute performance con\u00e7ue pour le solaire ou la maison, offrant des fonctionnalit\u00e9s de s\u00e9curit\u00e9 avanc\u00e9es, une connectivit\u00e9 Bluetooth et une garantie de 5 ans leader du secteur. Sa conception sans entretien et son stockage d'\u00e9nergie robuste (5kWh, 10kwh, 15kwh, 17,5kwh, 20kwh, 25kwh et plus de 50kwh) assurent un fonctionnement \u00e0 longue port\u00e9e et une fiabilit\u00e9 \u00e0 des temp\u00e9ratures extr\u00eames, ce qui le rend id\u00e9al pour les applications commerciales et domestiques du syst\u00e8me solaire, il assure une sauvegarde \u00e9nerg\u00e9tique fiable pour les appareils m\u00e9nagers, l'\u00e9clairage, etc.<\/span><\/p>","protected":false},"featured_media":1427,"comment_status":"closed","ping_status":"closed","template":"","meta":{"_acf_changed":false},"product_brand":[],"product_cat":[78,80],"product_tag":[],"class_list":{"0":"post-1417","1":"product","2":"type-product","3":"status-publish","4":"has-post-thumbnail","6":"product_cat-battery","7":"product_cat-lithium-battery","9":"first","10":"instock","11":"shipping-taxable","12":"product-type-simple"},"acf":[],"_links":{"self":[{"href":"https:\/\/www.soonestpower.com\/fr\/wp-json\/wp\/v2\/product\/1417","targetHints":{"allow":["GET"]}}],"collection":[{"href":"https:\/\/www.soonestpower.com\/fr\/wp-json\/wp\/v2\/product"}],"about":[{"href":"https:\/\/www.soonestpower.com\/fr\/wp-json\/wp\/v2\/types\/product"}],"replies":[{"embeddable":true,"href":"https:\/\/www.soonestpower.com\/fr\/wp-json\/wp\/v2\/comments?post=1417"}],"wp:featuredmedia":[{"embeddable":true,"href":"https:\/\/www.soonestpower.com\/fr\/wp-json\/wp\/v2\/media\/1427"}],"wp:attachment":[{"href":"https:\/\/www.soonestpower.com\/fr\/wp-json\/wp\/v2\/media?parent=1417"}],"wp:term":[{"taxonomy":"product_brand","embeddable":true,"href":"https:\/\/www.soonestpower.com\/fr\/wp-json\/wp\/v2\/product_brand?post=1417"},{"taxonomy":"product_cat","embeddable":true,"href":"https:\/\/www.soonestpower.com\/fr\/wp-json\/wp\/v2\/product_cat?post=1417"},{"taxonomy":"product_tag","embeddable":true,"href":"https:\/\/www.soonestpower.com\/fr\/wp-json\/wp\/v2\/product_tag?post=1417"}],"curies":[{"name":"WP","href":"https:\/\/api.w.org\/{rel}","templated":true}]}}