{"id":1428,"date":"2024-12-24T15:33:06","date_gmt":"2024-12-24T07:33:06","guid":{"rendered":"https:\/\/www.soonestpower.com\/?post_type=product&#038;p=1428"},"modified":"2025-09-23T16:05:32","modified_gmt":"2025-09-23T08:05:32","slug":"serie-aio","status":"publish","type":"product","link":"https:\/\/www.soonestpower.com\/fr\/product\/aio-series\/","title":{"rendered":"SOONEST Inverteur hybride avec batterie tout-en-un 5kw \/ 10kw \/ 15kw \/ 20kw stockage solaire AIO 48V \/ 51.2V Lifepo4 batterie au lithium IP55 avec syst\u00e8me de stockage d'\u00e9nergie \u00e0 domicile intelligent BMS"},"content":{"rendered":"<p><span style=\"font-family: 'arial black', sans-serif;\">Caract\u00e9ristiques :<\/span><br \/>\n<span style=\"font-family: 'arial black', sans-serif;\">1. **Haute efficacit\u00e9** <\/span><br \/>\n<span style=\"font-family: 'arial black', sans-serif;\">&#8211; Convertit l'\u00e9nergie solaire CC en AC avec un rendement **95-98%**, r\u00e9duisant la perte d'\u00e9nergie. <\/span><br \/>\n<span style=\"font-family: 'arial black', sans-serif;\">&#8211; MPPT (Maximum Power Point Tracking) int\u00e9gr\u00e9 optimise la sortie des panneaux solaires. <\/span><br \/>\n<span style=\"font-family: 'arial black', sans-serif;\">2. **Int\u00e9gration de batterie au lithium** <\/span><br \/>\n<span style=\"font-family: 'arial black', sans-serif;\">&#8211; Batteries LiFePO4 int\u00e9gr\u00e9es avec **6000 cycles** \u00e0 80% de profondeur de d\u00e9charge (DoD). <\/span><br \/>\n<span style=\"font-family: 'arial black', sans-serif;\">&#8211; La conception modulaire permet l'expansion de la capacit\u00e9 (par exemple, de 5kWh \u00e0 20kWh). <\/span><br \/>\n<span style=\"font-family: 'arial black', sans-serif;\">3. **Gestion intelligente de l &apos; \u00e9nergie** <\/span><br \/>\n<span style=\"font-family: 'arial black', sans-serif;\">&#8211; Surveillance en temps r\u00e9el via Wi-Fi\/Bluetooth et compatibilit\u00e9 avec **RS485\/RS232, protocoles BMS**. <\/span><br \/>\n<span style=\"font-family: 'arial black', sans-serif;\">&#8211; Commutation automatique entre les modes r\u00e9seau, solaire et batterie pour une alimentation ininterrompue. <\/span><br \/>\n<span style=\"font-family: 'arial black', sans-serif;\">4. **Durabilit\u00e9 et S\u00e9curit\u00e9** <\/span><br \/>\n<span style=\"font-family: 'arial black', sans-serif;\">&#8211; Bo\u00eetier IP65 pour r\u00e9sistance \u00e0 la poussi\u00e8re\/\u00e0 l'eau. <\/span><br \/>\n<span style=\"font-family: 'arial black', sans-serif;\">&#8211; BMS (Battery Management System) int\u00e9gr\u00e9 pour la surcharge, la surd\u00e9charge et la protection thermique. <\/span><br \/>\n<span style=\"font-family: 'arial black', sans-serif;\">5. **\u00c9scalabilit\u00e9** <\/span><br \/>\n<span style=\"font-family: 'arial black', sans-serif;\">&#8211; Prend en charge la connexion parall\u00e8le pour des besoins en puissance plus \u00e9lev\u00e9s (par exemple, utilisation industrielle).<\/span><\/p>\n<p><span style=\"font-family: 'arial black', sans-serif;\">Applications :<\/span><br \/>\n<span style=\"font-family: 'arial black', sans-serif;\">1. **Syst\u00e8mes de toit r\u00e9sidentiels** <\/span><br \/>\n<span style=\"font-family: 'arial black', sans-serif;\">Convertir le courant continu solaire en courant alternatif pour les maisons, permettant des \u00e9conomies sur le r\u00e9seau et l'\u00e9lectricit\u00e9 des appareils. <\/span><br \/>\n<span style=\"font-family: 'arial black', sans-serif;\">2. **Stockage commercial de l &apos; \u00e9nergie** <\/span><br \/>\n<span style=\"font-family: 'arial black', sans-serif;\">G\u00e9rez les charges de pointe et r\u00e9duisez les co\u00fbts dans les bureaux\/usines avec des onduleurs \u00e0 grille. <\/span><br \/>\n<span style=\"font-family: 'arial black', sans-serif;\">3. **\u00c9nergie rurale hors r\u00e9seau** <\/span><br \/>\n<span style=\"font-family: 'arial black', sans-serif;\">Fournir de l'\u00e9lectricit\u00e9 aux zones \u00e9loign\u00e9es par l'interm\u00e9diaire d'onduleurs hybrides stockage de batterie. <\/span><br \/>\n<span style=\"font-family: 'arial black', sans-serif;\">4. **Pompes \u00e0 eau solaires** <\/span><br \/>\n<span style=\"font-family: 'arial black', sans-serif;\">Utilisez des pompes solaires efficaces pour alimenter les syst\u00e8mes d'irrigation agricoles. <\/span><br \/>\n<span style=\"font-family: 'arial black', sans-serif;\">5. **Sauvegarde de la tour de t\u00e9l\u00e9communications** <\/span><br \/>\n<span style=\"font-family: 'arial black', sans-serif;\">Assurer des op\u00e9rations de t\u00e9l\u00e9communications 24 heures sur 24, 7 jours sur 7 avec des solutions d'onduleurs hors r\u00e9seau. <\/span><br \/>\n<span style=\"font-family: 'arial black', sans-serif;\">6. **G\u00e9n\u00e9rateurs solaires portables** <\/span><br \/>\n<span style=\"font-family: 'arial black', sans-serif;\">\u00c9nergie d'urgence ou d'activit\u00e9s ext\u00e9rieures via des syst\u00e8mes d'onduleurs compacts. <\/span><br \/>\n<span style=\"font-family: 'arial black', sans-serif;\">7. **Marine et RV \u00c9nergie** <\/span><br \/>\n<span style=\"font-family: 'arial black', sans-serif;\">Maintenir l'\u00e9lectronique \u00e0 bord dans les bateaux \/ RV avec des onduleurs de qualit\u00e9 marine. <\/span><br \/>\n<span style=\"font-family: 'arial black', sans-serif;\">8. **Micror\u00e9seaux industriels** <\/span><br \/>\n<span style=\"font-family: 'arial black', sans-serif;\">Stabilisez l'\u00e9nergie de l'usine en utilisant l'int\u00e9gration solaire d'onduleurs formant le r\u00e9seau. <\/span><br \/>\n<span style=\"font-family: 'arial black', sans-serif;\">9. **Fermes solaires flottantes** <\/span><br \/>\n<span style=\"font-family: 'arial black', sans-serif;\">Optimisez l'utilisation des terres avec des onduleurs con\u00e7us pour les panneaux solaires \u00e0 base d'eau. <\/span><br \/>\n<span style=\"font-family: 'arial black', sans-serif;\">10. **T\u00e9l\u00e9communications Infrastructure \u00e0 distance** <\/span><br \/>\n<span style=\"font-family: 'arial black', sans-serif;\">Alimente les tours de t\u00e9l\u00e9communications et les syst\u00e8mes de surveillance dans des endroits hors r\u00e9seau. <\/span><\/p>","protected":false},"excerpt":{"rendered":"<p>SOONEST AIO Series, syst\u00e8mes solaires int\u00e9gr\u00e9s combinent un onduleur hybride et une batterie au lithium en une seule unit\u00e9, con\u00e7ue pour la conversion, le stockage et la gestion efficaces de l'\u00e9nergie dans les applications solaires hors r\u00e9seau ou li\u00e9es au r\u00e9seau. Ces syst\u00e8mes optimisent l'utilisation de l'\u00e9nergie solaire avec des besoins d'espace minimes et une fiabilit\u00e9 accrue.<\/p>","protected":false},"featured_media":1436,"comment_status":"closed","ping_status":"closed","template":"","meta":{"_acf_changed":false},"product_brand":[],"product_cat":[81],"product_tag":[],"class_list":{"0":"post-1428","1":"product","2":"type-product","3":"status-publish","4":"has-post-thumbnail","6":"product_cat-aio","8":"first","9":"instock","10":"shipping-taxable","11":"product-type-simple"},"acf":[],"_links":{"self":[{"href":"https:\/\/www.soonestpower.com\/fr\/wp-json\/wp\/v2\/product\/1428","targetHints":{"allow":["GET"]}}],"collection":[{"href":"https:\/\/www.soonestpower.com\/fr\/wp-json\/wp\/v2\/product"}],"about":[{"href":"https:\/\/www.soonestpower.com\/fr\/wp-json\/wp\/v2\/types\/product"}],"replies":[{"embeddable":true,"href":"https:\/\/www.soonestpower.com\/fr\/wp-json\/wp\/v2\/comments?post=1428"}],"wp:featuredmedia":[{"embeddable":true,"href":"https:\/\/www.soonestpower.com\/fr\/wp-json\/wp\/v2\/media\/1436"}],"wp:attachment":[{"href":"https:\/\/www.soonestpower.com\/fr\/wp-json\/wp\/v2\/media?parent=1428"}],"wp:term":[{"taxonomy":"product_brand","embeddable":true,"href":"https:\/\/www.soonestpower.com\/fr\/wp-json\/wp\/v2\/product_brand?post=1428"},{"taxonomy":"product_cat","embeddable":true,"href":"https:\/\/www.soonestpower.com\/fr\/wp-json\/wp\/v2\/product_cat?post=1428"},{"taxonomy":"product_tag","embeddable":true,"href":"https:\/\/www.soonestpower.com\/fr\/wp-json\/wp\/v2\/product_tag?post=1428"}],"curies":[{"name":"WP","href":"https:\/\/api.w.org\/{rel}","templated":true}]}}