{"id":1437,"date":"2024-12-24T15:37:45","date_gmt":"2024-12-24T07:37:45","guid":{"rendered":"https:\/\/www.soonestpower.com\/?post_type=product&#038;p=1437"},"modified":"2025-09-23T16:14:30","modified_gmt":"2025-09-23T08:14:30","slug":"mono-plus-tot-un-350w-450w-550w-575w-585w-panneau-dalimentation-solaire-photovoltaique","status":"publish","type":"product","link":"https:\/\/www.soonestpower.com\/fr\/product\/soonest-mono-a-350w-450w-550w-575w-585w-photovoltaic-solar-power-panel\/","title":{"rendered":"MONO plus t\u00f4t un 350W 450W 550W 575W 585W Panneau d'alimentation solaire photovolta\u00efque"},"content":{"rendered":"<p><span style=\"font-family: 'arial black', sans-serif;\">Caract\u00e9ristiques :<\/span><br \/>\n<span style=\"font-family: 'arial black', sans-serif;\">1. cellules monocristallines \u00e0 haut rendement; <\/span><br \/>\n<span style=\"font-family: 'arial black', sans-serif;\">2. conception l\u00e9g\u00e8re, portable; <\/span><br \/>\n<span style=\"font-family: 'arial black', sans-serif;\">3. R\u00e9sistant aux intemp\u00e9ries (IP68 imperm\u00e9able); <\/span><br \/>\n<span style=\"font-family: 'arial black', sans-serif;\">4. Panneaux flexibles et pliables; <\/span><br \/>\n<span style=\"font-family: 'arial black', sans-serif;\">5. rev\u00eatement anti-r\u00e9fl\u00e9chissant; <\/span><br \/>\n<span style=\"font-family: 'arial black', sans-serif;\">6. Installation plug-and-play facile ; <\/span><br \/>\n<span style=\"font-family: 'arial black', sans-serif;\">7. Contr\u00f4leur de charge int\u00e9gr\u00e9; <\/span><br \/>\n<span style=\"font-family: 'arial black', sans-serif;\">8. surface de verre tremp\u00e9 durable; <\/span><br \/>\n<span style=\"font-family: 'arial black', sans-serif;\">9. Taux de conversion \u00e9nerg\u00e9tique \u00e9lev\u00e9 (&gt; 22%); <\/span><br \/>\n<span style=\"font-family: 'arial black', sans-serif;\">10. Optimisation des performances \u00e0 faible lumi\u00e8re.<\/span><\/p>\n<p><span style=\"font-family: 'arial black', sans-serif;\">Applications :<\/span><br \/>\n<span style=\"font-family: 'arial black', sans-serif;\">1. G\u00e9n\u00e9ration d'\u00e9lectricit\u00e9 sur le toit r\u00e9sidentiel; <\/span><br \/>\n<span style=\"font-family: 'arial black', sans-serif;\">2. Off-grid camping\/\u00e9nergie de sauvegarde; <\/span><br \/>\n<span style=\"font-family: 'arial black', sans-serif;\">3. \u00e9clairage de rue \u00e0 \u00e9nergie solaire; <\/span><br \/>\n<span style=\"font-family: 'arial black', sans-serif;\">4. Syst\u00e8mes d &apos; irrigation agricoles; <\/span><br \/>\n<span style=\"font-family: 'arial black', sans-serif;\">5. Charger les EVs\/appareils portables; <\/span><br \/>\n<span style=\"font-family: 'arial black', sans-serif;\">6. Solutions \u00e9nerg\u00e9tiques maritimes\/RV; <\/span><br \/>\n<span style=\"font-family: 'arial black', sans-serif;\">7. Fermes solaires industrielles; <\/span><br \/>\n<span style=\"font-family: 'arial black', sans-serif;\">8. Alimentation \u00e9lectrique en cas de catastrophe; <\/span><br \/>\n<span style=\"font-family: 'arial black', sans-serif;\">9. Gestion de l &apos; \u00e9nergie \u00e0 effet de serre; <\/span><br \/>\n<span style=\"font-family: 'arial black', sans-serif;\">10. Support du r\u00e9seau de capteurs IoT.<\/span><\/p>","protected":false},"excerpt":{"rendered":"<p><span style=\"font-family: arial, helvetica, sans-serif;\">Le panneau solaire SOONEST est un dispositif qui convertit l'\u00e9nergie solaire en \u00e9nergie \u00e9lectrique, g\u00e9n\u00e9ralement faite de mat\u00e9riaux semi-conducteurs tels que le silicium, qui peut g\u00e9n\u00e9rer de l'\u00e9lectricit\u00e9 \u00e0 travers l'effet photovolta\u00efque. Les panneaux solaires sont largement utilis\u00e9s dans la vie moderne, dans le cadre de syst\u00e8mes \u00e9lectriques ind\u00e9pendants ou connect\u00e9s au r\u00e9seau, fournissant de l'\u00e9nergie propre pour les m\u00e9nages et les industries. \u00c9levez vos projets d'\u00e9nergie verte avec des panneaux solaires monocristallins monofaciaux de type N le plus t\u00f4t possible! Ces modules PV \u00e0 verre unique haute performance sont con\u00e7us pour maximiser votre rendement en \u00e9nergie renouvelable, offrant un rendement impressionnant de 22,85%. Avec des options comprenant 350W 450W 550W 575W 585W, personnalisez votre solution solaire pour r\u00e9pondre aux besoins uniques des installations r\u00e9sidentielles et commerciales. Id\u00e9al pour les installations de toit, ces panneaux excellent dans les zones avec une r\u00e9flexion minimale \u00e0 aucune de la lumi\u00e8re au sol, assurant une durabilit\u00e9 et une couverture de garantie \u00e9tendue: 25 ans pour les mat\u00e9riaux et 30 ans in\u00e9gal\u00e9s pour la puissance. Choisissez le plus t\u00f4t pour votre prochaine entreprise solaire et r\u00e9alisez des \u00e9conomies consid\u00e9rables en \u00e9lectricit\u00e9 avec notre technologie solaire de pointe.<\/span><\/p>","protected":false},"featured_media":1443,"comment_status":"closed","ping_status":"closed","template":"","meta":{"_acf_changed":false},"product_brand":[],"product_cat":[86],"product_tag":[],"class_list":{"0":"post-1437","1":"product","2":"type-product","3":"status-publish","4":"has-post-thumbnail","6":"product_cat-solar-panel","8":"first","9":"instock","10":"shipping-taxable","11":"product-type-simple"},"acf":[],"_links":{"self":[{"href":"https:\/\/www.soonestpower.com\/fr\/wp-json\/wp\/v2\/product\/1437","targetHints":{"allow":["GET"]}}],"collection":[{"href":"https:\/\/www.soonestpower.com\/fr\/wp-json\/wp\/v2\/product"}],"about":[{"href":"https:\/\/www.soonestpower.com\/fr\/wp-json\/wp\/v2\/types\/product"}],"replies":[{"embeddable":true,"href":"https:\/\/www.soonestpower.com\/fr\/wp-json\/wp\/v2\/comments?post=1437"}],"wp:featuredmedia":[{"embeddable":true,"href":"https:\/\/www.soonestpower.com\/fr\/wp-json\/wp\/v2\/media\/1443"}],"wp:attachment":[{"href":"https:\/\/www.soonestpower.com\/fr\/wp-json\/wp\/v2\/media?parent=1437"}],"wp:term":[{"taxonomy":"product_brand","embeddable":true,"href":"https:\/\/www.soonestpower.com\/fr\/wp-json\/wp\/v2\/product_brand?post=1437"},{"taxonomy":"product_cat","embeddable":true,"href":"https:\/\/www.soonestpower.com\/fr\/wp-json\/wp\/v2\/product_cat?post=1437"},{"taxonomy":"product_tag","embeddable":true,"href":"https:\/\/www.soonestpower.com\/fr\/wp-json\/wp\/v2\/product_tag?post=1437"}],"curies":[{"name":"WP","href":"https:\/\/api.w.org\/{rel}","templated":true}]}}