{"id":1451,"date":"2024-12-24T15:46:33","date_gmt":"2024-12-24T07:46:33","guid":{"rendered":"https:\/\/www.soonestpower.com\/?post_type=product&#038;p=1451"},"modified":"2025-09-23T17:28:36","modified_gmt":"2025-09-23T09:28:36","slug":"pompe-solaire","status":"publish","type":"product","link":"https:\/\/www.soonestpower.com\/fr\/product\/solar-pump\/","title":{"rendered":"Pompe solaire AC\/DC &#8211; Pompe \u00e0 eau solaire d'irrigation puissante \u00e0 t\u00eate haute"},"content":{"rendered":"<p><span style=\"font-family: 'arial black', sans-serif;\">Caract\u00e9ristiques:<\/span><br \/>\n<span style=\"font-family: 'arial black', sans-serif;\">1. **Moteur \u00e0 aimant permanent sans brosse DC** pour une efficacit\u00e9 \u00e9lev\u00e9e (jusqu'\u00e0 25% d'\u00e9conomies d'\u00e9nergie). <\/span><br \/>\n<span style=\"font-family: 'arial black', sans-serif;\">2. **Fonctionnement sans batterie** avec \u00e9nergie solaire directe, r\u00e9duisant l'entretien et les co\u00fbts. <\/span><br \/>\n<span style=\"font-family: 'arial black', sans-serif;\">3. ** MPPT automatique (suivi du point de puissance maximum) ** pour une conversion d'\u00e9nergie optimale. <\/span><br \/>\n<span style=\"font-family: 'arial black', sans-serif;\">4. **Protection \u00e0 sec et de surcharge** pour assurer la long\u00e9vit\u00e9 du syst\u00e8me. <\/span><br \/>\n<span style=\"font-family: 'arial black', sans-serif;\">5. **Composants \u00e9tanches \u00e0 l'environnement** (par exemple, stator\/rotor coul\u00e9 en r\u00e9sine) pour une durabilit\u00e9 dans des conditions difficiles. <\/span><br \/>\n<span style=\"font-family: 'arial black', sans-serif;\">6. **Designs l\u00e9gers et portables** avec panneaux solaires pliables pour les applications mobiles. <\/span><br \/>\n<span style=\"font-family: 'arial black', sans-serif;\">7. **Low maintenance** avec roulements lubrifi\u00e9s \u00e0 l'eau et fonctionnement sans huile. <\/span><br \/>\n<span style=\"font-family: 'arial black', sans-serif;\">8. **Capacit\u00e9s de t\u00eate haute et de d\u00e9bit \u00e9lev\u00e9** (jusqu'\u00e0 320m t\u00eate, d\u00e9bit de 700m\u00b3 \/ h). <\/span><br \/>\n<span style=\"font-family: 'arial black', sans-serif;\">9. **Compatibilit\u00e9 avec les syst\u00e8mes hybrides AC\/DC** pour la sauvegarde du r\u00e9seau. <\/span><br \/>\n<span style=\"font-family: 'arial black', sans-serif;\">10. **IP68 \u00e9tanche** pour les environnements marins ou sujets aux inondations. <\/span><\/p>\n<p><span style=\"font-family: 'arial black', sans-serif;\">Applications : <\/span><br \/>\n<span style=\"font-family: 'arial black', sans-serif;\">1. **Irrigation agricole** pour les cultures situ\u00e9es dans des zones \u00e9loign\u00e9es ou hors r\u00e9seau. <\/span><br \/>\n<span style=\"font-family: 'arial black', sans-serif;\">2. **arrosage du b\u00e9tail** dans les p\u00e2turages ou les exploitations rurales. <\/span><br \/>\n<span style=\"font-family: 'arial black', sans-serif;\">3. **Alimentation en eau r\u00e9sidentielle** pour les m\u00e9nages sans acc\u00e8s au r\u00e9seau. <\/span><br \/>\n<span style=\"font-family: 'arial black', sans-serif;\">4. **Contr\u00f4le des d\u00e9serts** par l &apos; approvisionnement durable en eau pour le boisement. <\/span><br \/>\n<span style=\"font-family: 'arial black', sans-serif;\">5. **Fourniture d\u2019eau d\u2019urgence** dans les sc\u00e9narios de secours en cas de catastrophe. <\/span><br \/>\n<span style=\"font-family: 'arial black', sans-serif;\">6. ** syst\u00e8mes d'eau** pour bateaux ou camping-mobiles. <\/span><br \/>\n<span style=\"font-family: 'arial black', sans-serif;\">7. **Am\u00e9nagement paysager urbain** (p. ex., fontaines, parcs) utilisant des pompes \u00e0 \u00e9nergie solaire. <\/span><br \/>\n<span style=\"font-family: 'arial black', sans-serif;\">8. **Circulation de piscine** avec des solutions solaires \u00e9conomes en \u00e9nergie. <\/span><br \/>\n<span style=\"font-family: 'arial black', sans-serif;\">9. **Dessalement de l\u2019eau de mer** dans les r\u00e9gions c\u00f4ti\u00e8res. <\/span><br \/>\n<span style=\"font-family: 'arial black', sans-serif;\">10. **Gestion industrielle de l'eau** pour les usines ou les sites miniers. <\/span><\/p>","protected":false},"excerpt":{"rendered":"<p><span style=\"font-family: arial, helvetica, sans-serif;\">Les pompes solaires d\u00e9pendent de l'\u00e9lectricit\u00e9 g\u00e9n\u00e9r\u00e9e par des panneaux photovolta\u00efques (PV) ou de la chaleur rayonnante obtenue \u00e0 partir de la lumi\u00e8re solaire collect\u00e9e pour fonctionner, plut\u00f4t que de l'\u00e9nergie du r\u00e9seau ou des pompes \u00e0 eau \u00e0 moteur diesel. Les pompes solaires se composent d'ensembles de panneaux solaires, de contr\u00f4leurs de charge solaires, de pompes \u00e0 eau CC, de bo\u00eetes de fusibles \/ disjoncteurs, de fils et de r\u00e9servoirs de stockage d'eau, ce qui les rend plus \u00e9conomiques principalement en raison de leurs co\u00fbts d'exploitation et d'entretien inf\u00e9rieurs.<\/span><\/p>","protected":false},"featured_media":1452,"comment_status":"closed","ping_status":"closed","template":"","meta":{"_acf_changed":false},"product_brand":[],"product_cat":[82,85],"product_tag":[],"class_list":{"0":"post-1451","1":"product","2":"type-product","3":"status-publish","4":"has-post-thumbnail","6":"product_cat-home-applications","7":"product_cat-solar-pump","9":"first","10":"instock","11":"shipping-taxable","12":"product-type-simple"},"acf":[],"_links":{"self":[{"href":"https:\/\/www.soonestpower.com\/fr\/wp-json\/wp\/v2\/product\/1451","targetHints":{"allow":["GET"]}}],"collection":[{"href":"https:\/\/www.soonestpower.com\/fr\/wp-json\/wp\/v2\/product"}],"about":[{"href":"https:\/\/www.soonestpower.com\/fr\/wp-json\/wp\/v2\/types\/product"}],"replies":[{"embeddable":true,"href":"https:\/\/www.soonestpower.com\/fr\/wp-json\/wp\/v2\/comments?post=1451"}],"wp:featuredmedia":[{"embeddable":true,"href":"https:\/\/www.soonestpower.com\/fr\/wp-json\/wp\/v2\/media\/1452"}],"wp:attachment":[{"href":"https:\/\/www.soonestpower.com\/fr\/wp-json\/wp\/v2\/media?parent=1451"}],"wp:term":[{"taxonomy":"product_brand","embeddable":true,"href":"https:\/\/www.soonestpower.com\/fr\/wp-json\/wp\/v2\/product_brand?post=1451"},{"taxonomy":"product_cat","embeddable":true,"href":"https:\/\/www.soonestpower.com\/fr\/wp-json\/wp\/v2\/product_cat?post=1451"},{"taxonomy":"product_tag","embeddable":true,"href":"https:\/\/www.soonestpower.com\/fr\/wp-json\/wp\/v2\/product_tag?post=1451"}],"curies":[{"name":"WP","href":"https:\/\/api.w.org\/{rel}","templated":true}]}}