{"id":1381,"date":"2024-12-24T14:55:16","date_gmt":"2024-12-24T06:55:16","guid":{"rendered":"https:\/\/www.soonestpower.com\/?post_type=product&#038;p=1381"},"modified":"2025-09-20T16:13:08","modified_gmt":"2025-09-20T08:13:08","slug":"soonest-sf-series-hybrid-inverter-1kw-10-2kw-single-phase","status":"publish","type":"product","link":"https:\/\/www.soonestpower.com\/pt\/product\/soonest-sf-series-hybrid-inverter-1kw-10-2kw-single-phase\/","title":{"rendered":"O mais cedo o inversor h\u00edbrido da s\u00e9rie SF 1KW-10.2KW"},"content":{"rendered":"<p><span style=\"font-family: 'arial black', sans-serif;\">Caracter\u00edsticas:<\/span><br \/>\n<span style=\"font-family: 'arial black', sans-serif;\">\u25cf Solarinverter de onda senoidal pura<\/span><br \/>\n<span style=\"font-family: 'arial black', sans-serif;\">\u25cf Fator de pot\u00eancia de sa\u00edda 1.0<\/span><br \/>\n<span style=\"font-family: 'arial black', sans-serif;\">\u25cf WiFi &amp; GPRS dispon\u00edvel para iOS e Android<\/span><br \/>\n<span style=\"font-family: 'arial black', sans-serif;\">\u25cf inversor funcionando sem bateria<\/span><br \/>\n<span style=\"font-family: 'arial black', sans-serif;\">\u25cf interno 100a \/120A\/160A carregador solar MPPT<\/span><br \/>\n<span style=\"font-family: 'arial black', sans-serif;\">\u25cf Alta faixa de tens\u00e3o de entrada fotovoltaica (90 ~ 450VDC)<\/span><br \/>\n<span style=\"font-family: 'arial black', sans-serif;\">\u25cf Kit anti-Dusk embutido para ambiente duro<\/span><br \/>\n<span style=\"font-family: 'arial black', sans-serif;\">\u25cf Design de carga inteligente da bateria para otimizar a dura\u00e7\u00e3o da bateria<\/span><br \/>\n<span style=\"font-family: 'arial black', sans-serif;\">\u25cf Entrada de AC\/entrada de DC\/entrada solar prioridade opcional<\/span><\/p>\n<p><span style=\"font-family: 'arial black', sans-serif;\">Aplica\u00e7\u00f5es<\/span><br \/>\n<span style=\"font-family: 'arial black', sans-serif;\">1. **Sistemas de topos residenciais** <\/span><br \/>\n<span style=\"font-family: 'arial black', sans-serif;\">Convertem DC solar para AC para casas, permitindo poupan\u00e7as e energia de aparelhos de liga\u00e7\u00e3o de rede. <\/span><br \/>\n<span style=\"font-family: 'arial black', sans-serif;\">2. **armazenamento comercial de energia** <\/span><br \/>\n<span style=\"font-family: 'arial black', sans-serif;\">Gest\u00e3o as cargas m\u00e1ximas e corte os custos em escrit\u00f3rios\/f\u00e1bricas com inversores de liga\u00e7\u00e3o. <\/span><br \/>\n<span style=\"font-family: 'arial black', sans-serif;\">3. **For\u00e7a rural fora da rede** <\/span><br \/>\n<span style=\"font-family: 'arial black', sans-serif;\">Leve eletricidade para \u00e1reas remotas atrav\u00e9s de inversores h\u00edbridos - armazenamento de bateria. <\/span><br \/>\n<span style=\"font-family: 'arial black', sans-serif;\">4. **Pompas de \u00e1gua solar** <\/span><br \/>\n<span style=\"font-family: 'arial black', sans-serif;\">Drive agricultural irrigation systems with efficient solar-powered pumps. <\/span><br \/>\n<span style=\"font-family: 'arial black', sans-serif;\">5. **Esta\u00e7\u00f5es de carga de EV** <\/span><br \/>\n<span style=\"font-family: 'arial black', sans-serif;\">Activar a carga de EV alimentada por energia solar com compatibilidade bidireccional com inversores. <\/span><br \/>\n<span style=\"font-family: 'arial black', sans-serif;\">6. <\/span><br \/>\n<span style=\"font-family: 'arial black', sans-serif;\">Assurecer opera\u00e7\u00f5es de telecomunica\u00e7\u00f5es 24\/7 com solu\u00e7\u00f5es de inverter fora da rede. <\/span><br \/>\n<span style=\"font-family: 'arial black', sans-serif;\">7. **Geradores Solares Port\u00e1veis** <\/span><br \/>\n<span style=\"font-family: 'arial black', sans-serif;\">Emer\u00eancias de energia ou atividades ao ar livre atrav\u00e9s de sistemas compactos de inversores. <\/span><br \/>\n<span style=\"font-family: 'arial black', sans-serif;\">8. **Marinha &amp; Energia de RV <\/span><br \/>\n<span style=\"font-family: 'arial black', sans-serif;\">Manter eletr\u00f4nica a bordo em barcos\/RVs com inversores marinhos. <\/span><br \/>\n<span style=\"font-family: 'arial black', sans-serif;\">9. **Microgrelhas Industriais** <\/span><br \/>\n<span style=\"font-family: 'arial black', sans-serif;\">Estabilizar a energia f\u00e1brica usando inversores de forma\u00e7\u00e3o de rede - integra\u00e7\u00e3o solar. <\/span><br \/>\n<span style=\"font-family: 'arial black', sans-serif;\">10. **Farmas Solares Flotantes** <\/span><br \/>\n<span style=\"font-family: 'arial black', sans-serif;\">Optimizar o uso de terra com inversores projetados para arrays solares baseados em \u00e1gua. <\/span><\/p>","protected":false},"excerpt":{"rendered":"<p><span style=\"font-family: arial, helvetica, sans-serif;\">Este Inverter Solar integra a convers\u00e3o de energia solar, carga de bateria e intera\u00e7\u00e3o de rede em uma unidade. Controlas inteligentes constru\u00eddos otimizam o autoconsumo e a pot\u00eancia de seguran\u00e7a durante a falha. Compatible com baterias de l\u00edtio e personalizada via WiFi\/GPRS para monitoramento remoto.<\/span><\/p>","protected":false},"featured_media":1383,"comment_status":"closed","ping_status":"closed","template":"","meta":{"_acf_changed":false},"product_brand":[],"product_cat":[15],"product_tag":[],"class_list":{"0":"post-1381","1":"product","2":"type-product","3":"status-publish","4":"has-post-thumbnail","6":"product_cat-solar-hybrid-inverter","8":"first","9":"instock","10":"shipping-taxable","11":"product-type-simple"},"acf":[],"_links":{"self":[{"href":"https:\/\/www.soonestpower.com\/pt\/wp-json\/wp\/v2\/product\/1381","targetHints":{"allow":["GET"]}}],"collection":[{"href":"https:\/\/www.soonestpower.com\/pt\/wp-json\/wp\/v2\/product"}],"about":[{"href":"https:\/\/www.soonestpower.com\/pt\/wp-json\/wp\/v2\/types\/product"}],"replies":[{"embeddable":true,"href":"https:\/\/www.soonestpower.com\/pt\/wp-json\/wp\/v2\/comments?post=1381"}],"wp:featuredmedia":[{"embeddable":true,"href":"https:\/\/www.soonestpower.com\/pt\/wp-json\/wp\/v2\/media\/1383"}],"wp:attachment":[{"href":"https:\/\/www.soonestpower.com\/pt\/wp-json\/wp\/v2\/media?parent=1381"}],"wp:term":[{"taxonomy":"product_brand","embeddable":true,"href":"https:\/\/www.soonestpower.com\/pt\/wp-json\/wp\/v2\/product_brand?post=1381"},{"taxonomy":"product_cat","embeddable":true,"href":"https:\/\/www.soonestpower.com\/pt\/wp-json\/wp\/v2\/product_cat?post=1381"},{"taxonomy":"product_tag","embeddable":true,"href":"https:\/\/www.soonestpower.com\/pt\/wp-json\/wp\/v2\/product_tag?post=1381"}],"curies":[{"name":"wp","href":"https:\/\/api.w.org\/{rel}","templated":true}]}}