{"id":1384,"date":"2024-12-24T14:58:38","date_gmt":"2024-12-24T06:58:38","guid":{"rendered":"https:\/\/www.soonestpower.com\/?post_type=product&#038;p=1384"},"modified":"2025-09-20T16:18:03","modified_gmt":"2025-09-20T08:18:03","slug":"soonest-mc-series-hybrid-inverter-6-2kw-11kw-single-phase-parallel-operation","status":"publish","type":"product","link":"https:\/\/www.soonestpower.com\/pt\/product\/soonest-mc-series-hybrid-inverter-6-2kw-11kw-single-phase-parallel-operation\/","title":{"rendered":"Mais cedo o inversor h\u00edbrido da s\u00e9rie MC de 6,2kw 11kw opera\u00e7\u00e3o paralela \u00fanica"},"content":{"rendered":"<p>Recurso:<br \/>\n\u25cf Alta frequ\u00eancia, peso leve.<br \/>\n\u25cf Fator de pot\u00eancia de sa\u00edda: pf = 1.<br \/>\n\u25cf Suporte a fun\u00e7\u00e3o de ativa\u00e7\u00e3o da bateria de l\u00edtio.<br \/>\n\u25cf Suporte a opera\u00e7\u00e3o paralela para expans\u00e3o da capacidade.<br \/>\n\u25cf Exibi\u00e7\u00e3o em tempo real da pot\u00eancia real de carga.<br \/>\n\u25cf Sa\u00edda de onda pura, adapta -se com carga diferente.<br \/>\n\u25cf Prote\u00e7\u00e3o de curto -circuito de sa\u00edda.<br \/>\n\u25cf Monitoramento remoto opcional Wi-Fi.<br \/>\n\u25cf Ajuste da especifica\u00e7\u00e3o.<br \/>\n\u25cf Apoio paralelo at\u00e9 9Pcs de 6,2Kw ou 6Pcs de 11Kw.<\/p>\n<p>&nbsp;<\/p>\n<p><img fetchpriority=\"high\" decoding=\"async\" class=\"alignnone size-medium wp-image-1386\" src=\"https:\/\/www.soonestpower.com\/wp-content\/uploads\/2024\/12\/3.1-300x199.jpg\" alt=\"\" width=\"300\" height=\"199\" srcset=\"\" sizes=\"(max-width: 300px) 100vw, 300px\" data-srcset=\"\" \/><\/p>\n<p>Aplica\u00e7\u00f5es<br \/>\n1. **Sistemas de topos residenciais**<br \/>\nConvertem DC solar para AC para casas, permitindo poupan\u00e7as e energia de aparelhos de liga\u00e7\u00e3o de rede.<br \/>\n2. **armazenamento comercial de energia**<br \/>\nGest\u00e3o as cargas m\u00e1ximas e corte os custos em escrit\u00f3rios\/f\u00e1bricas com inversores de liga\u00e7\u00e3o.<br \/>\n3. **For\u00e7a rural fora da rede**<br \/>\nLeve eletricidade para \u00e1reas remotas atrav\u00e9s de inversores h\u00edbridos - armazenamento de bateria.<br \/>\n4. **Pompas de \u00e1gua solar**<br \/>\nDrive agricultural irrigation systems with efficient solar-powered pumps.<br \/>\n5. **Esta\u00e7\u00f5es de carga de EV**<br \/>\nActivar a carga de EV alimentada por energia solar com compatibilidade bidireccional com inversores.<br \/>\n6.<br \/>\nAssurecer opera\u00e7\u00f5es de telecomunica\u00e7\u00f5es 24\/7 com solu\u00e7\u00f5es de inverter fora da rede.<br \/>\n7. **Geradores Solares Port\u00e1veis**<br \/>\nEmer\u00eancias de energia ou atividades ao ar livre atrav\u00e9s de sistemas compactos de inversores.<br \/>\n8. **Marinha &amp; Energia de RV<br \/>\nManter eletr\u00f4nica a bordo em barcos\/RVs com inversores marinhos.<br \/>\n9. **Microgrelhas Industriais**<br \/>\nEstabilizar a energia f\u00e1brica usando inversores de forma\u00e7\u00e3o de rede - integra\u00e7\u00e3o solar.<br \/>\n10. **Farmas Solares Flotantes**<br \/>\nOptimizar o uso de terra com inversores projetados para arrays solares baseados em \u00e1gua.<\/p>","protected":false},"excerpt":{"rendered":"<p>9Pcs de 6,2Kw ou 6Pcs de 11Kw Opera\u00e7\u00e3o Paralela[UNK]Grado Industrial 55,8Kw ou 66Kw Inverter Designed for Large Solar Arrays. fornece 97,5% efici\u00eancia, prote\u00e7\u00e3o Ip21 e suporte de rede din\u00e2mica. Suporta configura\u00e7\u00f5es paralelas para escalabilidade e inclui tecnologia anti-Pid para ampliar a dura\u00e7\u00e3o de vida do painel. Ideal para f\u00e1bricas ou topos comerciais.<\/p>","protected":false},"featured_media":1387,"comment_status":"closed","ping_status":"closed","template":"","meta":{"_acf_changed":false},"product_brand":[],"product_cat":[15],"product_tag":[],"class_list":{"0":"post-1384","1":"product","2":"type-product","3":"status-publish","4":"has-post-thumbnail","6":"product_cat-solar-hybrid-inverter","8":"first","9":"instock","10":"shipping-taxable","11":"product-type-simple"},"acf":[],"_links":{"self":[{"href":"https:\/\/www.soonestpower.com\/pt\/wp-json\/wp\/v2\/product\/1384","targetHints":{"allow":["GET"]}}],"collection":[{"href":"https:\/\/www.soonestpower.com\/pt\/wp-json\/wp\/v2\/product"}],"about":[{"href":"https:\/\/www.soonestpower.com\/pt\/wp-json\/wp\/v2\/types\/product"}],"replies":[{"embeddable":true,"href":"https:\/\/www.soonestpower.com\/pt\/wp-json\/wp\/v2\/comments?post=1384"}],"wp:featuredmedia":[{"embeddable":true,"href":"https:\/\/www.soonestpower.com\/pt\/wp-json\/wp\/v2\/media\/1387"}],"wp:attachment":[{"href":"https:\/\/www.soonestpower.com\/pt\/wp-json\/wp\/v2\/media?parent=1384"}],"wp:term":[{"taxonomy":"product_brand","embeddable":true,"href":"https:\/\/www.soonestpower.com\/pt\/wp-json\/wp\/v2\/product_brand?post=1384"},{"taxonomy":"product_cat","embeddable":true,"href":"https:\/\/www.soonestpower.com\/pt\/wp-json\/wp\/v2\/product_cat?post=1384"},{"taxonomy":"product_tag","embeddable":true,"href":"https:\/\/www.soonestpower.com\/pt\/wp-json\/wp\/v2\/product_tag?post=1384"}],"curies":[{"name":"wp","href":"https:\/\/api.w.org\/{rel}","templated":true}]}}