{"id":1388,"date":"2024-12-24T15:02:11","date_gmt":"2024-12-24T07:02:11","guid":{"rendered":"https:\/\/www.soonestpower.com\/?post_type=product&#038;p=1388"},"modified":"2025-09-20T16:05:57","modified_gmt":"2025-09-20T08:05:57","slug":"soonest-fy-series-hybrid-inverter-1kw-10-2kw-single-phase","status":"publish","type":"product","link":"https:\/\/www.soonestpower.com\/pt\/product\/soonest-fy-series-hybrid-inverter-1kw-10-2kw-single-phase\/","title":{"rendered":"Mais cedo o inversor h\u00edbrido da s\u00e9rie FY 1KW-10.2KW"},"content":{"rendered":"<p><span style=\"font-family: 'arial black', sans-serif;\">Caracter\u00edsticas:<\/span><br \/>\n<span style=\"font-family: 'arial black', sans-serif;\">\u25cf Inverter solar de onda sinuosa pura on\/off Grid\uff09.<\/span><br \/>\n<span style=\"font-family: 'arial black', sans-serif;\">\u25cf Configura\u00e7\u00e3o inteligente do LCD (modos de trabalho, corrente de carga, tens\u00e3o de carga, etc.).<\/span><br \/>\n<span style=\"font-family: 'arial black', sans-serif;\">\u25cf Constru\u00eddo em controlador de carga solar 100A\/120A\/160A MPPT.<\/span><br \/>\n<span style=\"font-family: 'arial black', sans-serif;\">\u25cf Larga gama de tens\u00e3o de entrada PV at\u00e9 450V.<\/span><br \/>\n<span style=\"font-family: 'arial black', sans-serif;\">\u25cf Combinando sistema solar, utilidade AC e fonte de energia de bateria para fornecer energia cont\u00ednua<\/span><br \/>\n<span style=\"font-family: 'arial black', sans-serif;\">\u25cf sobrecarga, curto circuito e protec\u00e7\u00e3o de descarga profunda.<\/span><br \/>\n<span style=\"font-family: 'arial black', sans-serif;\">\u25cf Fun\u00e7\u00e3o de come\u00e7o frio.<\/span><br \/>\n<span style=\"font-family: 'arial black', sans-serif;\">\u25cf Apoio \u00e0 fun\u00e7\u00e3o de monitoramento RS485.<\/span><br \/>\n<span style=\"font-family: 'arial black', sans-serif;\">\u25cf Design inteligente de carga de bateria para otimizar a vida da bateria.<\/span><br \/>\n<span style=\"font-family: 'arial black', sans-serif;\">\u25cf Restaura\u00e7\u00e3o de um clic para as Configura\u00e7\u00f5es da Fabrica.<\/span><\/p>\n<p><span style=\"font-family: 'arial black', sans-serif;\">Aplica\u00e7\u00f5es<\/span><br \/>\n<span style=\"font-family: 'arial black', sans-serif;\">1. **Sistemas de topos residenciais** <\/span><br \/>\n<span style=\"font-family: 'arial black', sans-serif;\">Convertem DC solar para AC para casas, permitindo poupan\u00e7as e energia de aparelhos de liga\u00e7\u00e3o de rede. <\/span><br \/>\n<span style=\"font-family: 'arial black', sans-serif;\">2. **armazenamento comercial de energia** <\/span><br \/>\n<span style=\"font-family: 'arial black', sans-serif;\">Gest\u00e3o as cargas m\u00e1ximas e corte os custos em escrit\u00f3rios\/f\u00e1bricas com inversores de liga\u00e7\u00e3o. <\/span><br \/>\n<span style=\"font-family: 'arial black', sans-serif;\">3. **For\u00e7a rural fora da rede** <\/span><br \/>\n<span style=\"font-family: 'arial black', sans-serif;\">Leve eletricidade para \u00e1reas remotas atrav\u00e9s de inversores h\u00edbridos - armazenamento de bateria. <\/span><br \/>\n<span style=\"font-family: 'arial black', sans-serif;\">4. **Pompas de \u00e1gua solar** <\/span><br \/>\n<span style=\"font-family: 'arial black', sans-serif;\">Drive agricultural irrigation systems with efficient solar-powered pumps. <\/span><br \/>\n<span style=\"font-family: 'arial black', sans-serif;\">5. **Esta\u00e7\u00f5es de carga de EV** <\/span><br \/>\n<span style=\"font-family: 'arial black', sans-serif;\">Activar a carga de EV alimentada por energia solar com compatibilidade bidireccional com inversores. <\/span><br \/>\n<span style=\"font-family: 'arial black', sans-serif;\">6. <\/span><br \/>\n<span style=\"font-family: 'arial black', sans-serif;\">Assurecer opera\u00e7\u00f5es de telecomunica\u00e7\u00f5es 24\/7 com solu\u00e7\u00f5es de inverter fora da rede. <\/span><br \/>\n<span style=\"font-family: 'arial black', sans-serif;\">7. **Geradores Solares Port\u00e1veis** <\/span><br \/>\n<span style=\"font-family: 'arial black', sans-serif;\">Emer\u00eancias de energia ou atividades ao ar livre atrav\u00e9s de sistemas compactos de inversores. <\/span><br \/>\n<span style=\"font-family: 'arial black', sans-serif;\">8. **Marinha &amp; Energia de RV <\/span><br \/>\n<span style=\"font-family: 'arial black', sans-serif;\">Manter eletr\u00f4nica a bordo em barcos\/RVs com inversores marinhos. <\/span><br \/>\n<span style=\"font-family: 'arial black', sans-serif;\">9. **Microgrelhas Industriais** <\/span><br \/>\n<span style=\"font-family: 'arial black', sans-serif;\">Estabilizar a energia f\u00e1brica usando inversores de forma\u00e7\u00e3o de rede - integra\u00e7\u00e3o solar. <\/span><br \/>\n<span style=\"font-family: 'arial black', sans-serif;\">10. **Farmas Solares Flotantes** <\/span><br \/>\n<span style=\"font-family: 'arial black', sans-serif;\">Optimizar o uso de terra com inversores projetados para arrays solares baseados em \u00e1gua.<\/span><\/p>\n<p>&nbsp;<\/p>","protected":false},"excerpt":{"rendered":"<p><span style=\"font-family: arial, helvetica, sans-serif;\">Dealimentar excesso de energia solar e reduzir custos de energia. 99,8% de efici\u00eancia do MPPT, 94% de taxa de convers\u00e3o m\u00e1xima e prote\u00e7\u00e3o avan\u00e7ada (anti-gelo, excesso de tens\u00e3o e aumento do raio). Ideal para instala\u00e7\u00f5es residenciais e comerciais com conex\u00f5es de rede. assegura um desempenho est\u00e1vel em temperaturas extremas (-10 \u00b0 C a 50 \u00b0 C) e pode ser remotamente monitorado atrav\u00e9s do WIFI\/GPRS.<\/span><\/p>","protected":false},"featured_media":1392,"comment_status":"closed","ping_status":"closed","template":"","meta":{"_acf_changed":false},"product_brand":[],"product_cat":[15],"product_tag":[],"class_list":{"0":"post-1388","1":"product","2":"type-product","3":"status-publish","4":"has-post-thumbnail","6":"product_cat-solar-hybrid-inverter","8":"first","9":"instock","10":"shipping-taxable","11":"product-type-simple"},"acf":[],"_links":{"self":[{"href":"https:\/\/www.soonestpower.com\/pt\/wp-json\/wp\/v2\/product\/1388","targetHints":{"allow":["GET"]}}],"collection":[{"href":"https:\/\/www.soonestpower.com\/pt\/wp-json\/wp\/v2\/product"}],"about":[{"href":"https:\/\/www.soonestpower.com\/pt\/wp-json\/wp\/v2\/types\/product"}],"replies":[{"embeddable":true,"href":"https:\/\/www.soonestpower.com\/pt\/wp-json\/wp\/v2\/comments?post=1388"}],"wp:featuredmedia":[{"embeddable":true,"href":"https:\/\/www.soonestpower.com\/pt\/wp-json\/wp\/v2\/media\/1392"}],"wp:attachment":[{"href":"https:\/\/www.soonestpower.com\/pt\/wp-json\/wp\/v2\/media?parent=1388"}],"wp:term":[{"taxonomy":"product_brand","embeddable":true,"href":"https:\/\/www.soonestpower.com\/pt\/wp-json\/wp\/v2\/product_brand?post=1388"},{"taxonomy":"product_cat","embeddable":true,"href":"https:\/\/www.soonestpower.com\/pt\/wp-json\/wp\/v2\/product_cat?post=1388"},{"taxonomy":"product_tag","embeddable":true,"href":"https:\/\/www.soonestpower.com\/pt\/wp-json\/wp\/v2\/product_tag?post=1388"}],"curies":[{"name":"wp","href":"https:\/\/api.w.org\/{rel}","templated":true}]}}