{"id":1396,"date":"2024-12-24T15:10:28","date_gmt":"2024-12-24T07:10:28","guid":{"rendered":"https:\/\/www.soonestpower.com\/?post_type=product&#038;p=1396"},"modified":"2025-09-20T16:20:29","modified_gmt":"2025-09-20T08:20:29","slug":"bateria-de-gel","status":"publish","type":"product","link":"https:\/\/www.soonestpower.com\/pt\/product\/gel-battery\/","title":{"rendered":"SOONEST Deep Cycle AMG\/GEL Solar Battery Rechargeable 12V 100ah 150ah 200ah 250ah Gel Battery"},"content":{"rendered":"<p><span style=\"font-family: 'arial black', sans-serif;\">Caracter\u00edsticas: <\/span><br \/>\n<span style=\"font-family: 'arial black', sans-serif;\">\u25cf  Eletrol\u00edtio gelado feito misturando \u00e1cido sulf\u00farico com fumo de s\u00edlica. <\/span><br \/>\n<span style=\"font-family: 'arial black', sans-serif;\">\u25cf O eletrolito \u00e9 gel como, imobilizado e n\u00e3o vaza,permitindo uma rea\u00e7\u00e3o uniforme de cada parte do prato. <\/span><br \/>\n<span style=\"font-family: 'arial black', sans-serif;\">\u25cf Perfeito de alta alta velocidade devido \u00e0 tecnologia de montagem estreita.<\/span><br \/>\n<span style=\"font-family: 'arial black', sans-serif;\">\u25cf Forte dissipa\u00e7\u00e3o de calor e ampla gama de temperaturas operacionais. <\/span><br \/>\n<span style=\"font-family: 'arial black', sans-serif;\">\u25cf Evita a separa\u00e7\u00e3o de nevoeiro \u00e1cido, a amizade ambiental.<\/span><br \/>\n<span style=\"font-family: 'arial black', sans-serif;\">\u25cf Sistema de ventila\u00e7\u00e3o eficiente libera g\u00e1s excessivo automaticamente. <\/span><\/p>\n<p><span style=\"font-family: 'arial black', sans-serif;\">Aplica\u00e7\u00f5es<\/span><br \/>\n<span style=\"font-family: 'arial black', sans-serif;\">\u25cf Sistema de armazenamento de energia solar e e\u00f3lica. <\/span><br \/>\n<span style=\"font-family: 'arial black', sans-serif;\">\u25cf EPS e UPS bateria de refor\u00e7o. <\/span><br \/>\n<span style=\"font-family: 'arial black', sans-serif;\">\u25cf Sistema de sinais,sistema de ilumina\u00e7\u00e3o de emerg\u00eancia,sistema de seguran\u00e7a. <\/span><br \/>\n<span style=\"font-family: 'arial black', sans-serif;\">\u25cf Equipamento de telecomunica\u00e7\u00e3o. <\/span><br \/>\n<span style=\"font-family: 'arial black', sans-serif;\">\u25cf Centro el\u00e9trico e sistema de transmiss\u00e3o.<\/span><\/p>","protected":false},"excerpt":{"rendered":"<p><span style=\"font-family: arial, helvetica, sans-serif;\">A SOONEST Solar Cell GEL Battery 12V 100AH 150AH 200AH 250AH \u00e9 uma bateria de gel de ciclo profundo pr\u00e9mio projetada para sistemas de energia renov\u00e1vel, incluindo armazenamento de energia solar, e\u00f3lica e for a da rede. Sua tecnologia avan\u00e7ada de eletrolitos de gel assegura desempenho excepcional em temperaturas extremas e ciclos de alta prolongados. Ideal para solu\u00e7\u00f5es de armazenamento de energia residencial e comercial.<\/span><\/p>","protected":false},"featured_media":1404,"comment_status":"closed","ping_status":"closed","template":"","meta":{"_acf_changed":false},"product_brand":[],"product_cat":[78,79],"product_tag":[],"class_list":{"0":"post-1396","1":"product","2":"type-product","3":"status-publish","4":"has-post-thumbnail","6":"product_cat-battery","7":"product_cat-gel-battery","9":"first","10":"instock","11":"shipping-taxable","12":"product-type-simple"},"acf":[],"_links":{"self":[{"href":"https:\/\/www.soonestpower.com\/pt\/wp-json\/wp\/v2\/product\/1396","targetHints":{"allow":["GET"]}}],"collection":[{"href":"https:\/\/www.soonestpower.com\/pt\/wp-json\/wp\/v2\/product"}],"about":[{"href":"https:\/\/www.soonestpower.com\/pt\/wp-json\/wp\/v2\/types\/product"}],"replies":[{"embeddable":true,"href":"https:\/\/www.soonestpower.com\/pt\/wp-json\/wp\/v2\/comments?post=1396"}],"wp:featuredmedia":[{"embeddable":true,"href":"https:\/\/www.soonestpower.com\/pt\/wp-json\/wp\/v2\/media\/1404"}],"wp:attachment":[{"href":"https:\/\/www.soonestpower.com\/pt\/wp-json\/wp\/v2\/media?parent=1396"}],"wp:term":[{"taxonomy":"product_brand","embeddable":true,"href":"https:\/\/www.soonestpower.com\/pt\/wp-json\/wp\/v2\/product_brand?post=1396"},{"taxonomy":"product_cat","embeddable":true,"href":"https:\/\/www.soonestpower.com\/pt\/wp-json\/wp\/v2\/product_cat?post=1396"},{"taxonomy":"product_tag","embeddable":true,"href":"https:\/\/www.soonestpower.com\/pt\/wp-json\/wp\/v2\/product_tag?post=1396"}],"curies":[{"name":"wp","href":"https:\/\/api.w.org\/{rel}","templated":true}]}}