{"id":1405,"date":"2024-12-24T15:14:32","date_gmt":"2024-12-24T07:14:32","guid":{"rendered":"https:\/\/www.soonestpower.com\/?post_type=product&#038;p=1405"},"modified":"2025-09-20T16:53:01","modified_gmt":"2025-09-20T08:53:01","slug":"bateria-de-litio","status":"publish","type":"product","link":"https:\/\/www.soonestpower.com\/pt\/product\/lithium-battery\/","title":{"rendered":"SOONEST Deep Cycle Solar LiFePO4 Battery 12.8V\/25.6V 100ah 150ah 200ah Lithium Ion Battery Rechargeable 12V\/24V Cheap Price LIthium Battery With Best Quality"},"content":{"rendered":"<p><span style=\"font-family: 'arial black', sans-serif;\">Caracter\u00edsticas:<\/span><br \/>\n<span style=\"font-family: 'arial black', sans-serif;\">\u25cf Bateria de l\u00edtio Fosfato de Ferro<\/span><br \/>\n<span style=\"font-family: 'arial black', sans-serif;\">\u25cf Vida de alto ciclo: Usar 100% c\u00e9lulas de bateria de novo grau A, vida de ciclo at\u00e9 6000 <\/span><br \/>\n<span style=\"font-family: 'arial black', sans-serif;\">\u25cf maior densidade energ\u00e9tica, menor volume para casa.<\/span><br \/>\n<span style=\"font-family: 'arial black', sans-serif;\">\u25cf50%  tamanho menor para instala\u00e7\u00e3o mais f\u00e1cil e poupan\u00e7a de espa\u00e7o em sistemas de vento ou solar. <\/span><br \/>\n<span style=\"font-family: 'arial black', sans-serif;\">\u25cf Long Cycle Life: 6.000 ciclos a 80% profundidade de alta (DoD).<\/span><br \/>\n<span style=\"font-family: 'arial black', sans-serif;\">\u25cf &#8220; &#8221; efeito de mem\u00f3ria,&#8221; &#8221; - possibilitando carga parcial sem perda de desempenho. <\/span><br \/>\n<span style=\"font-family: 'arial black', sans-serif;\">\u25cf Sa\u00edda de tens\u00e3o est\u00e1vel mesmo em n\u00edveis de baixa carga. <\/span><br \/>\n<span style=\"font-family: 'arial black', sans-serif;\">\u25cf5- Garantia do Ano: Apoiada por uma d\u00e9cada de garantia de desempenho.<\/span><\/p>\n<p><span style=\"font-family: 'arial black', sans-serif;\">Aplica\u00e7\u00f5es<\/span><br \/>\n<span style=\"font-family: 'arial black', sans-serif;\">\u25cf Sistema de energia solar-vento<\/span><br \/>\n<span style=\"font-family: 'arial black', sans-serif;\">\u25cf Ferramentas de energia: perfura\u00e7\u00f5es el\u00e9tricas, armazenamento de energia de brinquedos<\/span><br \/>\n<span style=\"font-family: 'arial black', sans-serif;\">\u25cf City Grid (On\/Off) Back up solar System e UPS<\/span><br \/>\n<span style=\"font-family: 'arial black', sans-serif;\">\u25cf Seguran\u00e7a e Eletr\u00f4nica, POS m\u00f3vel, Mining Lihgt\/Torch\/LED Light\/Emergency Light<\/span><br \/>\n<span style=\"font-family: 'arial black', sans-serif;\">\u25cf Base Telcom, sistema CATV, Centro de Servidor de Computadores, Medical Instrumnt Outras aplica\u00e7\u00f5es<\/span><\/p>","protected":false},"excerpt":{"rendered":"<p><span style=\"font-family: arial, helvetica, sans-serif;\">Designada para sistemas de energia solar, a bateria de l\u00edtio SOONEST 12V\/24V 100AH 150AH 200AH 250AH substitui baterias de \u00e1cido chumbo em massa com uma solu\u00e7\u00e3o compacta e de alta efici\u00eancia LiFePO4. Perfeito para casas fora da rede, cabinas, inversores solares h\u00edbridos e uso de caravanas. Com seu design ultra leve e alta energia de arranque, ele efetivamente fornece energia para equipamento solar inverter, assegurando energia dom\u00e9stica.<\/span><\/p>","protected":false},"featured_media":1410,"comment_status":"closed","ping_status":"closed","template":"","meta":{"_acf_changed":false},"product_brand":[],"product_cat":[78,80],"product_tag":[],"class_list":{"0":"post-1405","1":"product","2":"type-product","3":"status-publish","4":"has-post-thumbnail","6":"product_cat-battery","7":"product_cat-lithium-battery","9":"first","10":"instock","11":"shipping-taxable","12":"product-type-simple"},"acf":[],"_links":{"self":[{"href":"https:\/\/www.soonestpower.com\/pt\/wp-json\/wp\/v2\/product\/1405","targetHints":{"allow":["GET"]}}],"collection":[{"href":"https:\/\/www.soonestpower.com\/pt\/wp-json\/wp\/v2\/product"}],"about":[{"href":"https:\/\/www.soonestpower.com\/pt\/wp-json\/wp\/v2\/types\/product"}],"replies":[{"embeddable":true,"href":"https:\/\/www.soonestpower.com\/pt\/wp-json\/wp\/v2\/comments?post=1405"}],"wp:featuredmedia":[{"embeddable":true,"href":"https:\/\/www.soonestpower.com\/pt\/wp-json\/wp\/v2\/media\/1410"}],"wp:attachment":[{"href":"https:\/\/www.soonestpower.com\/pt\/wp-json\/wp\/v2\/media?parent=1405"}],"wp:term":[{"taxonomy":"product_brand","embeddable":true,"href":"https:\/\/www.soonestpower.com\/pt\/wp-json\/wp\/v2\/product_brand?post=1405"},{"taxonomy":"product_cat","embeddable":true,"href":"https:\/\/www.soonestpower.com\/pt\/wp-json\/wp\/v2\/product_cat?post=1405"},{"taxonomy":"product_tag","embeddable":true,"href":"https:\/\/www.soonestpower.com\/pt\/wp-json\/wp\/v2\/product_tag?post=1405"}],"curies":[{"name":"wp","href":"https:\/\/api.w.org\/{rel}","templated":true}]}}