{"id":1417,"date":"2024-12-24T15:27:59","date_gmt":"2024-12-24T07:27:59","guid":{"rendered":"https:\/\/www.soonestpower.com\/?post_type=product&#038;p=1417"},"modified":"2025-09-23T15:56:11","modified_gmt":"2025-09-23T07:56:11","slug":"outras-baterias-de-litio","status":"publish","type":"product","link":"https:\/\/www.soonestpower.com\/pt\/product\/other-lithium-batteries\/","title":{"rendered":"SOONEST Lithium Ion Battery Pack 48V\/51.2V 100AH 200AH 500AH Lifepo4 5Kwh 15Kwh 20Kwh 30Kwh 17.5Kwh Home Solar Powered Energy Storage Battery"},"content":{"rendered":"<p><span style=\"font-family: 'arial black', sans-serif;\">Caracter\u00edsticas:<\/span><br \/>\n<span style=\"font-family: 'arial black', sans-serif;\">\u25cf Bateria de l\u00edtio Fosfato de Ferro<\/span><br \/>\n<span style=\"font-family: 'arial black', sans-serif;\">\u25cf Apoio conectado em modo paralelo para expans\u00e3o<\/span><br \/>\n<span style=\"font-family: 'arial black', sans-serif;\">\u25cf maior densidade energ\u00e9tica, menor volume para casa.<\/span><br \/>\n<span style=\"font-family: 'arial black', sans-serif;\">\u25cf  Sistema fotovoltaico: Esta bateria \u00e9 projetada para sistemas fotovoltaicos dom\u00e9sticos<\/span><br \/>\n<span style=\"font-family: 'arial black', sans-serif;\">\u25cf Sistema de gest\u00e3o da bateria (BMS): Os pacotes de bateria incorporados BMS monitoram seu funcionamento e impedem a bateria de funcionar fora das limita\u00e7\u00f5es de design.<\/span><br \/>\n<span style=\"font-family: 'arial black', sans-serif;\">\u25cf Expandabilidade: Este pacote de bateria pode ser facilmente expandido adicionando pacotes de bateria de expans\u00e3o em conex\u00e3o paralela.<\/span><br \/>\n<span style=\"font-family: 'arial black', sans-serif;\">\u25cf Long Cycle Life: 6.000 ciclos a 80% profundidade de alta (DoD).<\/span><br \/>\n<span style=\"font-family: 'arial black', sans-serif;\">\u25cf5- Garantia do Ano: Apoiada por uma d\u00e9cada de garantia de desempenho.<\/span><\/p>\n<p><span style=\"font-family: 'arial black', sans-serif;\">Aplica\u00e7\u00f5es<\/span><br \/>\n<span style=\"font-family: 'arial black', sans-serif;\">\u25cf Almacenamento de Energia Solar \u2013 Almacenamento de energia solar para casas e redes com alta efici\u00eancia.<\/span><br \/>\n<span style=\"font-family: 'arial black', sans-serif;\">\u25cf Dispositivos M\u00e9dicos \u2013 Energia confi\u00e1vel para ventiladores, monitores e equipamento port\u00e1til.<\/span><br \/>\n<span style=\"font-family: 'arial black', sans-serif;\">\u25cf Drones &amp; UAVs - alta densidade de energia para miss\u00f5es a\u00e9reas extensas.<\/span><br \/>\n<span style=\"font-family: 'arial black', sans-serif;\">\u25cf Sistemas Marinhos \u2013 energia resistente \u00e0 corros\u00e3o para barcos e equipamentos submarinos.<\/span><br \/>\n<span style=\"font-family: 'arial black', sans-serif;\">\u25cf Robots Industriais \u2013 solu\u00e7\u00f5es de carga r\u00e1pida para m\u00e1quinas automatizadas.<\/span><br \/>\n<span style=\"font-family: 'arial black', sans-serif;\">\u25cf UPS Backup Systems \u2013 Energia instant\u00e2nea para centros de dados e infraestrutura cr\u00edtica.<\/span><\/p>","protected":false},"excerpt":{"rendered":"<p><span style=\"font-family: arial, helvetica, sans-serif;\">O l\u00edtio SOONEST \u00e9 uma bateria de f\u00f3sforo de ferro de l\u00edtio de alto desempenho 51,2 projetada para Solar ou Home, oferecendo caracter\u00edsticas avan\u00e7adas de seguran\u00e7a, conectividade Bluetooth e uma garantia de 5 anos de lideran\u00e7a da ind\u00fastria. Seu design livre de manuten\u00e7\u00e3o e robusto armazenamento de energia (5kWh, 10kwh, 15kwh, 17.5kwh, 20kwh, 25kwh e mais de 50kwh) asseguram opera\u00e7\u00e3o de longa dist\u00e2ncia e confiabilidade em temperaturas extremas, tornando-a ideal para aplica\u00e7\u00f5es comerciais e do Sistema Solar Dom\u00e9stico, assegura um refor\u00e7o de energia confi\u00e1vel para aparelhos dom\u00e9sticos, ilumina\u00e7\u00e3o, etc.<\/span><\/p>","protected":false},"featured_media":1427,"comment_status":"closed","ping_status":"closed","template":"","meta":{"_acf_changed":false},"product_brand":[],"product_cat":[78,80],"product_tag":[],"class_list":{"0":"post-1417","1":"product","2":"type-product","3":"status-publish","4":"has-post-thumbnail","6":"product_cat-battery","7":"product_cat-lithium-battery","9":"first","10":"instock","11":"shipping-taxable","12":"product-type-simple"},"acf":[],"_links":{"self":[{"href":"https:\/\/www.soonestpower.com\/pt\/wp-json\/wp\/v2\/product\/1417","targetHints":{"allow":["GET"]}}],"collection":[{"href":"https:\/\/www.soonestpower.com\/pt\/wp-json\/wp\/v2\/product"}],"about":[{"href":"https:\/\/www.soonestpower.com\/pt\/wp-json\/wp\/v2\/types\/product"}],"replies":[{"embeddable":true,"href":"https:\/\/www.soonestpower.com\/pt\/wp-json\/wp\/v2\/comments?post=1417"}],"wp:featuredmedia":[{"embeddable":true,"href":"https:\/\/www.soonestpower.com\/pt\/wp-json\/wp\/v2\/media\/1427"}],"wp:attachment":[{"href":"https:\/\/www.soonestpower.com\/pt\/wp-json\/wp\/v2\/media?parent=1417"}],"wp:term":[{"taxonomy":"product_brand","embeddable":true,"href":"https:\/\/www.soonestpower.com\/pt\/wp-json\/wp\/v2\/product_brand?post=1417"},{"taxonomy":"product_cat","embeddable":true,"href":"https:\/\/www.soonestpower.com\/pt\/wp-json\/wp\/v2\/product_cat?post=1417"},{"taxonomy":"product_tag","embeddable":true,"href":"https:\/\/www.soonestpower.com\/pt\/wp-json\/wp\/v2\/product_tag?post=1417"}],"curies":[{"name":"wp","href":"https:\/\/api.w.org\/{rel}","templated":true}]}}