{"id":1428,"date":"2024-12-24T15:33:06","date_gmt":"2024-12-24T07:33:06","guid":{"rendered":"https:\/\/www.soonestpower.com\/?post_type=product&#038;p=1428"},"modified":"2025-09-23T16:05:32","modified_gmt":"2025-09-23T08:05:32","slug":"serie-aio","status":"publish","type":"product","link":"https:\/\/www.soonestpower.com\/pt\/product\/aio-series\/","title":{"rendered":"SOONEST Hybrid Inverter With Battery All-in-One 5kw\/10kw\/15kw\/20kw Solar Storage AIO 48V\/51.2V Lifepo4 Lithium Battery IP55 with Smart BMS Home Energy Storage System"},"content":{"rendered":"<p><span style=\"font-family: 'arial black', sans-serif;\">Caracter\u00edsticas:<\/span><br \/>\n<span style=\"font-family: 'arial black', sans-serif;\">1. **alta efici\u00eancia** <\/span><br \/>\n<span style=\"font-family: 'arial black', sans-serif;\">&#8211; Converte energia solar DC para AC com **95-98% efici\u00eancia**, reduzindo perda de energia. <\/span><br \/>\n<span style=\"font-family: 'arial black', sans-serif;\">&#8211; O MPPT integrado otimiza a sa\u00edda do painel solar. <\/span><br \/>\n<span style=\"font-family: 'arial black', sans-serif;\">2. **Integra\u00e7\u00e3o da Bateria de L\u00edtio** <\/span><br \/>\n<span style=\"font-family: 'arial black', sans-serif;\">&#8211; - Baterias constru\u00eddas no LiFePO4 com **6.000 ciclos** a 80% profundidade de descarga (DoD). <\/span><br \/>\n<span style=\"font-family: 'arial black', sans-serif;\">&#8211; O design modular permite a expans\u00e3o da capacidade (por exemplo, 5kWh a 20kWh). <\/span><br \/>\n<span style=\"font-family: 'arial black', sans-serif;\">3. **Gest\u00e3o Inteligente da Energia** <\/span><br \/>\n<span style=\"font-family: 'arial black', sans-serif;\">&#8211; - Monitoriza\u00e7\u00e3o em tempo real via Wi-Fi\/Bluetooth e compatibilidade com **RS485\/RS232, protocolos BMS**. <\/span><br \/>\n<span style=\"font-family: 'arial black', sans-serif;\">&#8211; Mudan\u00e7a autom\u00e1tica entre modo de rede, solar e bateria para energia n\u00e3o interrompida. <\/span><br \/>\n<span style=\"font-family: 'arial black', sans-serif;\">4. **Durabilidade e - Seguran\u00e7a <\/span><br \/>\n<span style=\"font-family: 'arial black', sans-serif;\">&#8211; Apertura classificada IP65 para resist\u00eancia ao p\u00f3\/\u00e1gua. <\/span><br \/>\n<span style=\"font-family: 'arial black', sans-serif;\">&#8211; BMS (Sistema de Gest\u00e3o da Bateria) constru\u00eddo para sobrecarga, sobrecarga e prote\u00e7\u00e3o t\u00e9rmica. <\/span><br \/>\n<span style=\"font-family: 'arial black', sans-serif;\">5. **Escalabilidade** <\/span><br \/>\n<span style=\"font-family: 'arial black', sans-serif;\">&#8211; Suporta conex\u00e3o paralela para maiores demandas de energia (por exemplo, uso industrial).<\/span><\/p>\n<p><span style=\"font-family: 'arial black', sans-serif;\">Aplica\u00e7\u00f5es<\/span><br \/>\n<span style=\"font-family: 'arial black', sans-serif;\">1. **Sistemas de topos residenciais** <\/span><br \/>\n<span style=\"font-family: 'arial black', sans-serif;\">Convertem DC solar para AC para casas, permitindo poupan\u00e7as e energia de aparelhos de liga\u00e7\u00e3o de rede. <\/span><br \/>\n<span style=\"font-family: 'arial black', sans-serif;\">2. **armazenamento comercial de energia** <\/span><br \/>\n<span style=\"font-family: 'arial black', sans-serif;\">Gest\u00e3o as cargas m\u00e1ximas e corte os custos em escrit\u00f3rios\/f\u00e1bricas com inversores de liga\u00e7\u00e3o. <\/span><br \/>\n<span style=\"font-family: 'arial black', sans-serif;\">3. **For\u00e7a rural fora da rede** <\/span><br \/>\n<span style=\"font-family: 'arial black', sans-serif;\">Leve eletricidade para \u00e1reas remotas atrav\u00e9s de inversores h\u00edbridos - armazenamento de bateria. <\/span><br \/>\n<span style=\"font-family: 'arial black', sans-serif;\">4. **Pompas de \u00e1gua solar** <\/span><br \/>\n<span style=\"font-family: 'arial black', sans-serif;\">Drive agricultural irrigation systems with efficient solar-powered pumps. <\/span><br \/>\n<span style=\"font-family: 'arial black', sans-serif;\">5. <\/span><br \/>\n<span style=\"font-family: 'arial black', sans-serif;\">Assurecer opera\u00e7\u00f5es de telecomunica\u00e7\u00f5es 24\/7 com solu\u00e7\u00f5es de inverter fora da rede. <\/span><br \/>\n<span style=\"font-family: 'arial black', sans-serif;\">6. **Geradores Solares Port\u00e1veis** <\/span><br \/>\n<span style=\"font-family: 'arial black', sans-serif;\">Emer\u00eancias de energia ou atividades ao ar livre atrav\u00e9s de sistemas compactos de inversores. <\/span><br \/>\n<span style=\"font-family: 'arial black', sans-serif;\">7. **Marinha &amp; Energia de RV <\/span><br \/>\n<span style=\"font-family: 'arial black', sans-serif;\">Manter eletr\u00f4nica a bordo em barcos\/RVs com inversores marinhos. <\/span><br \/>\n<span style=\"font-family: 'arial black', sans-serif;\">8. **Microgrelhas Industriais** <\/span><br \/>\n<span style=\"font-family: 'arial black', sans-serif;\">Estabilizar a energia f\u00e1brica usando inversores de forma\u00e7\u00e3o de rede - integra\u00e7\u00e3o solar. <\/span><br \/>\n<span style=\"font-family: 'arial black', sans-serif;\">9. **Farmas Solares Flotantes** <\/span><br \/>\n<span style=\"font-family: 'arial black', sans-serif;\">Optimizar o uso de terra com inversores projetados para arrays solares baseados em \u00e1gua. <\/span><br \/>\n<span style=\"font-family: 'arial black', sans-serif;\">10. **Telecom &amp; Infraestrutura remota <\/span><br \/>\n<span style=\"font-family: 'arial black', sans-serif;\">Activa torres de telecomunica\u00e7\u00f5es e sistemas de monitoramento em locais fora da rede. <\/span><\/p>","protected":false},"excerpt":{"rendered":"<p>SOONEST AIO Series, sistemas integrados solarmente combinam um inverter h\u00edbrido e bateria de l\u00edtio em uma \u00fanica unidade, projetados para convers\u00e3o, armazenamento e gest\u00e3o eficientes de energia em aplica\u00e7\u00f5es solares for a da rede ou ligadas \u00e0 rede. Esses sistemas otimizam a utiliza\u00e7\u00e3o da energia solar com necessidades m\u00ednimas de espa\u00e7o e maior confiabilidade.<\/p>","protected":false},"featured_media":1436,"comment_status":"closed","ping_status":"closed","template":"","meta":{"_acf_changed":false},"product_brand":[],"product_cat":[81],"product_tag":[],"class_list":{"0":"post-1428","1":"product","2":"type-product","3":"status-publish","4":"has-post-thumbnail","6":"product_cat-aio","8":"first","9":"instock","10":"shipping-taxable","11":"product-type-simple"},"acf":[],"_links":{"self":[{"href":"https:\/\/www.soonestpower.com\/pt\/wp-json\/wp\/v2\/product\/1428","targetHints":{"allow":["GET"]}}],"collection":[{"href":"https:\/\/www.soonestpower.com\/pt\/wp-json\/wp\/v2\/product"}],"about":[{"href":"https:\/\/www.soonestpower.com\/pt\/wp-json\/wp\/v2\/types\/product"}],"replies":[{"embeddable":true,"href":"https:\/\/www.soonestpower.com\/pt\/wp-json\/wp\/v2\/comments?post=1428"}],"wp:featuredmedia":[{"embeddable":true,"href":"https:\/\/www.soonestpower.com\/pt\/wp-json\/wp\/v2\/media\/1436"}],"wp:attachment":[{"href":"https:\/\/www.soonestpower.com\/pt\/wp-json\/wp\/v2\/media?parent=1428"}],"wp:term":[{"taxonomy":"product_brand","embeddable":true,"href":"https:\/\/www.soonestpower.com\/pt\/wp-json\/wp\/v2\/product_brand?post=1428"},{"taxonomy":"product_cat","embeddable":true,"href":"https:\/\/www.soonestpower.com\/pt\/wp-json\/wp\/v2\/product_cat?post=1428"},{"taxonomy":"product_tag","embeddable":true,"href":"https:\/\/www.soonestpower.com\/pt\/wp-json\/wp\/v2\/product_tag?post=1428"}],"curies":[{"name":"wp","href":"https:\/\/api.w.org\/{rel}","templated":true}]}}