{"id":1437,"date":"2024-12-24T15:37:45","date_gmt":"2024-12-24T07:37:45","guid":{"rendered":"https:\/\/www.soonestpower.com\/?post_type=product&#038;p=1437"},"modified":"2025-09-23T16:14:30","modified_gmt":"2025-09-23T08:14:30","slug":"mais-cedo-mono-a-350w-450w-550w-575w-585w-painel-de-energia-solar-fotovoltaica","status":"publish","type":"product","link":"https:\/\/www.soonestpower.com\/pt\/product\/soonest-mono-a-350w-450w-550w-575w-585w-photovoltaic-solar-power-panel\/","title":{"rendered":"Mais cedo mono A 350W 450W 550W 575W 585W Painel de energia solar fotovoltaica"},"content":{"rendered":"<p><span style=\"font-family: 'arial black', sans-serif;\">Caracter\u00edsticas:<\/span><br \/>\n<span style=\"font-family: 'arial black', sans-serif;\">1. c\u00e9lulas monocristalinas de alta efici\u00eancia; <\/span><br \/>\n<span style=\"font-family: 'arial black', sans-serif;\">2. Design ligeiro e port\u00e1til; <\/span><br \/>\n<span style=\"font-family: 'arial black', sans-serif;\">3. Resistente ao tempo (IP68 waterproof); <\/span><br \/>\n<span style=\"font-family: 'arial black', sans-serif;\">4. pain\u00e9is flex\u00edveis e dobr\u00e1veis; <\/span><br \/>\n<span style=\"font-family: 'arial black', sans-serif;\">5. Captura anti-reflexiva; <\/span><br \/>\n<span style=\"font-family: 'arial black', sans-serif;\">6. Instala\u00e7\u00e3o de plug-and-play f\u00e1cil; <\/span><br \/>\n<span style=\"font-family: 'arial black', sans-serif;\">7. Controlador de carga constru\u00eddo; <\/span><br \/>\n<span style=\"font-family: 'arial black', sans-serif;\">8. Superf\u00edcie de vidro temperado duradoura; <\/span><br \/>\n<span style=\"font-family: 'arial black', sans-serif;\">9. Alta taxa de convers\u00e3o de energia (&gt;22%); <\/span><br \/>\n<span style=\"font-family: 'arial black', sans-serif;\">10. Optimiza\u00e7\u00e3o de desempenho de baixa luz.<\/span><\/p>\n<p><span style=\"font-family: 'arial black', sans-serif;\">Aplica\u00e7\u00f5es<\/span><br \/>\n<span style=\"font-family: 'arial black', sans-serif;\">1. Gera\u00e7\u00e3o de energia no telhado residencial; <\/span><br \/>\n<span style=\"font-family: 'arial black', sans-serif;\">2. Energia de acampamento\/refor\u00e7o fora da rede; <\/span><br \/>\n<span style=\"font-family: 'arial black', sans-serif;\">3. ilumina\u00e7\u00e3o solar de rua; <\/span><br \/>\n<span style=\"font-family: 'arial black', sans-serif;\">4. Sistemas agr\u00edcolas de irriga\u00e7\u00e3o; <\/span><br \/>\n<span style=\"font-family: 'arial black', sans-serif;\">5. Cargar EV\/dispositivos port\u00e1tiis; <\/span><br \/>\n<span style=\"font-family: 'arial black', sans-serif;\">6. Solu\u00e7\u00f5es de energia marinha\/RV; <\/span><br \/>\n<span style=\"font-family: 'arial black', sans-serif;\">7. Farmas solares industriais; <\/span><br \/>\n<span style=\"font-family: 'arial black', sans-serif;\">8. Fornecimento de energia de socorro de desastres; <\/span><br \/>\n<span style=\"font-family: 'arial black', sans-serif;\">9. Gest\u00e3o da energia com efeito de estufa; <\/span><br \/>\n<span style=\"font-family: 'arial black', sans-serif;\">10. Soporte de rede de sensores IoT.<\/span><\/p>","protected":false},"excerpt":{"rendered":"<p><span style=\"font-family: arial, helvetica, sans-serif;\">O painel solar SOONEST \u00e9 um dispositivo que transforma energia solar em energia el\u00e9trica, geralmente feito de materiais semicondutores como sil\u00edcio, que pode gerar eletricidade atrav\u00e9s do efeito fotovoltaico. Os pain\u00e9is solares s\u00e3o amplamente utilizados na vida moderna, como parte de sistemas de energia independentes ou conectados \u00e0 rede, fornecendo energia limpa para as fam\u00edlias e as ind\u00fastrias. Elevar seus projetos de energia verde com pain\u00e9is solares monocristalinos de tipo N mais cedo! Estes m\u00f3dulos Pv de alta performance, de vidro \u00fanico s\u00e3o concebidos para maximizar sua produ\u00e7\u00e3o de energia renov\u00e1vel, carregando uma efici\u00eancia impressionante de 22,85%. Com op\u00e7\u00f5es incluindo 350W 450W 550W 575W 585W, personalize sua solu\u00e7\u00e3o solar para ajustar as necessidades \u00fanicas das instala\u00e7\u00f5es residenciais e comerciais. Ideal para configura\u00e7\u00f5es de topos de cima, estes pain\u00e9is excelem em \u00e1reas com reflex\u00e3o de luz m\u00ednima para nenhuma terra, garantindo durabilidade e cobertura de garantias extensas \u2013 25 anos para materiais e 30 anos n\u00e3o paralelos para produ\u00e7\u00e3o de energia. Escolha mais cedo para sua pr\u00f3xima aventura solar e segure economias consider\u00e1veis na eletricidade com nossa tecnologia solar de bordo cortador.<\/span><\/p>","protected":false},"featured_media":1443,"comment_status":"closed","ping_status":"closed","template":"","meta":{"_acf_changed":false},"product_brand":[],"product_cat":[86],"product_tag":[],"class_list":{"0":"post-1437","1":"product","2":"type-product","3":"status-publish","4":"has-post-thumbnail","6":"product_cat-solar-panel","8":"first","9":"instock","10":"shipping-taxable","11":"product-type-simple"},"acf":[],"_links":{"self":[{"href":"https:\/\/www.soonestpower.com\/pt\/wp-json\/wp\/v2\/product\/1437","targetHints":{"allow":["GET"]}}],"collection":[{"href":"https:\/\/www.soonestpower.com\/pt\/wp-json\/wp\/v2\/product"}],"about":[{"href":"https:\/\/www.soonestpower.com\/pt\/wp-json\/wp\/v2\/types\/product"}],"replies":[{"embeddable":true,"href":"https:\/\/www.soonestpower.com\/pt\/wp-json\/wp\/v2\/comments?post=1437"}],"wp:featuredmedia":[{"embeddable":true,"href":"https:\/\/www.soonestpower.com\/pt\/wp-json\/wp\/v2\/media\/1443"}],"wp:attachment":[{"href":"https:\/\/www.soonestpower.com\/pt\/wp-json\/wp\/v2\/media?parent=1437"}],"wp:term":[{"taxonomy":"product_brand","embeddable":true,"href":"https:\/\/www.soonestpower.com\/pt\/wp-json\/wp\/v2\/product_brand?post=1437"},{"taxonomy":"product_cat","embeddable":true,"href":"https:\/\/www.soonestpower.com\/pt\/wp-json\/wp\/v2\/product_cat?post=1437"},{"taxonomy":"product_tag","embeddable":true,"href":"https:\/\/www.soonestpower.com\/pt\/wp-json\/wp\/v2\/product_tag?post=1437"}],"curies":[{"name":"wp","href":"https:\/\/api.w.org\/{rel}","templated":true}]}}