{"id":1451,"date":"2024-12-24T15:46:33","date_gmt":"2024-12-24T07:46:33","guid":{"rendered":"https:\/\/www.soonestpower.com\/?post_type=product&#038;p=1451"},"modified":"2025-09-23T17:28:36","modified_gmt":"2025-09-23T09:28:36","slug":"bomba-solar","status":"publish","type":"product","link":"https:\/\/www.soonestpower.com\/pt\/product\/solar-pump\/","title":{"rendered":"Bomba solar AC\/DC &#8211; - Bomba de \u00e1gua solar de irriga\u00e7\u00e3o poderosa de alta cabe\u00e7a"},"content":{"rendered":"<p><span style=\"font-family: 'arial black', sans-serif;\">Caracter\u00edsticas:<\/span><br \/>\n<span style=\"font-family: 'arial black', sans-serif;\">1. **Motor magn\u00e9tico permanente sem pincel DC** para alta efici\u00eancia (at\u00e9 25% de poupan\u00e7a de energia). <\/span><br \/>\n<span style=\"font-family: 'arial black', sans-serif;\">2. **Opera\u00e7\u00e3o sem bateria** com energia solar direta, reduzindo manuten\u00e7\u00e3o e custos. <\/span><br \/>\n<span style=\"font-family: 'arial black', sans-serif;\">3. **MPPT autom\u00e1tico (Maximum Power Point Tracking)** para convers\u00e3o \u00f3ptima de energia. <\/span><br \/>\n<span style=\"font-family: 'arial black', sans-serif;\">4. **Protec\u00e7\u00e3o \u00e0 seca e sobrecarga** para assegurar a longevidade do sistema. <\/span><br \/>\n<span style=\"font-family: 'arial black', sans-serif;\">5. **Componentes selados ambientalmente** (por exemplo, e stator\/rotor de resina) para durabilidade em condi\u00e7\u00f5es dif\u00edceis. <\/span><br \/>\n<span style=\"font-family: 'arial black', sans-serif;\">6. **Desenhos ligeiros e port\u00e1tiis** com pain\u00e9is solares dobr\u00e1veis para aplica\u00e7\u00f5es m\u00f3veis. <\/span><br \/>\n<span style=\"font-family: 'arial black', sans-serif;\">7. **Mantenimento baixo** com bearings lubricados com \u00e1gua e opera\u00e7\u00e3o sem petr\u00f3leo. <\/span><br \/>\n<span style=\"font-family: 'arial black', sans-serif;\">8. ** Capacidades de alta cabe\u00e7a e alto fluxo** (at\u00e9 320m de cabe\u00e7a, fluxo de 700m\u00b3\/ h). <\/span><br \/>\n<span style=\"font-family: 'arial black', sans-serif;\">9. **Compatibilidade com sistemas h\u00edbridos AC\/DC** para refor\u00e7o da rede. <\/span><br \/>\n<span style=\"font-family: 'arial black', sans-serif;\">10. **IP68 waterproof rating** para ambientes marinhos ou suscept\u00edveis de inunda\u00e7\u00f5es. <\/span><\/p>\n<p><span style=\"font-family: 'arial black', sans-serif;\">Aplica\u00e7\u00f5es: <\/span><br \/>\n<span style=\"font-family: 'arial black', sans-serif;\">1. **irriga\u00e7\u00e3o agr\u00edcola** para culturas em \u00e1reas remotas ou fora da rede. <\/span><br \/>\n<span style=\"font-family: 'arial black', sans-serif;\">2. **Agua\u00e7\u00e3o de animais** em pastos ou fazendas rurais. <\/span><br \/>\n<span style=\"font-family: 'arial black', sans-serif;\">3. **Fornecimento de \u00e1gua residencial** para fam\u00edlias sem acesso \u00e0 rede. <\/span><br \/>\n<span style=\"font-family: 'arial black', sans-serif;\">4. **Controlo do deserto** atrav\u00e9s da entrega sustent\u00e1vel de \u00e1gua para a floresta\u00e7\u00e3o. <\/span><br \/>\n<span style=\"font-family: 'arial black', sans-serif;\">5. **Fornecimento de \u00e1gua de emerg\u00eancia** em cen\u00e1rios de socorro de desastres. <\/span><br \/>\n<span style=\"font-family: 'arial black', sans-serif;\">6. ** sistemas de \u00e1gua** para barcos ou casas m\u00f3veis. <\/span><br \/>\n<span style=\"font-family: 'arial black', sans-serif;\">7. **Desenvolvimento urbano** (por exemplo, fontes, parques) usando bombas de energia solar. <\/span><br \/>\n<span style=\"font-family: 'arial black', sans-serif;\">8. **Circula\u00e7\u00e3o da piscina** com solu\u00e7\u00f5es solares eficientes em energia. <\/span><br \/>\n<span style=\"font-family: 'arial black', sans-serif;\">9. **Desalina\u00e7\u00e3o de \u00e1gua do mar** nas regi\u00f5es costeiras. <\/span><br \/>\n<span style=\"font-family: 'arial black', sans-serif;\">10. **Gest\u00e3o industrial da \u00e1gua** para f\u00e1bricas ou locais mineiros. <\/span><\/p>","protected":false},"excerpt":{"rendered":"<p><span style=\"font-family: arial, helvetica, sans-serif;\">Pumpas solares dependem de eletricidade gerada por pain\u00e9is fotovoltaicos (Pv) ou calor radiante obtido de luz solar coletada para operar, em vez de energia de rede ou bombas de \u00e1gua alimentada por diesel. Bombas solares consistem em arrastres de painel solar, controladores de carga solar, bombas de \u00e1gua Dc, caixas de fuso\/quebradores, fios e tanques de armazenamento de \u00e1gua, tornando-as mais econ\u00f4micas principalmente por causa de seus custos mais baixos de funcionamento e manuten\u00e7\u00e3o.<\/span><\/p>","protected":false},"featured_media":1452,"comment_status":"closed","ping_status":"closed","template":"","meta":{"_acf_changed":false},"product_brand":[],"product_cat":[82,85],"product_tag":[],"class_list":{"0":"post-1451","1":"product","2":"type-product","3":"status-publish","4":"has-post-thumbnail","6":"product_cat-home-applications","7":"product_cat-solar-pump","9":"first","10":"instock","11":"shipping-taxable","12":"product-type-simple"},"acf":[],"_links":{"self":[{"href":"https:\/\/www.soonestpower.com\/pt\/wp-json\/wp\/v2\/product\/1451","targetHints":{"allow":["GET"]}}],"collection":[{"href":"https:\/\/www.soonestpower.com\/pt\/wp-json\/wp\/v2\/product"}],"about":[{"href":"https:\/\/www.soonestpower.com\/pt\/wp-json\/wp\/v2\/types\/product"}],"replies":[{"embeddable":true,"href":"https:\/\/www.soonestpower.com\/pt\/wp-json\/wp\/v2\/comments?post=1451"}],"wp:featuredmedia":[{"embeddable":true,"href":"https:\/\/www.soonestpower.com\/pt\/wp-json\/wp\/v2\/media\/1452"}],"wp:attachment":[{"href":"https:\/\/www.soonestpower.com\/pt\/wp-json\/wp\/v2\/media?parent=1451"}],"wp:term":[{"taxonomy":"product_brand","embeddable":true,"href":"https:\/\/www.soonestpower.com\/pt\/wp-json\/wp\/v2\/product_brand?post=1451"},{"taxonomy":"product_cat","embeddable":true,"href":"https:\/\/www.soonestpower.com\/pt\/wp-json\/wp\/v2\/product_cat?post=1451"},{"taxonomy":"product_tag","embeddable":true,"href":"https:\/\/www.soonestpower.com\/pt\/wp-json\/wp\/v2\/product_tag?post=1451"}],"curies":[{"name":"wp","href":"https:\/\/api.w.org\/{rel}","templated":true}]}}